{"id":37637,"date":"2025-02-20T22:38:31","date_gmt":"2025-02-20T22:38:31","guid":{"rendered":"http:\/\/olemosaic.com\/producto\/4-bols-de-coco-de-13-x-6-cm-mosaico-barcelona\/"},"modified":"2025-07-25T19:59:38","modified_gmt":"2025-07-25T17:59:38","slug":"4-tacas-de-coco-de-13-x-6-cm-mosaico-barcelona","status":"publish","type":"product","link":"https:\/\/olemosaic.com\/pt-pt\/produto\/4-tacas-de-coco-de-13-x-6-cm-mosaico-barcelona\/","title":{"rendered":"4 Ta\u00e7as de coco de 13 x 6 cm. Mosaico. Barcelona."},"content":{"rendered":"<p>Conjunto de 4 ta\u00e7as de coco de 13 x 6 cm com design de mosaico inspirado em Barcelona. Cada ta\u00e7a apresenta um interior vibrante decorado com fragmentos coloridos em tons de azul, rosa, amarelo e roxo, al\u00e9m de um log\u00f3tipo distintivo com a palavra \u201cBarcelona\u201d. Este elegante conjunto \u00e9 ideal tanto para servir aperitivos \u00e0 mesa como para adicionar um toque art\u00edstico \u00e0 decora\u00e7\u00e3o da casa. A est\u00e9tica do mosaico n\u00e3o s\u00f3 evoca a rica heran\u00e7a cultural de Barcelona, como tamb\u00e9m recorda a influ\u00eancia do famoso arquiteto Antoni Gaud\u00ed, conhecido pelo seu uso inovador da cor e das formas.<\/p>\n<p>Cada ta\u00e7a \u00e9 elaborada com cuidado e aten\u00e7\u00e3o ao detalhe, garantindo n\u00e3o s\u00f3 funcionalidade, mas tamb\u00e9m um impacto visual atraente que cativar\u00e1 qualquer visitante. O seu design contempor\u00e2neo e colorido torna-as perfeitas para quem procura recorda\u00e7\u00f5es distintivas que representem a ess\u00eancia da cidade condal. Sendo uma pe\u00e7a representativa da cultura catal\u00e3, este conjunto de ta\u00e7as de coco torna-se uma recorda\u00e7\u00e3o aut\u00eantica e significativa para quem visita Barcelona. Na Ol\u00e9 Mosaic, somos l\u00edderes na distribui\u00e7\u00e3o de recorda\u00e7\u00f5es por grosso, e estas encantadoras ta\u00e7as s\u00e3o uma op\u00e7\u00e3o excecional para lojas de presentes tur\u00edsticos que desejem oferecer produtos \u00fanicos e cheios de hist\u00f3ria. Este conjunto de recorda\u00e7\u00f5es de Barcelona \u00e9 ideal para quem procura levar um pedacinho da vibrante cultura espanhola para casa.<\/p>\n","protected":false},"excerpt":{"rendered":"<p>Conjunto de quatro ta\u00e7as de coco de 13 x 6 cm com um design de mosaico vibrante inspirado em Barcelona. Cada ta\u00e7a apresenta um interior decorado com fragmentos coloridos em tons de azul, rosa, amarelo e roxo, al\u00e9m de um log\u00f3tipo distintivo com a palavra &#8220;Barcelona&#8221;. Este belo conjunto, ideal para servir aperitivos ou decorar a sua casa, captura a ess\u00eancia da arte e da cultura da cidade condal, combinando funcionalidade e est\u00e9tica num design atraente e exclusivo.<\/p>\n","protected":false},"featured_media":14210,"template":"","meta":{"_acf_changed":false},"product_brand":[],"product_cat":[513],"product_tag":[],"class_list":{"0":"post-37637","1":"product","2":"type-product","3":"status-publish","4":"has-post-thumbnail","6":"product_cat-bols","7":"pa_ciudad-barcelona","8":"pa_motivo-mosaico","9":"pa_pais-espana","11":"first","12":"instock","13":"shipping-taxable","14":"product-type-simple"},"acf":[],"_links":{"self":[{"href":"https:\/\/olemosaic.com\/pt-pt\/wp-json\/wp\/v2\/product\/37637","targetHints":{"allow":["GET"]}}],"collection":[{"href":"https:\/\/olemosaic.com\/pt-pt\/wp-json\/wp\/v2\/product"}],"about":[{"href":"https:\/\/olemosaic.com\/pt-pt\/wp-json\/wp\/v2\/types\/product"}],"wp:featuredmedia":[{"embeddable":true,"href":"https:\/\/olemosaic.com\/pt-pt\/wp-json\/wp\/v2\/media\/14210"}],"wp:attachment":[{"href":"https:\/\/olemosaic.com\/pt-pt\/wp-json\/wp\/v2\/media?parent=37637"}],"wp:term":[{"taxonomy":"product_brand","embeddable":true,"href":"https:\/\/olemosaic.com\/pt-pt\/wp-json\/wp\/v2\/product_brand?post=37637"},{"taxonomy":"product_cat","embeddable":true,"href":"https:\/\/olemosaic.com\/pt-pt\/wp-json\/wp\/v2\/product_cat?post=37637"},{"taxonomy":"product_tag","embeddable":true,"href":"https:\/\/olemosaic.com\/pt-pt\/wp-json\/wp\/v2\/product_tag?post=37637"}],"curies":[{"name":"wp","href":"https:\/\/api.w.org\/{rel}","templated":true}]}}