{"id":37635,"date":"2025-02-20T22:38:31","date_gmt":"2025-02-20T22:38:31","guid":{"rendered":"http:\/\/olemosaic.com\/producto\/salvamanteles-de-ceramica-gato-valencia\/"},"modified":"2025-07-25T18:57:20","modified_gmt":"2025-07-25T16:57:20","slug":"descanso-de-pratos-em-ceramica-gato-valencia","status":"publish","type":"product","link":"https:\/\/olemosaic.com\/pt-pt\/produto\/descanso-de-pratos-em-ceramica-gato-valencia\/","title":{"rendered":"Descanso de pratos em cer\u00e2mica. Gato. Val\u00eancia."},"content":{"rendered":"<p>Este descanso de pratos em cer\u00e2mica, inspirado na vibrante cultura de Val\u00eancia, \u00e9 uma pe\u00e7a \u00fanica que funde arte e funcionalidade. O seu design colorido apresenta um espl\u00eandido mosaico de tr\u00eas gatos em tons de azul, verde e laranja, rodeados por borboletas que lhe conferem um toque l\u00fadico e encantador. A palavra &#8220;VAL\u00caNCIA&#8221; destaca-se sobre um fundo branco, com um estilo contempor\u00e2neo que o torna um excelente complemento para qualquer mesa. A t\u00e9cnica do mosaico reflete-se na cuidada disposi\u00e7\u00e3o das formas e das cores, criando um efeito visual din\u00e2mico e atraente.<\/p>\n<p>Este descanso de pratos n\u00e3o \u00e9 apenas um acess\u00f3rio pr\u00e1tico para proteger as superf\u00edcies, mas tamb\u00e9m uma aut\u00eantica recorda\u00e7\u00e3o de Val\u00eancia que captura a ess\u00eancia festiva desta cidade mediterr\u00e2nica. A representa\u00e7\u00e3o dos gatos, um s\u00edmbolo de curiosidade e agilidade, liga o objeto \u00e0 cultura local, onde a diversidade da vida urbana se reflete nas suas in\u00fameras manifesta\u00e7\u00f5es art\u00edsticas. Na Ol\u00e9 Mosaic, especializamo-nos na distribui\u00e7\u00e3o de recorda\u00e7\u00f5es por grosso, e este descanso de pratos \u00e9 uma op\u00e7\u00e3o ideal para lojas de presentes tur\u00edsticos que procuram produtos aut\u00eanticos e coloridos. Perfeito para os turistas que desejam levar um pouco da alegre cultura valenciana para as suas casas, este descanso de pratos em cer\u00e2mica \u00e9 a recorda\u00e7\u00e3o ideal que combina arte e funcionalidade.<\/p>\n","protected":false},"excerpt":{"rendered":"<p>Descanso de pratos em cer\u00e2mica inspirado na vibrante cultura de Val\u00eancia, adornado com um design colorido de gatos. A t\u00e9cnica de mosaico que o caracteriza apresenta um jogo de formas e cores brilhantes, com tr\u00eas gatos em tons de azul, verde e laranja rodeados por borboletas que lhe conferem um toque l\u00fadico. Destaca-se a palavra \u00abVAL\u00caNCIA\u00bb, que sobressai sobre um fundo branco num estilo contempor\u00e2neo, ideal para dar um toque especial \u00e0 mesa.<\/p>\n","protected":false},"featured_media":14207,"template":"","meta":{"_acf_changed":false},"product_brand":[],"product_cat":[830],"product_tag":[516,515],"class_list":{"0":"post-37635","1":"product","2":"type-product","3":"status-publish","4":"has-post-thumbnail","6":"product_cat-bases-para-pratos","7":"product_tag-animais","8":"product_tag-ceramica","9":"pa_ciudad-valencia","10":"pa_motivo-gatos","11":"pa_pais-espana","13":"first","14":"instock","15":"shipping-taxable","16":"product-type-simple"},"acf":[],"_links":{"self":[{"href":"https:\/\/olemosaic.com\/pt-pt\/wp-json\/wp\/v2\/product\/37635","targetHints":{"allow":["GET"]}}],"collection":[{"href":"https:\/\/olemosaic.com\/pt-pt\/wp-json\/wp\/v2\/product"}],"about":[{"href":"https:\/\/olemosaic.com\/pt-pt\/wp-json\/wp\/v2\/types\/product"}],"wp:featuredmedia":[{"embeddable":true,"href":"https:\/\/olemosaic.com\/pt-pt\/wp-json\/wp\/v2\/media\/14207"}],"wp:attachment":[{"href":"https:\/\/olemosaic.com\/pt-pt\/wp-json\/wp\/v2\/media?parent=37635"}],"wp:term":[{"taxonomy":"product_brand","embeddable":true,"href":"https:\/\/olemosaic.com\/pt-pt\/wp-json\/wp\/v2\/product_brand?post=37635"},{"taxonomy":"product_cat","embeddable":true,"href":"https:\/\/olemosaic.com\/pt-pt\/wp-json\/wp\/v2\/product_cat?post=37635"},{"taxonomy":"product_tag","embeddable":true,"href":"https:\/\/olemosaic.com\/pt-pt\/wp-json\/wp\/v2\/product_tag?post=37635"}],"curies":[{"name":"wp","href":"https:\/\/api.w.org\/{rel}","templated":true}]}}