{"id":37634,"date":"2025-02-20T22:38:31","date_gmt":"2025-02-20T22:38:31","guid":{"rendered":"http:\/\/olemosaic.com\/producto\/salvamanteles-de-ceramica-toros-valencia\/"},"modified":"2025-07-25T20:26:39","modified_gmt":"2025-07-25T18:26:39","slug":"base-de-ceramica-touros-valencia","status":"publish","type":"product","link":"https:\/\/olemosaic.com\/pt-pt\/produto\/base-de-ceramica-touros-valencia\/","title":{"rendered":"Base de cer\u00e2mica. Touros. Val\u00eancia."},"content":{"rendered":"<p>Esta base de cer\u00e2mica, inspirada na rica cultura taurom\u00e1quica de Val\u00eancia, \u00e9 uma pe\u00e7a vibrante e colorida que, al\u00e9m de adornar a sua mesa, conta uma hist\u00f3ria. Com um design em mosaico cativante, a base apresenta dois touros: um vermelho intenso e outro verde, sobre um fundo que mistura na perfei\u00e7\u00e3o tonalidades azuis e cinzentas, evocando a ess\u00eancia da paisagem valenciana. As flores vermelhas que adornam a cena adicionam un delicado toque decorativo, enquanto a palavra &#8220;VALENCIA&#8221; na parte superior real\u00e7a a sua origem, convertendo-a num souvenir emblem\u00e1tico.<\/p>\n<p>Este produto n\u00e3o \u00e9 apenas funcional, protegendo a sua mesa das altas temperaturas, mas tamb\u00e9m \u00e9 uma representa\u00e7\u00e3o art\u00edstica do folclore local, prestando homenagem \u00e0 tradi\u00e7\u00e3o taurom\u00e1quica, parte do patrim\u00f3nio cultural espanhol. Cada detalhe do design reflete a paix\u00e3o e o esp\u00edrito de Val\u00eancia, fazendo desta base um excelente presente para turistas que procuram uma recorda\u00e7\u00e3o aut\u00eantica e representativa da sua visita.<\/p>\n<p>Na Ol\u00e9 Mosaic, somos especialistas na distribui\u00e7\u00e3o de souvenirs por grosso, e esta base de cer\u00e2mica \u00e9 uma excelente op\u00e7\u00e3o para lojas de recorda\u00e7\u00f5es tur\u00edsticas que procuram produtos aut\u00eanticos e de qualidade. Atraia os seus clientes com esta base, perfeita para quem procura recorda\u00e7\u00f5es \u00fanicas de Val\u00eancia, que combinam funcionalidade e arte numa s\u00f3 pe\u00e7a.<\/p>\n","protected":false},"excerpt":{"rendered":"<p>Base de cer\u00e2mica inspirada na rica cultura taurom\u00e1quica valenciana. Esta colorida base apresenta um vibrante design em mosaico com dois touros, real\u00e7ando tons vermelhos, verdes e amarelos, al\u00e9m de flores vermelhas que adicionam um toque decorativo. Adornada com a palavra &#8220;VALENCIA&#8221; na parte superior, este artigo n\u00e3o \u00e9 apenas funcional, mas tamb\u00e9m uma representa\u00e7\u00e3o art\u00edstica do folclore local, perfeito para qualquer mesa.<\/p>\n","protected":false},"featured_media":14206,"template":"","meta":{"_acf_changed":false},"product_brand":[],"product_cat":[830],"product_tag":[516,515],"class_list":{"0":"post-37634","1":"product","2":"type-product","3":"status-publish","4":"has-post-thumbnail","6":"product_cat-bases-para-pratos","7":"product_tag-animais","8":"product_tag-ceramica","9":"pa_ciudad-valencia","10":"pa_motivo-touros","11":"pa_pais-espana","13":"first","14":"instock","15":"shipping-taxable","16":"product-type-simple"},"acf":[],"_links":{"self":[{"href":"https:\/\/olemosaic.com\/pt-pt\/wp-json\/wp\/v2\/product\/37634","targetHints":{"allow":["GET"]}}],"collection":[{"href":"https:\/\/olemosaic.com\/pt-pt\/wp-json\/wp\/v2\/product"}],"about":[{"href":"https:\/\/olemosaic.com\/pt-pt\/wp-json\/wp\/v2\/types\/product"}],"wp:featuredmedia":[{"embeddable":true,"href":"https:\/\/olemosaic.com\/pt-pt\/wp-json\/wp\/v2\/media\/14206"}],"wp:attachment":[{"href":"https:\/\/olemosaic.com\/pt-pt\/wp-json\/wp\/v2\/media?parent=37634"}],"wp:term":[{"taxonomy":"product_brand","embeddable":true,"href":"https:\/\/olemosaic.com\/pt-pt\/wp-json\/wp\/v2\/product_brand?post=37634"},{"taxonomy":"product_cat","embeddable":true,"href":"https:\/\/olemosaic.com\/pt-pt\/wp-json\/wp\/v2\/product_cat?post=37634"},{"taxonomy":"product_tag","embeddable":true,"href":"https:\/\/olemosaic.com\/pt-pt\/wp-json\/wp\/v2\/product_tag?post=37634"}],"curies":[{"name":"wp","href":"https:\/\/api.w.org\/{rel}","templated":true}]}}