{"id":37633,"date":"2025-02-20T23:38:31","date_gmt":"2025-02-20T22:38:31","guid":{"rendered":"http:\/\/olemosaic.com\/producto\/salvamanteles-de-ceramica-salamandra-gran-canaria-2\/"},"modified":"2025-07-25T20:17:36","modified_gmt":"2025-07-25T18:17:36","slug":"base-de-ceramica-salamandra-gra-canaria-2","status":"publish","type":"product","link":"https:\/\/olemosaic.com\/pt-pt\/produto\/base-de-ceramica-salamandra-gra-canaria-2\/","title":{"rendered":"Base de cer\u00e2mica. Salamandra. Gr\u00e3-Can\u00e1ria. Borda entran\u00e7ada."},"content":{"rendered":"<p>Esta base de cer\u00e2mica, inspirada na vibrante fauna da Gr\u00e3-Can\u00e1ria, \u00e9 uma aut\u00eantica celebra\u00e7\u00e3o da cor e da cultura can\u00e1ria. Com um design deslumbrante, apresenta coloridas salamandras e flores de mosaico, cuidadosamente pintadas \u00e0 m\u00e3o com efeito em tons vivos de vermelho, verde, azul e amarelo, evocando a riqueza natural da ilha. Este produto n\u00e3o s\u00f3 cumpre uma fun\u00e7\u00e3o pr\u00e1tica como protetor de superf\u00edcies, mas tamb\u00e9m atua como uma pe\u00e7a decorativa que confere um toque distintivo a qualquer mesa, transformando-a num espa\u00e7o cheio de vida e cor.<\/p>\n<p>A base conta com um acabamento em cer\u00e2mica suave e uma borda entran\u00e7ada que a torna atrativa e resistente. As salamandras, elementos ic\u00f3nicos das Ilhas Can\u00e1rias, representam uma liga\u00e7\u00e3o profunda com a biodiversidade local e a heran\u00e7a cultural da regi\u00e3o, oferecendo assim uma recorda\u00e7\u00e3o aut\u00eantica para quem deseja levar um peda\u00e7o da Gr\u00e3-Can\u00e1ria para casa. Esta base torna-se um excelente souvenir, ideal para turistas que procuram uma recorda\u00e7\u00e3o \u00fanica e representativa da sua visita \u00e0 ilha.<\/p>\n<p>Na Ol\u00e9 Mosaic, como distribuidores de souvenirs por grosso, oferecemos esta encantadora base de cer\u00e2mica, perfeita para lojas de recorda\u00e7\u00f5es tur\u00edsticas que procuram produtos aut\u00eanticos e significativos. O seu design vibrante e a sua liga\u00e7\u00e3o cultural tornam-na numa op\u00e7\u00e3o ideal para aqueles que desejam recordar a sua experi\u00eancia na Gr\u00e3-Can\u00e1ria.<\/p>\n","protected":false},"excerpt":{"rendered":"<p>Base de cer\u00e2mica inspirada na fauna da Gr\u00e3-Can\u00e1ria, decorada com coloridas salamandras e flores de mosaico. Este produto apresenta um design vibrante e alegre, design artesanal, pintado \u00e0 m\u00e3o, em m\u00faltiplos tons de vermelho, verde, azul e amarelo, que evoca a rica cultura can\u00e1ria. Com um acabamento cer\u00e2mico e uma borda entran\u00e7ada, \u00e9 tanto funcional como uma pe\u00e7a decorativa que conferir\u00e1 um toque distintivo a qualquer mesa, destacando o esp\u00edrito da Gr\u00e3-Can\u00e1ria.<\/p>\n","protected":false},"featured_media":14205,"template":"","meta":{"_acf_changed":false},"product_brand":[],"product_cat":[830],"product_tag":[516,515],"class_list":{"0":"post-37633","1":"product","2":"type-product","3":"status-publish","4":"has-post-thumbnail","6":"product_cat-bases-para-pratos","7":"product_tag-animais","8":"product_tag-ceramica","9":"pa_ciudad-gran-canaria","10":"pa_motivo-salamandras","11":"pa_pais-espana","13":"first","14":"instock","15":"shipping-taxable","16":"product-type-simple"},"acf":[],"_links":{"self":[{"href":"https:\/\/olemosaic.com\/pt-pt\/wp-json\/wp\/v2\/product\/37633","targetHints":{"allow":["GET"]}}],"collection":[{"href":"https:\/\/olemosaic.com\/pt-pt\/wp-json\/wp\/v2\/product"}],"about":[{"href":"https:\/\/olemosaic.com\/pt-pt\/wp-json\/wp\/v2\/types\/product"}],"wp:featuredmedia":[{"embeddable":true,"href":"https:\/\/olemosaic.com\/pt-pt\/wp-json\/wp\/v2\/media\/14205"}],"wp:attachment":[{"href":"https:\/\/olemosaic.com\/pt-pt\/wp-json\/wp\/v2\/media?parent=37633"}],"wp:term":[{"taxonomy":"product_brand","embeddable":true,"href":"https:\/\/olemosaic.com\/pt-pt\/wp-json\/wp\/v2\/product_brand?post=37633"},{"taxonomy":"product_cat","embeddable":true,"href":"https:\/\/olemosaic.com\/pt-pt\/wp-json\/wp\/v2\/product_cat?post=37633"},{"taxonomy":"product_tag","embeddable":true,"href":"https:\/\/olemosaic.com\/pt-pt\/wp-json\/wp\/v2\/product_tag?post=37633"}],"curies":[{"name":"wp","href":"https:\/\/api.w.org\/{rel}","templated":true}]}}