{"id":37632,"date":"2025-02-20T23:38:31","date_gmt":"2025-02-20T22:38:31","guid":{"rendered":"http:\/\/olemosaic.com\/producto\/salvamanteles-de-ceramica-salamandra-tenerife-3\/"},"modified":"2025-07-25T20:09:27","modified_gmt":"2025-07-25T18:09:27","slug":"base-de-ceramica-salamandra-tenerife-3","status":"publish","type":"product","link":"https:\/\/olemosaic.com\/pt-pt\/produto\/base-de-ceramica-salamandra-tenerife-3\/","title":{"rendered":"Base de cer\u00e2mica. Salamandra. Tenerife. Branco."},"content":{"rendered":"<p>Esta base de cer\u00e2mica, inspirada na emblem\u00e1tica salamandra de Tenerife, \u00e9 um magn\u00edfico exemplo da riqueza cultural can\u00e1ria, ideal para turistas que procuram souvenirs aut\u00eanticos. Com um design vibrante, este artigo apresenta uma colorida salamandra em tons azuis, verdes e amarelos, que captura a ess\u00eancia da fauna local, rodeada de encantadoras flores vermelhas e azuis. O fundo de mosaico, com tons cinzentos e brancos, oferece um contraste atrativo, real\u00e7ando a figura central e criando uma obra de arte visualmente cativante. A palavra &#8220;Tenerife&#8221; est\u00e1 impressa em letras chamativas, conferindo um toque de autenticidade e liga\u00e7\u00e3o geogr\u00e1fica.<\/p>\n<p>Esta base n\u00e3o \u00e9 apenas um elemento funcional para proteger as suas superf\u00edcies, mas tamb\u00e9m \u00e9 uma declara\u00e7\u00e3o de estilo que adiciona um toque de folclore can\u00e1rio a qualquer mesa. Perfeita para apresentar os seus pratos em reuni\u00f5es familiares ou jantares com amigos, \u00e9 um souvenir que evoca a beleza de Tenerife e a sua rica tradi\u00e7\u00e3o artesanal. Na Ol\u00e9 Mosaic, orgulhamo-nos de ser distribuidores de souvenirs de qualidade por grosso. Esta base \u00e9 uma op\u00e7\u00e3o excelente para lojas de recorda\u00e7\u00f5es tur\u00edsticas que desejam oferecer produtos \u00fanicos e representativos da cultura can\u00e1ria, garantindo autenticidade e apelo aos seus clientes.<\/p>\n","protected":false},"excerpt":{"rendered":"<p>Base de cer\u00e2mica inspirada na emblem\u00e1tica salamandra de Tenerife. Este colorido artigo apresenta um design vibrante com uma salamandra em tons azuis, verdes e amarelos, rodeada de flores vermelhas e azuis sobre um fundo de mosaico cinzento e branco. A palavra &#8220;Tenerife&#8221; est\u00e1 impressa em letras chamativas, conferindo um toque aut\u00eantico e cultural. Ideal para real\u00e7ar a apresenta\u00e7\u00e3o dos seus pratos, ao mesmo tempo que adiciona um toque de folclore can\u00e1rio \u00e0 sua mesa.<\/p>\n","protected":false},"featured_media":14204,"template":"","meta":{"_acf_changed":false},"product_brand":[],"product_cat":[830],"product_tag":[516,515],"class_list":{"0":"post-37632","1":"product","2":"type-product","3":"status-publish","4":"has-post-thumbnail","6":"product_cat-bases-para-pratos","7":"product_tag-animais","8":"product_tag-ceramica","9":"pa_ciudad-tenerife","10":"pa_motivo-salamandras","11":"pa_pais-espana","13":"first","14":"instock","15":"shipping-taxable","16":"product-type-simple"},"acf":[],"_links":{"self":[{"href":"https:\/\/olemosaic.com\/pt-pt\/wp-json\/wp\/v2\/product\/37632","targetHints":{"allow":["GET"]}}],"collection":[{"href":"https:\/\/olemosaic.com\/pt-pt\/wp-json\/wp\/v2\/product"}],"about":[{"href":"https:\/\/olemosaic.com\/pt-pt\/wp-json\/wp\/v2\/types\/product"}],"wp:featuredmedia":[{"embeddable":true,"href":"https:\/\/olemosaic.com\/pt-pt\/wp-json\/wp\/v2\/media\/14204"}],"wp:attachment":[{"href":"https:\/\/olemosaic.com\/pt-pt\/wp-json\/wp\/v2\/media?parent=37632"}],"wp:term":[{"taxonomy":"product_brand","embeddable":true,"href":"https:\/\/olemosaic.com\/pt-pt\/wp-json\/wp\/v2\/product_brand?post=37632"},{"taxonomy":"product_cat","embeddable":true,"href":"https:\/\/olemosaic.com\/pt-pt\/wp-json\/wp\/v2\/product_cat?post=37632"},{"taxonomy":"product_tag","embeddable":true,"href":"https:\/\/olemosaic.com\/pt-pt\/wp-json\/wp\/v2\/product_tag?post=37632"}],"curies":[{"name":"wp","href":"https:\/\/api.w.org\/{rel}","templated":true}]}}