{"id":37630,"date":"2025-02-20T23:38:30","date_gmt":"2025-02-20T22:38:30","guid":{"rendered":"http:\/\/olemosaic.com\/producto\/salvamanteles-de-ceramica-gato-lanzarote\/"},"modified":"2025-07-25T19:17:26","modified_gmt":"2025-07-25T17:17:26","slug":"base-de-ceramica-gato-lanzarote","status":"publish","type":"product","link":"https:\/\/olemosaic.com\/pt-pt\/produto\/base-de-ceramica-gato-lanzarote\/","title":{"rendered":"Base de cer\u00e2mica. Gato. Lanzarote."},"content":{"rendered":"<p>Esta base de cer\u00e2mica apresenta um design fascinante inspirado no ambiente vibrante de Lanzarote, capturando a ess\u00eancia da ilha com o seu colorido mosaico de gatos. Adornada com borboletas e detalhes em tons brilhantes como vermelho, azul, verde e amarelo, \u00e9 ideal para quem deseja adicionar um toque art\u00edstico e acolhedor \u00e0 sua mesa. A t\u00e9cnica de pintura \u00e0 m\u00e3o real\u00e7a a criatividade e a arte local, destacando a rica heran\u00e7a cultural de Lanzarote, famosa pela sua paisagem vulc\u00e2nica e pela sua vibrante comunidade art\u00edstica. A inscri\u00e7\u00e3o &#8220;Lanzarote&#8221; na parte superior n\u00e3o s\u00f3 assinala a sua origem, mas tamb\u00e9m converte esta base numa recorda\u00e7\u00e3o significativa e representativa da ilha.<\/p>\n<p>Atrav\u00e9s do seu design, os gatos estilizados evocam uma sensa\u00e7\u00e3o de alegria e despreocupa\u00e7\u00e3o, refletindo a vida quotidiana na ilha e a sua liga\u00e7\u00e3o com a natureza. Esta base de cer\u00e2mica n\u00e3o \u00e9 apenas funcional, mas tamb\u00e9m atua como um impressionante elemento decorativo que chamar\u00e1 a aten\u00e7\u00e3o dos convidados. Na Ol\u00e9 Mosaic, como distribuidores de souvenirs por grosso, oferecemos esta base como uma excelente op\u00e7\u00e3o para lojas de recorda\u00e7\u00f5es tur\u00edsticas que procuram produtos aut\u00eanticos e art\u00edsticos. Com o seu apelo visual e relev\u00e2ncia cultural, estes souvenirs de Lanzarote s\u00e3o perfeitos para que os turistas levem um peda\u00e7o da ilha para casa.<\/p>\n","protected":false},"excerpt":{"rendered":"<p>Base de cer\u00e2mica inspirada no ambiente vibrante de Lanzarote. Esta colorida base apresenta um design de gatos em mosaico, adornado com borboletas e detalhes em tons vivos como vermelho, azul, verde e amarelo. A t\u00e9cnica de design artesanal, pintada \u00e0 m\u00e3o, real\u00e7a a criatividade e a arte local, enquanto a inscri\u00e7\u00e3o &#8220;Lanzarote&#8221; adiciona um toque distintivo. Ideal para dar um toque art\u00edstico e acolhedor \u00e0 sua mesa.<\/p>\n","protected":false},"featured_media":14202,"template":"","meta":{"_acf_changed":false},"product_brand":[],"product_cat":[830],"product_tag":[516,515],"class_list":{"0":"post-37630","1":"product","2":"type-product","3":"status-publish","4":"has-post-thumbnail","6":"product_cat-bases-para-pratos","7":"product_tag-animais","8":"product_tag-ceramica","9":"pa_ciudad-lanzarote","10":"pa_motivo-gatos","11":"pa_pais-espana","13":"first","14":"instock","15":"shipping-taxable","16":"product-type-simple"},"acf":[],"_links":{"self":[{"href":"https:\/\/olemosaic.com\/pt-pt\/wp-json\/wp\/v2\/product\/37630","targetHints":{"allow":["GET"]}}],"collection":[{"href":"https:\/\/olemosaic.com\/pt-pt\/wp-json\/wp\/v2\/product"}],"about":[{"href":"https:\/\/olemosaic.com\/pt-pt\/wp-json\/wp\/v2\/types\/product"}],"wp:featuredmedia":[{"embeddable":true,"href":"https:\/\/olemosaic.com\/pt-pt\/wp-json\/wp\/v2\/media\/14202"}],"wp:attachment":[{"href":"https:\/\/olemosaic.com\/pt-pt\/wp-json\/wp\/v2\/media?parent=37630"}],"wp:term":[{"taxonomy":"product_brand","embeddable":true,"href":"https:\/\/olemosaic.com\/pt-pt\/wp-json\/wp\/v2\/product_brand?post=37630"},{"taxonomy":"product_cat","embeddable":true,"href":"https:\/\/olemosaic.com\/pt-pt\/wp-json\/wp\/v2\/product_cat?post=37630"},{"taxonomy":"product_tag","embeddable":true,"href":"https:\/\/olemosaic.com\/pt-pt\/wp-json\/wp\/v2\/product_tag?post=37630"}],"curies":[{"name":"wp","href":"https:\/\/api.w.org\/{rel}","templated":true}]}}