{"id":37629,"date":"2025-02-20T23:38:30","date_gmt":"2025-02-20T22:38:30","guid":{"rendered":"http:\/\/olemosaic.com\/producto\/salvamanteles-de-ceramica-gato-mallorca-2\/"},"modified":"2025-07-25T19:09:05","modified_gmt":"2025-07-25T17:09:05","slug":"descanso-de-pratos-em-ceramica-gato-design-abstrato-maiorca","status":"publish","type":"product","link":"https:\/\/olemosaic.com\/pt-pt\/produto\/descanso-de-pratos-em-ceramica-gato-design-abstrato-maiorca\/","title":{"rendered":"Descanso de pratos em cer\u00e2mica. Gato. Design abstrato. Maiorca."},"content":{"rendered":"<p>Este descanso de pratos em cer\u00e2mica, inspirado no encanto de Maiorca, \u00e9 uma pe\u00e7a funcional e decorativa que trar\u00e1 um toque mediterr\u00e2nico \u00e0 sua mesa. Decorado com um vibrante design abstrato de mosaico, apresenta um fundo em tons de cinzento e branco que real\u00e7a a vivacidade dos gatos coloridos, cada um com o seu pr\u00f3prio padr\u00e3o e personalidade. Estes encantadores felinos, em harmoniosos tons de azul, verde, amarelo e laranja, brincam entre borboletas delicadamente ilustradas, conferindo um ar alegre e festivo ao design. A inscri\u00e7\u00e3o &#8220;MALLORCA&#8221; destaca-se na parte superior, ligando instantaneamente o produto \u00e0 idiossincrasia desta bela ilha espanhola.<\/p>\n<p>O descanso de pratos n\u00e3o \u00e9 apenas uma ferramenta pr\u00e1tica para proteger as suas superf\u00edcies ao servir, mas tamb\u00e9m uma aut\u00eantica homenagem \u00e0 arte do mosaico, t\u00e3o t\u00edpica na decora\u00e7\u00e3o espanhola. Esta pe\u00e7a representa a rica cultura de Maiorca, onde as cores vibrantes est\u00e3o presentes em cada canto, desde a sua paisagem at\u00e9 \u00e0 sua flora e fauna. Como souvenir, captura a ess\u00eancia do local e \u00e9 ideal para quem procura uma recorda\u00e7\u00e3o aut\u00eantica das suas experi\u00eancias na ilha.<\/p>\n<p>Na Ol\u00e9 Mosaic, como distribuidores de souvenirs por grosso, oferecemos produtos que combinam qualidade e autenticidade, sendo este descanso de pratos em cer\u00e2mica uma excelente op\u00e7\u00e3o para lojas de presentes tur\u00edsticos que apreciam a est\u00e9tica fresca e colorida de Maiorca. Este descanso de pratos de gatos \u00e9, sem d\u00favida, um s\u00edmbolo perfeito da beleza e alegria do Mediterr\u00e2neo.<\/p>\n","protected":false},"excerpt":{"rendered":"<p>Descanso de pratos em cer\u00e2mica inspirado no encanto de Maiorca, decorado com gatos coloridos num design abstrato de mosaico. Esta vibrante pe\u00e7a apresenta um fundo em tons de cinzento e branco, real\u00e7ado por gatos multicoloridos que contrastam com borboletas, conferindo um toque alegre. A inscri\u00e7\u00e3o &#8220;MALLORCA&#8221; destaca-se na parte superior, fazendo deste descanso de pratos uma pe\u00e7a funcional e decorativa, perfeita para adicionar um toque mediterr\u00e2nico \u00e0 sua mesa.<\/p>\n","protected":false},"featured_media":14201,"template":"","meta":{"_acf_changed":false},"product_brand":[],"product_cat":[830],"product_tag":[516,515],"class_list":{"0":"post-37629","1":"product","2":"type-product","3":"status-publish","4":"has-post-thumbnail","6":"product_cat-bases-para-pratos","7":"product_tag-animais","8":"product_tag-ceramica","9":"pa_ciudad-mallorca","10":"pa_motivo-gatos","11":"pa_pais-espana","13":"first","14":"instock","15":"shipping-taxable","16":"product-type-simple"},"acf":[],"_links":{"self":[{"href":"https:\/\/olemosaic.com\/pt-pt\/wp-json\/wp\/v2\/product\/37629","targetHints":{"allow":["GET"]}}],"collection":[{"href":"https:\/\/olemosaic.com\/pt-pt\/wp-json\/wp\/v2\/product"}],"about":[{"href":"https:\/\/olemosaic.com\/pt-pt\/wp-json\/wp\/v2\/types\/product"}],"wp:featuredmedia":[{"embeddable":true,"href":"https:\/\/olemosaic.com\/pt-pt\/wp-json\/wp\/v2\/media\/14201"}],"wp:attachment":[{"href":"https:\/\/olemosaic.com\/pt-pt\/wp-json\/wp\/v2\/media?parent=37629"}],"wp:term":[{"taxonomy":"product_brand","embeddable":true,"href":"https:\/\/olemosaic.com\/pt-pt\/wp-json\/wp\/v2\/product_brand?post=37629"},{"taxonomy":"product_cat","embeddable":true,"href":"https:\/\/olemosaic.com\/pt-pt\/wp-json\/wp\/v2\/product_cat?post=37629"},{"taxonomy":"product_tag","embeddable":true,"href":"https:\/\/olemosaic.com\/pt-pt\/wp-json\/wp\/v2\/product_tag?post=37629"}],"curies":[{"name":"wp","href":"https:\/\/api.w.org\/{rel}","templated":true}]}}