{"id":37624,"date":"2025-02-20T22:38:29","date_gmt":"2025-02-20T22:38:29","guid":{"rendered":"http:\/\/olemosaic.com\/producto\/salvamanteles-de-ceramica-salamandra-y-flores-fuerteventura\/"},"modified":"2025-07-25T19:42:34","modified_gmt":"2025-07-25T17:42:34","slug":"descanso-de-pratos-de-ceramica-salamandra-e-flores-fuerteventura","status":"publish","type":"product","link":"https:\/\/olemosaic.com\/pt-pt\/produto\/descanso-de-pratos-de-ceramica-salamandra-e-flores-fuerteventura\/","title":{"rendered":"Descanso de pratos de cer\u00e2mica. Salamandra e flores. Fuerteventura."},"content":{"rendered":"<p>Este descanso de pratos de cer\u00e2mica decorada \u00e9 uma homenagem vibrante \u00e0 beleza de Fuerteventura, capturando a ess\u00eancia do arquip\u00e9lago can\u00e1rio num design cativante. Apresenta um atraente motivo de mosaico, onde salamandras em tons de vermelho, azul e verde se entrela\u00e7am com exuberantes flores amarelas e vermelhas, tudo sobre um fundo branco que real\u00e7a a luminosidade das cores. Este objeto n\u00e3o \u00e9 apenas funcional, mas tamb\u00e9m serve como pe\u00e7a decorativa, transformando qualquer mesa numa montra da cultura can\u00e1ria. Na parte inferior do descanso de pratos, o texto &#8220;FUERTEVENTURA&#8221; acrescenta um toque de autenticidade a esta encantadora lembran\u00e7a.<\/p>\n<p>A salamandra \u00e9 um s\u00edmbolo presente na tradi\u00e7\u00e3o can\u00e1ria, e a sua representa\u00e7\u00e3o nesta lembran\u00e7a reflete a profunda liga\u00e7\u00e3o entre a fauna local e a arte popular das Ilhas. Este descanso de pratos n\u00e3o \u00e9 apenas ideal para proteger superf\u00edcies, mas \u00e9 tamb\u00e9m uma recorda\u00e7\u00e3o memor\u00e1vel para turistas que procuram levar um pedacinho da cultura can\u00e1ria. Na Ol\u00e9 Mosaic somos especialistas na distribui\u00e7\u00e3o de lembran\u00e7as de cer\u00e2mica, oferecendo produtos aut\u00eanticos que destacam a riqueza cultural das suas origens. Este descanso de pratos \u00e9 uma excelente op\u00e7\u00e3o para lojas de presentes tur\u00edsticos que procuram oferecer artigos genu\u00ednos e coloridos que encantem os visitantes.<\/p>\n","protected":false},"excerpt":{"rendered":"<p>Descanso de pratos de cer\u00e2mica decorado com uma representa\u00e7\u00e3o vibrante de salamandras e flores, inspirado na beleza de Fuerteventura. Este artigo colorido apresenta um design de mosaico onde as salamandras se destacam em tons vermelhos, azuis e verdes, rodeadas de flores amarelas e vermelhas sobre um fundo branco. Por baixo da ilustra\u00e7\u00e3o, o texto &#8220;FUERTEVENTURA&#8221; acrescenta um toque aut\u00eantico a esta encantadora lembran\u00e7a. Perfeito para real\u00e7ar qualquer mesa com um toque can\u00e1rio.<\/p>\n","protected":false},"featured_media":14196,"template":"","meta":{"_acf_changed":false},"product_brand":[],"product_cat":[830],"product_tag":[516,515],"class_list":{"0":"post-37624","1":"product","2":"type-product","3":"status-publish","4":"has-post-thumbnail","6":"product_cat-bases-para-pratos","7":"product_tag-animais","8":"product_tag-ceramica","9":"pa_ciudad-fuerteventura","10":"pa_motivo-salamandras","11":"pa_pais-espana","13":"first","14":"instock","15":"shipping-taxable","16":"product-type-simple"},"acf":[],"_links":{"self":[{"href":"https:\/\/olemosaic.com\/pt-pt\/wp-json\/wp\/v2\/product\/37624","targetHints":{"allow":["GET"]}}],"collection":[{"href":"https:\/\/olemosaic.com\/pt-pt\/wp-json\/wp\/v2\/product"}],"about":[{"href":"https:\/\/olemosaic.com\/pt-pt\/wp-json\/wp\/v2\/types\/product"}],"wp:featuredmedia":[{"embeddable":true,"href":"https:\/\/olemosaic.com\/pt-pt\/wp-json\/wp\/v2\/media\/14196"}],"wp:attachment":[{"href":"https:\/\/olemosaic.com\/pt-pt\/wp-json\/wp\/v2\/media?parent=37624"}],"wp:term":[{"taxonomy":"product_brand","embeddable":true,"href":"https:\/\/olemosaic.com\/pt-pt\/wp-json\/wp\/v2\/product_brand?post=37624"},{"taxonomy":"product_cat","embeddable":true,"href":"https:\/\/olemosaic.com\/pt-pt\/wp-json\/wp\/v2\/product_cat?post=37624"},{"taxonomy":"product_tag","embeddable":true,"href":"https:\/\/olemosaic.com\/pt-pt\/wp-json\/wp\/v2\/product_tag?post=37624"}],"curies":[{"name":"wp","href":"https:\/\/api.w.org\/{rel}","templated":true}]}}