{"id":37623,"date":"2025-02-20T22:38:29","date_gmt":"2025-02-20T22:38:29","guid":{"rendered":"http:\/\/olemosaic.com\/producto\/salvamanteles-de-ceramica-mariposa-tenerife\/"},"modified":"2025-07-25T20:08:39","modified_gmt":"2025-07-25T18:08:39","slug":"descanso-de-pratos-de-ceramica-borboleta-tenerife","status":"publish","type":"product","link":"https:\/\/olemosaic.com\/pt-pt\/produto\/descanso-de-pratos-de-ceramica-borboleta-tenerife\/","title":{"rendered":"Descanso de pratos de cer\u00e2mica. Borboleta. Tenerife."},"content":{"rendered":"<p>Este descanso de pratos de cer\u00e2mica, decorado com uma ilustra\u00e7\u00e3o vibrante de borboletas e flores, \u00e9 uma magn\u00edfica express\u00e3o da beleza de Tenerife. Com um design em mosaico que utiliza uma paleta de cores brilhantes, este descanso de pratos inclui tons chamativos de vermelho, amarelo, azul e verde, que se entrela\u00e7am para criar uma atmosfera alegre e festiva. No design destacam-se duas borboletas em voo, com asas detalhadas que real\u00e7am a minuciosa artesania. Em redor das borboletas florescem diversas flores coloridas que conferem frescura e vida, emolduradas por uma borda de corda resistente que garante funcionalidade e estilo.<\/p>\n<p>A palavra &#8220;Tenerife&#8221; apresenta-se numa tipografia atraente, uma recorda\u00e7\u00e3o da ilha paradis\u00edaca que inspirou esta preciosa lembran\u00e7a. Esta pe\u00e7a n\u00e3o \u00e9 apenas pr\u00e1tica para proteger as superf\u00edcies das mesas, mas tamb\u00e9m serve como um encantador elemento decorativo que trar\u00e1 personalidade a qualquer ambiente. O seu design reflete a rica flora e fauna de Tenerife, simbolizando o esp\u00edrito vibrante das Can\u00e1rias.<\/p>\n<p>Ideal para turistas que procuram lembran\u00e7as aut\u00eanticas, este descanso de pratos de cer\u00e2mica torna-se uma bonita recorda\u00e7\u00e3o que encapsula o melhor de Tenerife, perfeito para lojas de presentes tur\u00edsticos que desejam oferecer produtos de qualidade. Na Ol\u00e9 Mosaic especializamo-nos na distribui\u00e7\u00e3o de lembran\u00e7as \u00fanicas por grosso, garantindo autenticidade e um v\u00ednculo cultural em cada pe\u00e7a.<\/p>\n","protected":false},"excerpt":{"rendered":"<p>Descanso de pratos de cer\u00e2mica decorado com uma ilustra\u00e7\u00e3o vibrante de borboletas e flores, inspirado na beleza de Tenerife. Este original descanso de pratos apresenta um design em mosaico de cores brilhantes, com tons vermelhos, amarelos, azuis e verdes, e uma tipografia atraente que destaca a palavra &#8220;Tenerife&#8221;. Rematado com uma borda de corda resistente, \u00e9 tanto funcional como decorativo, adicionando um toque de cor a qualquer mesa.<\/p>\n","protected":false},"featured_media":14195,"template":"","meta":{"_acf_changed":false},"product_brand":[],"product_cat":[830],"product_tag":[516,515],"class_list":{"0":"post-37623","1":"product","2":"type-product","3":"status-publish","4":"has-post-thumbnail","6":"product_cat-bases-para-pratos","7":"product_tag-animais","8":"product_tag-ceramica","9":"pa_ciudad-tenerife","10":"pa_motivo-borboletas","11":"pa_pais-espana","13":"first","14":"instock","15":"shipping-taxable","16":"product-type-simple"},"acf":[],"_links":{"self":[{"href":"https:\/\/olemosaic.com\/pt-pt\/wp-json\/wp\/v2\/product\/37623","targetHints":{"allow":["GET"]}}],"collection":[{"href":"https:\/\/olemosaic.com\/pt-pt\/wp-json\/wp\/v2\/product"}],"about":[{"href":"https:\/\/olemosaic.com\/pt-pt\/wp-json\/wp\/v2\/types\/product"}],"wp:featuredmedia":[{"embeddable":true,"href":"https:\/\/olemosaic.com\/pt-pt\/wp-json\/wp\/v2\/media\/14195"}],"wp:attachment":[{"href":"https:\/\/olemosaic.com\/pt-pt\/wp-json\/wp\/v2\/media?parent=37623"}],"wp:term":[{"taxonomy":"product_brand","embeddable":true,"href":"https:\/\/olemosaic.com\/pt-pt\/wp-json\/wp\/v2\/product_brand?post=37623"},{"taxonomy":"product_cat","embeddable":true,"href":"https:\/\/olemosaic.com\/pt-pt\/wp-json\/wp\/v2\/product_cat?post=37623"},{"taxonomy":"product_tag","embeddable":true,"href":"https:\/\/olemosaic.com\/pt-pt\/wp-json\/wp\/v2\/product_tag?post=37623"}],"curies":[{"name":"wp","href":"https:\/\/api.w.org\/{rel}","templated":true}]}}