{"id":37622,"date":"2025-02-20T22:38:29","date_gmt":"2025-02-20T22:38:29","guid":{"rendered":"http:\/\/olemosaic.com\/producto\/salvamanteles-de-ceramica-mosaico-valencia\/"},"modified":"2025-07-25T18:53:49","modified_gmt":"2025-07-25T16:53:49","slug":"descanso-de-pratos-de-ceramica-mosaico-valencia","status":"publish","type":"product","link":"https:\/\/olemosaic.com\/pt-pt\/produto\/descanso-de-pratos-de-ceramica-mosaico-valencia\/","title":{"rendered":"Descanso de pratos de cer\u00e2mica. Mosaico. Val\u00eancia."},"content":{"rendered":"<p>Este descanso de pratos de cer\u00e2mica, decorado com um mosaico vibrante, \u00e9 uma homenagem \u00e0 rica heran\u00e7a cultural de Val\u00eancia. O seu design circular inspira-se nos tradicionais azulejos valencianos, combinando cores brilhantes como o vermelho, o azul e o amarelo, que evocam o calor e a alegria do Mediterr\u00e2neo. Cada sec\u00e7\u00e3o do mosaico apresenta padr\u00f5es \u00fanicos e distintivos que refletem a tradi\u00e7\u00e3o artesanal da regi\u00e3o, enquanto a palavra &#8220;Val\u00e8ncia&#8221; \u00e9 impressa em v\u00e1rias partes, destacando a identidade cultural desta emblem\u00e1tica cidade espanhola.<\/p>\n<p>O acabamento cer\u00e2mico n\u00e3o s\u00f3 proporciona um apelo visual, como tamb\u00e9m oferece funcionalidade, protegendo as superf\u00edcies das suas mesas e complementando qualquer decora\u00e7\u00e3o. Este descanso de pratos \u00e9 mais do que um simples acess\u00f3rio; \u00e9 uma pe\u00e7a que conta a hist\u00f3ria de Val\u00eancia, famosa pela sua arquitetura de azulejos e por ser o ber\u00e7o da paelha e da festa das Fallas. Ideal para os turistas que procuram lembran\u00e7as aut\u00eanticas e representativas da sua visita, este produto captura a ess\u00eancia do folclore e da cultura local.<\/p>\n<p>Na Ol\u00e9 Mosaic, somos especialistas na distribui\u00e7\u00e3o de lembran\u00e7as de cer\u00e2mica por grosso, e este descanso de pratos n\u00e3o s\u00f3 satisfaz a procura de artigos aut\u00eanticos, como tamb\u00e9m real\u00e7a a beleza do design espanhol. Perfeito para lojas de presentes tur\u00edsticos que desejem oferecer um peda\u00e7o de Val\u00eancia aos seus clientes, este descanso de pratos \u00e9 uma op\u00e7\u00e3o ideal para recordar o calor e a rica tradi\u00e7\u00e3o desta cidade.<\/p>\n","protected":false},"excerpt":{"rendered":"<p>Descanso de pratos de cer\u00e2mica decorado com um mosaico vibrante que evoca o estilo tradicional de Val\u00eancia. Este produto apresenta um design circular no qual se combinam cores brilhantes como o vermelho, o azul e o amarelo, formando padr\u00f5es t\u00edpicos dos azulejos valencianos. A palavra &#8220;Val\u00e8ncia&#8221; \u00e9 impressa em v\u00e1rias sec\u00e7\u00f5es, destacando a rica heran\u00e7a cultural da cidade. O seu acabamento cer\u00e2mico, al\u00e9m de atraente, \u00e9 funcional e ideal para proteger as superf\u00edcies.<\/p>\n","protected":false},"featured_media":14194,"template":"","meta":{"_acf_changed":false},"product_brand":[],"product_cat":[830],"product_tag":[515],"class_list":{"0":"post-37622","1":"product","2":"type-product","3":"status-publish","4":"has-post-thumbnail","6":"product_cat-bases-para-pratos","7":"product_tag-ceramica","8":"pa_ciudad-valencia","9":"pa_motivo-mosaico","10":"pa_pais-espana","12":"first","13":"instock","14":"shipping-taxable","15":"product-type-simple"},"acf":[],"_links":{"self":[{"href":"https:\/\/olemosaic.com\/pt-pt\/wp-json\/wp\/v2\/product\/37622","targetHints":{"allow":["GET"]}}],"collection":[{"href":"https:\/\/olemosaic.com\/pt-pt\/wp-json\/wp\/v2\/product"}],"about":[{"href":"https:\/\/olemosaic.com\/pt-pt\/wp-json\/wp\/v2\/types\/product"}],"wp:featuredmedia":[{"embeddable":true,"href":"https:\/\/olemosaic.com\/pt-pt\/wp-json\/wp\/v2\/media\/14194"}],"wp:attachment":[{"href":"https:\/\/olemosaic.com\/pt-pt\/wp-json\/wp\/v2\/media?parent=37622"}],"wp:term":[{"taxonomy":"product_brand","embeddable":true,"href":"https:\/\/olemosaic.com\/pt-pt\/wp-json\/wp\/v2\/product_brand?post=37622"},{"taxonomy":"product_cat","embeddable":true,"href":"https:\/\/olemosaic.com\/pt-pt\/wp-json\/wp\/v2\/product_cat?post=37622"},{"taxonomy":"product_tag","embeddable":true,"href":"https:\/\/olemosaic.com\/pt-pt\/wp-json\/wp\/v2\/product_tag?post=37622"}],"curies":[{"name":"wp","href":"https:\/\/api.w.org\/{rel}","templated":true}]}}