{"id":37620,"date":"2025-02-20T23:38:28","date_gmt":"2025-02-20T22:38:28","guid":{"rendered":"http:\/\/olemosaic.com\/producto\/salvamanteles-de-ceramica-sardinas\/"},"modified":"2025-07-25T19:16:12","modified_gmt":"2025-07-25T17:16:12","slug":"descanso-de-pratos-de-ceramica-sardinhas","status":"publish","type":"product","link":"https:\/\/olemosaic.com\/pt-pt\/produto\/descanso-de-pratos-de-ceramica-sardinhas\/","title":{"rendered":"Descanso de pratos de cer\u00e2mica. Sardinhas."},"content":{"rendered":"<p>Descanso de pratos de cer\u00e2mica decorado com um design vibrante de sardinhas, que representa a tradi\u00e7\u00e3o gastron\u00f3mica da costa espanhola. Este descanso de pratos individual, moderno e distintivo, \u00e9 fabricado em cer\u00e2mica de alta qualidade, o que garante a sua durabilidade e resist\u00eancia em qualquer cozinha ou sala de jantar. O seu design destaca um fundo de azulejos em tons brancos e azuis, evocando a ess\u00eancia do Mediterr\u00e2neo, enquanto as sardinhas, com efeito pintado \u00e0 m\u00e3o em cores vermelho, amarelo, verde, laranja e azul, conferem uma alegria visual que far\u00e1 destacar qualquer mesa.<\/p>\n<p>Cada sardinha \u00e9 cuidadosamente ilustrada, capturando o esp\u00edrito da cozinha espanhola, onde o peixe \u00e9 um elemento estrela em muitos pratos t\u00edpicos. Este descanso de pratos n\u00e3o \u00e9 apenas funcional, proporcionando uma superf\u00edcie protetora para mesas e toalhas, mas tamb\u00e9m atua como uma pe\u00e7a decorativa que liga os comensais \u00e0 rica heran\u00e7a cultural da gastronomia costeira de Espanha.<\/p>\n<p>Ideal como lembran\u00e7a, este artigo permite aos turistas levar um peda\u00e7o da cultura mediterr\u00e2nica para o seu lar. Na Ol\u00e9 Mosaic, somos especialistas na distribui\u00e7\u00e3o de lembran\u00e7as por grosso, e este descanso de pratos de cer\u00e2mica \u00e9 uma excelente op\u00e7\u00e3o para lojas de presentes tur\u00edsticos que procuram produtos aut\u00eanticos que celebrem a tradi\u00e7\u00e3o andaluza. N\u00e3o perca a oportunidade de oferecer aos seus clientes uma recorda\u00e7\u00e3o representativa e alegre das suas viagens.<\/p>\n","protected":false},"excerpt":{"rendered":"<p>Descanso de pratos de cer\u00e2mica decorado com um design vibrante de sardinhas, que representa a tradi\u00e7\u00e3o gastron\u00f3mica da costa espanhola. Com um fundo de azulejos em tons brancos e azuis, as sardinhas, de cores vermelho, amarelo, verde, laranja e azul, destacam-se pelo seu design artesanal, pintado \u00e0 m\u00e3o, acrescentando um toque alegre a qualquer mesa. Este descanso de pratos \u00e9 funcional e decorativo, ideal para levar um peda\u00e7o da cultura mediterr\u00e2nica para o seu lar.<\/p>\n","protected":false},"featured_media":8929,"template":"","meta":{"_acf_changed":false},"product_brand":[],"product_cat":[830],"product_tag":[516,515],"class_list":{"0":"post-37620","1":"product","2":"type-product","3":"status-publish","4":"has-post-thumbnail","6":"product_cat-bases-para-pratos","7":"product_tag-animais","8":"product_tag-ceramica","9":"pa_motivo-sardinhas","11":"first","12":"instock","13":"shipping-taxable","14":"product-type-simple"},"acf":[],"_links":{"self":[{"href":"https:\/\/olemosaic.com\/pt-pt\/wp-json\/wp\/v2\/product\/37620","targetHints":{"allow":["GET"]}}],"collection":[{"href":"https:\/\/olemosaic.com\/pt-pt\/wp-json\/wp\/v2\/product"}],"about":[{"href":"https:\/\/olemosaic.com\/pt-pt\/wp-json\/wp\/v2\/types\/product"}],"wp:featuredmedia":[{"embeddable":true,"href":"https:\/\/olemosaic.com\/pt-pt\/wp-json\/wp\/v2\/media\/8929"}],"wp:attachment":[{"href":"https:\/\/olemosaic.com\/pt-pt\/wp-json\/wp\/v2\/media?parent=37620"}],"wp:term":[{"taxonomy":"product_brand","embeddable":true,"href":"https:\/\/olemosaic.com\/pt-pt\/wp-json\/wp\/v2\/product_brand?post=37620"},{"taxonomy":"product_cat","embeddable":true,"href":"https:\/\/olemosaic.com\/pt-pt\/wp-json\/wp\/v2\/product_cat?post=37620"},{"taxonomy":"product_tag","embeddable":true,"href":"https:\/\/olemosaic.com\/pt-pt\/wp-json\/wp\/v2\/product_tag?post=37620"}],"curies":[{"name":"wp","href":"https:\/\/api.w.org\/{rel}","templated":true}]}}