{"id":37611,"date":"2025-02-20T23:38:27","date_gmt":"2025-02-20T22:38:27","guid":{"rendered":"http:\/\/olemosaic.com\/producto\/salvamanteles-de-ceramica-mosaico-mallorca\/"},"modified":"2025-07-25T18:54:13","modified_gmt":"2025-07-25T16:54:13","slug":"base-de-ceramica-mosaico-maiorca","status":"publish","type":"product","link":"https:\/\/olemosaic.com\/pt-pt\/produto\/base-de-ceramica-mosaico-maiorca\/","title":{"rendered":"Base de cer\u00e2mica para tachos. Mosaico. Maiorca."},"content":{"rendered":"<p>Esta base de cer\u00e2mica para tachos, de design colorido, \u00e9 uma aut\u00eantica joia que capta a ess\u00eancia de Maiorca. Inspirada nos emblem\u00e1ticos mosaicos da ilha balear, apresenta uma cativante variedade de padr\u00f5es geom\u00e9tricos numa vibrante paleta de tons azuis, cinzentos e cor-de-laranja. Com medidas ideais para qualquer mesa, esta base inclui o texto &#8220;MALLORCA&#8221; numa tipografia alegre, que real\u00e7a a sua liga\u00e7\u00e3o cultural com a regi\u00e3o.<\/p>\n<p>Cada pe\u00e7a \u00e9 cuidadosamente trabalhada com efeito pintado \u00e0 m\u00e3o, o que n\u00e3o s\u00f3 assegura a exclusividade de cada base, mas tamb\u00e9m reflete a rica tradi\u00e7\u00e3o artesanal de Maiorca. Os designs geom\u00e9tricos evocam a beleza dos azulejos tradicionais que adornam as ruas e edif\u00edcios da ilha, conferindo um toque art\u00edstico a qualquer refei\u00e7\u00e3o. Este produto funcional n\u00e3o s\u00f3 protege a superf\u00edcie da sua mesa, como tamb\u00e9m proporciona um apelo visual que transportar\u00e1 os seus convivas para as praias ensolaradas e mercados vibrantes de Maiorca.<\/p>\n<p>Na Ol\u00e9 Mosaic, a nossa miss\u00e3o \u00e9 oferecer lembran\u00e7as aut\u00eanticas que celebrem o patrim\u00f3nio cultural de Espanha. Esta base de cer\u00e2mica \u00e9 uma excelente op\u00e7\u00e3o para lojas de presentes tur\u00edsticos que procuram artigos de qualidade. Como distribuidores de lembran\u00e7as de Maiorca, garantimos que cada pe\u00e7a seja uma recorda\u00e7\u00e3o representativa e significativa, ideal para aqueles turistas que desejam levar consigo um peda\u00e7o da cultura balear.<\/p>\n","protected":false},"excerpt":{"rendered":"<p>Base de cer\u00e2mica para tachos com design colorido, inspirada nos emblem\u00e1ticos mosaicos de Maiorca. Este artigo funcional apresenta uma variada cole\u00e7\u00e3o de padr\u00f5es geom\u00e9tricos em tons azuis, cinzentos e cor-de-laranja, complementados com o texto &#8220;MALLORCA&#8221; numa tipografia alegre. Com um acabamento de design artesanal, pintado \u00e0 m\u00e3o, cada pe\u00e7a n\u00e3o s\u00f3 protege a superf\u00edcie da mesa, como tamb\u00e9m acrescenta um toque art\u00edstico e cultural \u00e0s suas refei\u00e7\u00f5es, evocando a beleza da ilha balear.<\/p>\n","protected":false},"featured_media":14185,"template":"","meta":{"_acf_changed":false},"product_brand":[],"product_cat":[830],"product_tag":[515],"class_list":{"0":"post-37611","1":"product","2":"type-product","3":"status-publish","4":"has-post-thumbnail","6":"product_cat-bases-para-pratos","7":"product_tag-ceramica","8":"pa_ciudad-mallorca","9":"pa_motivo-mosaico","10":"pa_pais-espana","12":"first","13":"instock","14":"shipping-taxable","15":"product-type-simple"},"acf":[],"_links":{"self":[{"href":"https:\/\/olemosaic.com\/pt-pt\/wp-json\/wp\/v2\/product\/37611","targetHints":{"allow":["GET"]}}],"collection":[{"href":"https:\/\/olemosaic.com\/pt-pt\/wp-json\/wp\/v2\/product"}],"about":[{"href":"https:\/\/olemosaic.com\/pt-pt\/wp-json\/wp\/v2\/types\/product"}],"wp:featuredmedia":[{"embeddable":true,"href":"https:\/\/olemosaic.com\/pt-pt\/wp-json\/wp\/v2\/media\/14185"}],"wp:attachment":[{"href":"https:\/\/olemosaic.com\/pt-pt\/wp-json\/wp\/v2\/media?parent=37611"}],"wp:term":[{"taxonomy":"product_brand","embeddable":true,"href":"https:\/\/olemosaic.com\/pt-pt\/wp-json\/wp\/v2\/product_brand?post=37611"},{"taxonomy":"product_cat","embeddable":true,"href":"https:\/\/olemosaic.com\/pt-pt\/wp-json\/wp\/v2\/product_cat?post=37611"},{"taxonomy":"product_tag","embeddable":true,"href":"https:\/\/olemosaic.com\/pt-pt\/wp-json\/wp\/v2\/product_tag?post=37611"}],"curies":[{"name":"wp","href":"https:\/\/api.w.org\/{rel}","templated":true}]}}