{"id":37610,"date":"2025-02-20T22:38:27","date_gmt":"2025-02-20T22:38:27","guid":{"rendered":"http:\/\/olemosaic.com\/producto\/salvamanteles-de-ceramica-toros-mallorca\/"},"modified":"2025-07-25T19:05:29","modified_gmt":"2025-07-25T17:05:29","slug":"base-de-ceramica-touros-maiorca","status":"publish","type":"product","link":"https:\/\/olemosaic.com\/pt-pt\/produto\/base-de-ceramica-touros-maiorca\/","title":{"rendered":"Base de cer\u00e2mica para tachos. Touros. Maiorca."},"content":{"rendered":"<p>Esta base de cer\u00e2mica para tachos, com o seu design vibrante de touros, \u00e9 uma pe\u00e7a singular que capta a ess\u00eancia de Maiorca e a sua rica tradi\u00e7\u00e3o cultural. Fabricada com cer\u00e2mica de alta qualidade, apresenta um acabamento colorido que funde um estilo de mosaico com tons vermelhos, verdes e amarelos, evocando a alegria e o dinamismo das festas maiorquinas. No centro, dois touros majestosos, s\u00edmbolo de for\u00e7a e tradi\u00e7\u00e3o na regi\u00e3o, erguem-se rodeados de motivos florais que acrescentam um toque de frescura e localismo.<\/p>\n<p>A palavra &#8220;MALLORCA&#8221; destaca-se com uma tipografia art\u00edstica, complementando o design juntamente com um sol estilizado que evoca o clima quente mediterr\u00e2nico. Esta base n\u00e3o \u00e9 apenas um acess\u00f3rio funcional, ideal para proteger as superf\u00edcies da sua mesa, mas tamb\u00e9m uma obra decorativa que confere car\u00e1cter a qualquer ambiente. A sua autenticidade como lembran\u00e7a maiorquina torna-a um presente perfeito para turistas que procuram levar consigo um peda\u00e7o da cultura local.<\/p>\n<p>Na Ol\u00e9 Mosaic, especializamo-nos na distribui\u00e7\u00e3o de lembran\u00e7as por grosso, oferecendo produtos \u00fanicos e representativos como esta base de cer\u00e2mica. \u00c9 uma excelente op\u00e7\u00e3o para lojas de presentes tur\u00edsticos, que une qualidade e relev\u00e2ncia cultural em cada pe\u00e7a. Ao incorporar esta base na sua oferta, estar\u00e1 a oferecer aos seus clientes uma recorda\u00e7\u00e3o aut\u00eantica e colorida de Maiorca que tornar\u00e1 a sua visita inesquec\u00edvel.<\/p>\n","protected":false},"excerpt":{"rendered":"<p>Base de cer\u00e2mica para tachos com um design vibrante de touros, que representam a tradi\u00e7\u00e3o e cultura de Maiorca. Esta pe\u00e7a apresenta um acabamento colorido, com um estilo de mosaico que combina tons vermelhos, verdes e amarelos, acompanhado de motivos florais sobre um fundo claro. Decorada com a palavra &#8220;MALLORCA&#8221; e um sol estilizado, \u00e9 um acess\u00f3rio funcional e decorativo que confere um toque local e alegre a qualquer mesa.<\/p>\n","protected":false},"featured_media":14184,"template":"","meta":{"_acf_changed":false},"product_brand":[],"product_cat":[830],"product_tag":[516,515],"class_list":{"0":"post-37610","1":"product","2":"type-product","3":"status-publish","4":"has-post-thumbnail","6":"product_cat-bases-para-pratos","7":"product_tag-animais","8":"product_tag-ceramica","9":"pa_ciudad-mallorca","10":"pa_motivo-touros","11":"pa_pais-espana","13":"first","14":"instock","15":"shipping-taxable","16":"product-type-simple"},"acf":[],"_links":{"self":[{"href":"https:\/\/olemosaic.com\/pt-pt\/wp-json\/wp\/v2\/product\/37610","targetHints":{"allow":["GET"]}}],"collection":[{"href":"https:\/\/olemosaic.com\/pt-pt\/wp-json\/wp\/v2\/product"}],"about":[{"href":"https:\/\/olemosaic.com\/pt-pt\/wp-json\/wp\/v2\/types\/product"}],"wp:featuredmedia":[{"embeddable":true,"href":"https:\/\/olemosaic.com\/pt-pt\/wp-json\/wp\/v2\/media\/14184"}],"wp:attachment":[{"href":"https:\/\/olemosaic.com\/pt-pt\/wp-json\/wp\/v2\/media?parent=37610"}],"wp:term":[{"taxonomy":"product_brand","embeddable":true,"href":"https:\/\/olemosaic.com\/pt-pt\/wp-json\/wp\/v2\/product_brand?post=37610"},{"taxonomy":"product_cat","embeddable":true,"href":"https:\/\/olemosaic.com\/pt-pt\/wp-json\/wp\/v2\/product_cat?post=37610"},{"taxonomy":"product_tag","embeddable":true,"href":"https:\/\/olemosaic.com\/pt-pt\/wp-json\/wp\/v2\/product_tag?post=37610"}],"curies":[{"name":"wp","href":"https:\/\/api.w.org\/{rel}","templated":true}]}}