{"id":37609,"date":"2025-02-20T22:38:27","date_gmt":"2025-02-20T22:38:27","guid":{"rendered":"http:\/\/olemosaic.com\/producto\/salvamanteles-de-ceramica-mariposa-valencia\/"},"modified":"2025-07-25T19:38:12","modified_gmt":"2025-07-25T17:38:12","slug":"base-de-ceramica-borboleta-valencia","status":"publish","type":"product","link":"https:\/\/olemosaic.com\/pt-pt\/produto\/base-de-ceramica-borboleta-valencia\/","title":{"rendered":"Base de cer\u00e2mica para tachos. Borboleta. Val\u00eancia."},"content":{"rendered":"<p>Esta base de cer\u00e2mica para tachos, com o seu design vibrante de borboletas, \u00e9 uma representa\u00e7\u00e3o \u00fanica da colorida tradi\u00e7\u00e3o do mosaico valenciano, uma cidade conhecida pela sua rica heran\u00e7a art\u00edstica e cultural. A pe\u00e7a apresenta uma mistura fascinante de tons brilhantes que d\u00e3o vida \u00e0s asas das borboletas, acompanhadas por um exuberante conjunto floral em diversas cores, tudo sobre um fundo de padr\u00f5es cinzentos que real\u00e7a cada detalhe. A palavra &#8220;VALENCIA&#8221; impressa de forma alegre liga quem a utiliza \u00e0 ess\u00eancia geogr\u00e1fica e cultural desta magn\u00edfica cidade.<\/p>\n<p>A base est\u00e1 emoldurada com uma borda entran\u00e7ada em vermelho que, al\u00e9m de acrescentar um toque de eleg\u00e2ncia, sublinha a sua autenticidade como uma aut\u00eantica lembran\u00e7a da regi\u00e3o. Al\u00e9m de ser um objeto decorativo, \u00e9 altamente funcional, pois protege as superf\u00edcies da casa ao mesmo tempo que embeleza a mesa com o seu design vibrante. Esta base de cer\u00e2mica \u00e9 uma excelente escolha para turistas que procuram celebrar a sua visita a Val\u00eancia atrav\u00e9s de uma recorda\u00e7\u00e3o pr\u00e1tica e representativa.<\/p>\n<p>Na Ol\u00e9 Mosaic especializamo-nos na distribui\u00e7\u00e3o de lembran\u00e7as por grosso, oferecendo produtos artesanais que real\u00e7am a cultura espanhola. Esta base de borboletas n\u00e3o \u00e9 apenas um acess\u00f3rio de cozinha, mas um tributo \u00e0 beleza e ao colorido que Val\u00eancia tem para oferecer, tornando-a uma lembran\u00e7a que combina funcionalidade e arte em qualquer lar.<\/p>\n","protected":false},"excerpt":{"rendered":"<p>Base de cer\u00e2mica para tachos com um design vibrante de borboletas, inspirado na colorida tradi\u00e7\u00e3o do mosaico valenciano. Esta pe\u00e7a apresenta uma mistura de tons brilhantes nas asas das borboletas, acompanhadas de flores de diversas cores, tudo sobre um fundo com padr\u00f5es cinzentos. A pe\u00e7a, que leva o nome &#8220;Valencia&#8221; impresso, completa-se com uma borda entran\u00e7ada em vermelho, o que real\u00e7a o seu apelo visual e cultural, tornando-a uma lembran\u00e7a pr\u00e1tica e encantadora.<\/p>\n","protected":false},"featured_media":14183,"template":"","meta":{"_acf_changed":false},"product_brand":[],"product_cat":[830],"product_tag":[516,515],"class_list":{"0":"post-37609","1":"product","2":"type-product","3":"status-publish","4":"has-post-thumbnail","6":"product_cat-bases-para-pratos","7":"product_tag-animais","8":"product_tag-ceramica","9":"pa_ciudad-valencia","10":"pa_motivo-borboletas","11":"pa_pais-espana","13":"first","14":"instock","15":"shipping-taxable","16":"product-type-simple"},"acf":[],"_links":{"self":[{"href":"https:\/\/olemosaic.com\/pt-pt\/wp-json\/wp\/v2\/product\/37609","targetHints":{"allow":["GET"]}}],"collection":[{"href":"https:\/\/olemosaic.com\/pt-pt\/wp-json\/wp\/v2\/product"}],"about":[{"href":"https:\/\/olemosaic.com\/pt-pt\/wp-json\/wp\/v2\/types\/product"}],"wp:featuredmedia":[{"embeddable":true,"href":"https:\/\/olemosaic.com\/pt-pt\/wp-json\/wp\/v2\/media\/14183"}],"wp:attachment":[{"href":"https:\/\/olemosaic.com\/pt-pt\/wp-json\/wp\/v2\/media?parent=37609"}],"wp:term":[{"taxonomy":"product_brand","embeddable":true,"href":"https:\/\/olemosaic.com\/pt-pt\/wp-json\/wp\/v2\/product_brand?post=37609"},{"taxonomy":"product_cat","embeddable":true,"href":"https:\/\/olemosaic.com\/pt-pt\/wp-json\/wp\/v2\/product_cat?post=37609"},{"taxonomy":"product_tag","embeddable":true,"href":"https:\/\/olemosaic.com\/pt-pt\/wp-json\/wp\/v2\/product_tag?post=37609"}],"curies":[{"name":"wp","href":"https:\/\/api.w.org\/{rel}","templated":true}]}}