{"id":37606,"date":"2025-02-20T22:38:26","date_gmt":"2025-02-20T22:38:26","guid":{"rendered":"http:\/\/olemosaic.com\/producto\/salvamanteles-de-ceramica-gato-tenerife\/"},"modified":"2025-07-25T18:55:54","modified_gmt":"2025-07-25T16:55:54","slug":"bases-de-mesa-de-ceramica-gato-tenerife","status":"publish","type":"product","link":"https:\/\/olemosaic.com\/pt-pt\/produto\/bases-de-mesa-de-ceramica-gato-tenerife\/","title":{"rendered":"Bases de mesa de cer\u00e2mica. Gato. Tenerife."},"content":{"rendered":"<p>Esta base de mesa de cer\u00e2mica apresenta um design vibrante de gatos inspirado na fauna \u00fanica de Tenerife. Elaborada com cer\u00e2mica de alta qualidade, esta pe\u00e7a n\u00e3o s\u00f3 \u00e9 funcional, como tamb\u00e9m acrescenta um toque decorativo e alegre \u00e0 sua mesa. O seu mosaico colorido mostra tr\u00eas gatos em diversas tonalidades, destacando a sua beleza gra\u00e7as a um intrincado trabalho art\u00edstico que captura a ess\u00eancia da vida selvagem can\u00e1ria. \u00c0 volta destes encantadores animais, borboletas brincalhonas completam o design, contrastando com um fundo texturizado que refor\u00e7a o seu apelo visual. Na parte superior, a palavra &#8220;Tenerife&#8221; destaca-se com um estilo chamativo, recordando a regi\u00e3o de origem desta pe\u00e7a \u00fanica. Esta base de mesa, al\u00e9m de ser representativa da cultura can\u00e1ria, \u00e9 uma excelente ideia como recorda\u00e7\u00e3o para os turistas que procuram um souvenir aut\u00eantico. Na Ol\u00e9 Mosaic, somos distribuidores de souvenirs por grosso, oferecendo produtos que celebram a riqueza da tradi\u00e7\u00e3o espanhola, como esta base de mesa de cer\u00e2mica que combina funcionalidade e est\u00e9tica numa s\u00f3 pe\u00e7a.<\/p>\n","protected":false},"excerpt":{"rendered":"<p>Base de mesa de cer\u00e2mica com um design vibrante de gatos, inspirado na fauna de Tenerife. Esta atrativa base de mesa apresenta um mosaico colorido que representa tr\u00eas gatos em diversas tonalidades, rodeados de borboletas e sobre um fundo texturizado. Com a palavra &#8220;Tenerife&#8221; destacada na parte superior, esta pe\u00e7a n\u00e3o s\u00f3 \u00e9 funcional, como tamb\u00e9m acrescenta um toque decorativo alegre \u00e0 sua mesa. O seu acabamento cer\u00e2mico garante durabilidade e estilo na sua casa.<\/p>\n","protected":false},"featured_media":14182,"template":"","meta":{"_acf_changed":false},"product_brand":[],"product_cat":[830],"product_tag":[516,515],"class_list":{"0":"post-37606","1":"product","2":"type-product","3":"status-publish","4":"has-post-thumbnail","6":"product_cat-bases-para-pratos","7":"product_tag-animais","8":"product_tag-ceramica","9":"pa_ciudad-tenerife","10":"pa_motivo-gatos","11":"pa_pais-espana","13":"first","14":"instock","15":"shipping-taxable","16":"product-type-simple"},"acf":[],"_links":{"self":[{"href":"https:\/\/olemosaic.com\/pt-pt\/wp-json\/wp\/v2\/product\/37606","targetHints":{"allow":["GET"]}}],"collection":[{"href":"https:\/\/olemosaic.com\/pt-pt\/wp-json\/wp\/v2\/product"}],"about":[{"href":"https:\/\/olemosaic.com\/pt-pt\/wp-json\/wp\/v2\/types\/product"}],"wp:featuredmedia":[{"embeddable":true,"href":"https:\/\/olemosaic.com\/pt-pt\/wp-json\/wp\/v2\/media\/14182"}],"wp:attachment":[{"href":"https:\/\/olemosaic.com\/pt-pt\/wp-json\/wp\/v2\/media?parent=37606"}],"wp:term":[{"taxonomy":"product_brand","embeddable":true,"href":"https:\/\/olemosaic.com\/pt-pt\/wp-json\/wp\/v2\/product_brand?post=37606"},{"taxonomy":"product_cat","embeddable":true,"href":"https:\/\/olemosaic.com\/pt-pt\/wp-json\/wp\/v2\/product_cat?post=37606"},{"taxonomy":"product_tag","embeddable":true,"href":"https:\/\/olemosaic.com\/pt-pt\/wp-json\/wp\/v2\/product_tag?post=37606"}],"curies":[{"name":"wp","href":"https:\/\/api.w.org\/{rel}","templated":true}]}}