{"id":37603,"date":"2025-02-20T23:38:26","date_gmt":"2025-02-20T22:38:26","guid":{"rendered":"http:\/\/olemosaic.com\/producto\/saleros-de-ceramica-sardinas-blanco\/"},"modified":"2025-07-25T18:52:21","modified_gmt":"2025-07-25T16:52:21","slug":"saleiros-de-ceramica-sardinhas-branco","status":"publish","type":"product","link":"https:\/\/olemosaic.com\/pt-pt\/produto\/saleiros-de-ceramica-sardinhas-branco\/","title":{"rendered":"Saleiros de cer\u00e2mica. Sardinhas. Branco."},"content":{"rendered":"<p>Este conjunto de saleiros de cer\u00e2mica pintados \u00e0 m\u00e3o \u00e9 uma vibrante homenagem \u00e0 tradi\u00e7\u00e3o piscat\u00f3ria das costas espanholas. Cada saleiro, de um branco brilhante, est\u00e1 decorado com sardinhas coloridas em tons de vermelho, amarelo, azul e verde, que representam um espet\u00e1culo visual que evoca a frescura do mar Mediterr\u00e2neo. A requintada ilustra\u00e7\u00e3o captura sardinhas a nadar num jogo de cores, rodeadas por um fundo ornamentado que real\u00e7a a riqueza do estilo espanhol, acrescentando um toque alegre e festivo a qualquer mesa.<\/p>\n<p>O design art\u00edstico n\u00e3o s\u00f3 deleita a vista, como tamb\u00e9m liga \u00e0 cultura costeira de Espanha, onde a pesca da sardinha \u00e9 uma tradi\u00e7\u00e3o hist\u00f3rica muito enraizada. Esta recorda\u00e7\u00e3o n\u00e3o \u00e9 apenas uma pe\u00e7a funcional na cozinha, mas atua tamb\u00e9m como uma lembran\u00e7a significativa, que transporta os turistas para a vivacidade das praias e mercados locais onde se vende este peixe fresco.<\/p>\n<p>Ideais para quem deseja levar um pedacinho da cultura mediterr\u00e2nica para as suas casas, estes saleiros s\u00e3o perfeitos para os turistas que procuram recorda\u00e7\u00f5es \u00fanicas e aut\u00eanticas. Na Ol\u00e9 Mosaic, especializamo-nos em oferecer recorda\u00e7\u00f5es de cer\u00e2mica de alta qualidade por grosso, proporcionando \u00e0s lojas de presentes tur\u00edsticos a oportunidade de apresentar este produto atrativo que combina arte, cultura e funcionalidade.<\/p>\n","protected":false},"excerpt":{"rendered":"<p>Saleiros de cer\u00e2mica pintados \u00e0 m\u00e3o, decorados com sardinhas coloridas sobre um fundo branco. Este conjunto apresenta um design vibrante que evoca a tradi\u00e7\u00e3o piscat\u00f3ria das costas espanholas, com sardinhas em tons de vermelho, amarelo, azul e verde. Os detalhes do design incluem elementos decorativos de estilo espanhol, acrescentando um toque fresco e alegre \u00e0 sua mesa. Um souvenir ideal para quem deseja levar um pedacinho da cultura mediterr\u00e2nica para casa.<\/p>\n","protected":false},"featured_media":8898,"template":"","meta":{"_acf_changed":false},"product_brand":[],"product_cat":[821],"product_tag":[516,515],"class_list":{"0":"post-37603","1":"product","2":"type-product","3":"status-publish","4":"has-post-thumbnail","6":"product_cat-saleiros","7":"product_tag-animais","8":"product_tag-ceramica","9":"pa_motivo-sardinhas","11":"first","12":"instock","13":"shipping-taxable","14":"product-type-simple"},"acf":[],"_links":{"self":[{"href":"https:\/\/olemosaic.com\/pt-pt\/wp-json\/wp\/v2\/product\/37603","targetHints":{"allow":["GET"]}}],"collection":[{"href":"https:\/\/olemosaic.com\/pt-pt\/wp-json\/wp\/v2\/product"}],"about":[{"href":"https:\/\/olemosaic.com\/pt-pt\/wp-json\/wp\/v2\/types\/product"}],"wp:featuredmedia":[{"embeddable":true,"href":"https:\/\/olemosaic.com\/pt-pt\/wp-json\/wp\/v2\/media\/8898"}],"wp:attachment":[{"href":"https:\/\/olemosaic.com\/pt-pt\/wp-json\/wp\/v2\/media?parent=37603"}],"wp:term":[{"taxonomy":"product_brand","embeddable":true,"href":"https:\/\/olemosaic.com\/pt-pt\/wp-json\/wp\/v2\/product_brand?post=37603"},{"taxonomy":"product_cat","embeddable":true,"href":"https:\/\/olemosaic.com\/pt-pt\/wp-json\/wp\/v2\/product_cat?post=37603"},{"taxonomy":"product_tag","embeddable":true,"href":"https:\/\/olemosaic.com\/pt-pt\/wp-json\/wp\/v2\/product_tag?post=37603"}],"curies":[{"name":"wp","href":"https:\/\/api.w.org\/{rel}","templated":true}]}}