{"id":37601,"date":"2025-02-20T22:38:25","date_gmt":"2025-02-20T22:38:25","guid":{"rendered":"http:\/\/olemosaic.com\/producto\/posavasos-de-ceramica-caballito-de-mar-tenerife\/"},"modified":"2025-07-25T18:54:56","modified_gmt":"2025-07-25T16:54:56","slug":"descanso-de-copos-de-ceramica-cavalo-marinho-tenerife","status":"publish","type":"product","link":"https:\/\/olemosaic.com\/pt-pt\/produto\/descanso-de-copos-de-ceramica-cavalo-marinho-tenerife\/","title":{"rendered":"Descanso de copos de cer\u00e2mica. Cavalo-marinho. Tenerife."},"content":{"rendered":"<p>Este descanso de copos de cer\u00e2mica \u00e9 uma representa\u00e7\u00e3o vibrante do cavalo-marinho, um s\u00edmbolo distintivo de Tenerife. Desenhado com cuidado, apresenta um mosaico colorido que combina tons de vermelho, azul e verde, evocando a riqueza do ambiente marinho can\u00e1rio. No centro, o cavalo-marinho exibe uma paleta de cores brilhante e alegre, rodeado de delicados elementos decorativos como uma estrela-do-mar e algas, o que adiciona um toque de autenticidade \u00e0 pe\u00e7a. O fundo branco com cinzento real\u00e7a o design, conferindo frescura e luminosidade, enquanto o texto &#8220;TENERIFE&#8221; na parte inferior refor\u00e7a a liga\u00e7\u00e3o cultural com a ilha.<\/p>\n<p>Este descanso de copos n\u00e3o \u00e9 apenas funcional, mas tamb\u00e9m serve como um excelente souvenir que captura a ess\u00eancia de Tenerife e a sua rica biodiversidade marinha. O seu design atrativo e colorido torna-o um presente perfeito para turistas que procuram uma recorda\u00e7\u00e3o representativa da sua visita \u00e0s Ilhas Can\u00e1rias. Na Ol\u00e9 Mosaic, somos distribuidores de souvenirs de alta qualidade, e este descanso de copos de cer\u00e2mica \u00e9 ideal para lojas de presentes tur\u00edsticos que desejem oferecer artigos aut\u00eanticos e com significado cultural. Atraia os seus clientes com este encantador souvenir, que n\u00e3o s\u00f3 decora, mas tamb\u00e9m conta a hist\u00f3ria de uma das ilhas mais belas de Espanha.<\/p>\n","protected":false},"excerpt":{"rendered":"<p>Descanso de copos de cer\u00e2mica que representa um colorido cavalo-marinho, s\u00edmbolo de Tenerife. Este atrativo descanso de copos apresenta um design vibrante com um mosaico de cores que inclui vermelhos, azuis e verdes, complementado com elementos decorativos como uma estrela-do-mar e algas. O fundo branco com cinzento confere um toque fresco, enquanto o texto &#8220;TENERIFE&#8221; real\u00e7a a liga\u00e7\u00e3o com a ilha. Ideal para adicionar um toque can\u00e1rio a qualquer mesa.<\/p>\n","protected":false},"featured_media":14179,"template":"","meta":{"_acf_changed":false},"product_brand":[],"product_cat":[818],"product_tag":[516,515],"class_list":{"0":"post-37601","1":"product","2":"type-product","3":"status-publish","4":"has-post-thumbnail","6":"product_cat-bases-de-copos","7":"product_tag-animais","8":"product_tag-ceramica","9":"pa_ciudad-tenerife","10":"pa_motivo-cavalos-marinhos","11":"pa_pais-espana","13":"first","14":"instock","15":"shipping-taxable","16":"product-type-simple"},"acf":[],"_links":{"self":[{"href":"https:\/\/olemosaic.com\/pt-pt\/wp-json\/wp\/v2\/product\/37601","targetHints":{"allow":["GET"]}}],"collection":[{"href":"https:\/\/olemosaic.com\/pt-pt\/wp-json\/wp\/v2\/product"}],"about":[{"href":"https:\/\/olemosaic.com\/pt-pt\/wp-json\/wp\/v2\/types\/product"}],"wp:featuredmedia":[{"embeddable":true,"href":"https:\/\/olemosaic.com\/pt-pt\/wp-json\/wp\/v2\/media\/14179"}],"wp:attachment":[{"href":"https:\/\/olemosaic.com\/pt-pt\/wp-json\/wp\/v2\/media?parent=37601"}],"wp:term":[{"taxonomy":"product_brand","embeddable":true,"href":"https:\/\/olemosaic.com\/pt-pt\/wp-json\/wp\/v2\/product_brand?post=37601"},{"taxonomy":"product_cat","embeddable":true,"href":"https:\/\/olemosaic.com\/pt-pt\/wp-json\/wp\/v2\/product_cat?post=37601"},{"taxonomy":"product_tag","embeddable":true,"href":"https:\/\/olemosaic.com\/pt-pt\/wp-json\/wp\/v2\/product_tag?post=37601"}],"curies":[{"name":"wp","href":"https:\/\/api.w.org\/{rel}","templated":true}]}}