{"id":37599,"date":"2025-02-20T22:38:25","date_gmt":"2025-02-20T22:38:25","guid":{"rendered":"http:\/\/olemosaic.com\/producto\/posavasos-de-ceramica-sardinas-tenerife\/"},"modified":"2025-07-25T18:54:54","modified_gmt":"2025-07-25T16:54:54","slug":"descanso-de-copos-de-ceramica-sardinhas-tenerife","status":"publish","type":"product","link":"https:\/\/olemosaic.com\/pt-pt\/produto\/descanso-de-copos-de-ceramica-sardinhas-tenerife\/","title":{"rendered":"Descanso de copos de cer\u00e2mica. Sardinhas. Tenerife."},"content":{"rendered":"<p>Este descanso de copos de cer\u00e2mica redondo, inspirado na cultura de Tenerife, \u00e9 uma pe\u00e7a vibrante e encantadora que captura a ess\u00eancia da ilha. Decorado com quatro sardinhas numa paleta de cores vivas \u2014 vermelho, amarelo, verde e azul \u2014, este design n\u00e3o \u00e9 apenas visualmente atrativo, mas tamb\u00e9m reflete o estilo de vida costeiro de Tenerife. As sardinhas, representadas num estilo gr\u00e1fico cativante, nadam sobre um fundo que simula o design de um azulejo tradicional em tons de branco e azul, evocando assim a liga\u00e7\u00e3o com a heran\u00e7a cultural can\u00e1ria. O nome &#8220;TENERIFE&#8221; aparece impresso na parte inferior, adicionando um toque distintivo que real\u00e7a a origem deste aut\u00eantico souvenir.<\/p>\n<p>Este descanso de copos, al\u00e9m de funcional, atua como um elemento decorativo que alegrar\u00e1 qualquer mesa, tornando-se uma recorda\u00e7\u00e3o ideal para quem visita Tenerife. Cada pe\u00e7a \u00e9 elaborada com cer\u00e2mica de alta qualidade, o que garante a sua durabilidade e um acabamento perfeito, ideal tanto para o uso di\u00e1rio como para ocasi\u00f5es especiais. Na Ol\u00e9 Mosaic, oferecemos souvenirs aut\u00eanticos que refletem a cultura e tradi\u00e7\u00e3o das diversas regi\u00f5es de Espanha, fazendo deste descanso de copos de cer\u00e2mica um excelente artigo para lojas de presentes tur\u00edsticos que procuram qualidade e singularidade nos seus produtos. Sem d\u00favida, um excelente souvenir de Tenerife que recordar\u00e1 aos turistas a beleza e alegria desta ilha fascinante.<\/p>\n","protected":false},"excerpt":{"rendered":"<p>Descansos de copos redondos de cer\u00e2mica inspirados na cultura de Tenerife, decorados com sardinhas coloridas. A pe\u00e7a mostra quatro sardinhas em tons vibrantes de vermelho, amarelo, verde e azul, sobre um fundo que imita os azulejos brancos e azuis. Na parte inferior, a inscri\u00e7\u00e3o &#8220;TENERIFE&#8221; adiciona um toque distintivo que real\u00e7a a liga\u00e7\u00e3o com a ilha. Ideal para dar um toque artesanal e alegre a qualquer mesa.<\/p>\n","protected":false},"featured_media":14177,"template":"","meta":{"_acf_changed":false},"product_brand":[],"product_cat":[818],"product_tag":[516,515],"class_list":{"0":"post-37599","1":"product","2":"type-product","3":"status-publish","4":"has-post-thumbnail","6":"product_cat-bases-de-copos","7":"product_tag-animais","8":"product_tag-ceramica","9":"pa_ciudad-tenerife","10":"pa_motivo-sardinhas","11":"pa_pais-espana","13":"first","14":"instock","15":"shipping-taxable","16":"product-type-simple"},"acf":[],"_links":{"self":[{"href":"https:\/\/olemosaic.com\/pt-pt\/wp-json\/wp\/v2\/product\/37599","targetHints":{"allow":["GET"]}}],"collection":[{"href":"https:\/\/olemosaic.com\/pt-pt\/wp-json\/wp\/v2\/product"}],"about":[{"href":"https:\/\/olemosaic.com\/pt-pt\/wp-json\/wp\/v2\/types\/product"}],"wp:featuredmedia":[{"embeddable":true,"href":"https:\/\/olemosaic.com\/pt-pt\/wp-json\/wp\/v2\/media\/14177"}],"wp:attachment":[{"href":"https:\/\/olemosaic.com\/pt-pt\/wp-json\/wp\/v2\/media?parent=37599"}],"wp:term":[{"taxonomy":"product_brand","embeddable":true,"href":"https:\/\/olemosaic.com\/pt-pt\/wp-json\/wp\/v2\/product_brand?post=37599"},{"taxonomy":"product_cat","embeddable":true,"href":"https:\/\/olemosaic.com\/pt-pt\/wp-json\/wp\/v2\/product_cat?post=37599"},{"taxonomy":"product_tag","embeddable":true,"href":"https:\/\/olemosaic.com\/pt-pt\/wp-json\/wp\/v2\/product_tag?post=37599"}],"curies":[{"name":"wp","href":"https:\/\/api.w.org\/{rel}","templated":true}]}}