{"id":37595,"date":"2025-02-20T22:38:24","date_gmt":"2025-02-20T22:38:24","guid":{"rendered":"http:\/\/olemosaic.com\/producto\/posavasos-de-ceramica-gato-fuerteventura\/"},"modified":"2025-07-25T20:13:25","modified_gmt":"2025-07-25T18:13:25","slug":"base-para-copos-de-ceramica-gato-fuerteventura","status":"publish","type":"product","link":"https:\/\/olemosaic.com\/pt-pt\/produto\/base-para-copos-de-ceramica-gato-fuerteventura\/","title":{"rendered":"Base para copos de cer\u00e2mica. Gato. Fuerteventura."},"content":{"rendered":"<p>Esta base para copos de cer\u00e2mica \u00e9 uma aut\u00eantica joia da arte can\u00e1ria, inspirada nos vibrantes gatos de Fuerteventura. O seu design alegre e colorido, realizado com uma t\u00e9cnica de mosaico, real\u00e7a a singularidade do objeto, tornando-o uma excelente recorda\u00e7\u00e3o. No centro, tr\u00eas gatos estilizados, em tons brilhantes de azul, verde e laranja, disp\u00f5em-se de forma harmoniosa, acompanhados por borboletas multicoloridas que acrescentam um toque de vida e dinamismo. Na parte superior da base para copos, a palavra &#8220;FUERTEVENTURA&#8221; destaca a origem do produto, evocando o esp\u00edrito festivo e acolhedor da ilha.<\/p>\n<p>Esta base para copos n\u00e3o \u00e9 apenas um acess\u00f3rio para proteger as suas superf\u00edcies, mas tamb\u00e9m uma recorda\u00e7\u00e3o representativa que capta a ess\u00eancia da cultura local. A rela\u00e7\u00e3o dos gatos com Fuerteventura \u00e9 emblem\u00e1tica, pois fazem parte da fauna da ilha e simbolizam a alegria e o lar. A Ol\u00e9 Mosaic orgulha-se de oferecer este tipo de recorda\u00e7\u00f5es aut\u00eanticas, ideais para lojas de presentes tur\u00edsticos que procuram atrair os visitantes com produtos \u00fanicos e cheios de significado. Como grossista de recorda\u00e7\u00f5es, garantimos que cada pe\u00e7a reflete a autenticidade e o valor cultural do seu lugar de origem, tornando esta base para copos um presente perfeito e memor\u00e1vel.<\/p>\n","protected":false},"excerpt":{"rendered":"<p>Base para copos de cer\u00e2mica inspirada nos vibrantes gatos de Fuerteventura. Este artigo combina um design colorido e alegre com uma t\u00e9cnica de mosaico que destaca a sua singularidade. A decora\u00e7\u00e3o inclui tr\u00eas gatos estilizados em tons brilhantes de azul, verde e laranja, acompanhados por borboletas multicoloridas. Na parte superior, o texto &#8220;FUERTEVENTURA&#8221;, em letras apelativas, confere um toque adicional a esta recorda\u00e7\u00e3o original que capta a ess\u00eancia festiva da ilha.<\/p>\n","protected":false},"featured_media":14173,"template":"","meta":{"_acf_changed":false},"product_brand":[],"product_cat":[818],"product_tag":[516,515],"class_list":{"0":"post-37595","1":"product","2":"type-product","3":"status-publish","4":"has-post-thumbnail","6":"product_cat-bases-de-copos","7":"product_tag-animais","8":"product_tag-ceramica","9":"pa_ciudad-fuerteventura","10":"pa_motivo-gatos","11":"pa_pais-espana","13":"first","14":"instock","15":"shipping-taxable","16":"product-type-simple"},"acf":[],"_links":{"self":[{"href":"https:\/\/olemosaic.com\/pt-pt\/wp-json\/wp\/v2\/product\/37595","targetHints":{"allow":["GET"]}}],"collection":[{"href":"https:\/\/olemosaic.com\/pt-pt\/wp-json\/wp\/v2\/product"}],"about":[{"href":"https:\/\/olemosaic.com\/pt-pt\/wp-json\/wp\/v2\/types\/product"}],"wp:featuredmedia":[{"embeddable":true,"href":"https:\/\/olemosaic.com\/pt-pt\/wp-json\/wp\/v2\/media\/14173"}],"wp:attachment":[{"href":"https:\/\/olemosaic.com\/pt-pt\/wp-json\/wp\/v2\/media?parent=37595"}],"wp:term":[{"taxonomy":"product_brand","embeddable":true,"href":"https:\/\/olemosaic.com\/pt-pt\/wp-json\/wp\/v2\/product_brand?post=37595"},{"taxonomy":"product_cat","embeddable":true,"href":"https:\/\/olemosaic.com\/pt-pt\/wp-json\/wp\/v2\/product_cat?post=37595"},{"taxonomy":"product_tag","embeddable":true,"href":"https:\/\/olemosaic.com\/pt-pt\/wp-json\/wp\/v2\/product_tag?post=37595"}],"curies":[{"name":"wp","href":"https:\/\/api.w.org\/{rel}","templated":true}]}}