{"id":37594,"date":"2025-02-20T23:38:24","date_gmt":"2025-02-20T22:38:24","guid":{"rendered":"http:\/\/olemosaic.com\/producto\/posavasos-de-ceramica-salamandra-lanzarote-2\/"},"modified":"2025-07-25T19:26:35","modified_gmt":"2025-07-25T17:26:35","slug":"base-para-copos-de-ceramica-salamandra-lanzarote-2","status":"publish","type":"product","link":"https:\/\/olemosaic.com\/pt-pt\/produto\/base-para-copos-de-ceramica-salamandra-lanzarote-2\/","title":{"rendered":"Base para copos de cer\u00e2mica. Salamandra. Lanzarote. Branco"},"content":{"rendered":"<p>Esta base para copos de cer\u00e2mica, inspirada na fauna e flora de Lanzarote, \u00e9 uma joia decorativa que representa a vibrante biodiversidade das Ilhas Can\u00e1rias. O seu design colorido destaca-se pela presen\u00e7a de duas salamandras em tons vivos, rodeadas de belas flores e motivos geom\u00e9tricos que evocam a paisagem \u00fanica de Lanzarote. A cer\u00e2mica brilhante real\u00e7a os detalhes delicados do mosaico, com tonalidades vermelhas, verdes e azuis que criam um efeito visual cativante sobre um fundo branco limpo e simples. Complementando esta obra de arte, o texto &#8220;Lanzarote&#8221; est\u00e1 impresso com uma tipografia apelativa, assegurando que esta base para copos n\u00e3o seja apenas funcional, mas tamb\u00e9m uma recorda\u00e7\u00e3o memor\u00e1vel da sua visita \u00e0 ilha.<\/p>\n<p>Este produto capta a ess\u00eancia cultural de Lanzarote, onde a natureza e o artesanato se entrela\u00e7am em cada canto. Ao escolher esta base para copos como recorda\u00e7\u00e3o, os turistas podem levar para casa um peda\u00e7o aut\u00eantico da tradi\u00e7\u00e3o can\u00e1ria e um s\u00edmbolo da sua rica biodiversidade. Na Ol\u00e9 Mosaic, especializamo-nos na distribui\u00e7\u00e3o de recorda\u00e7\u00f5es por grosso, e esta base para copos de cer\u00e2mica \u00e9 a adi\u00e7\u00e3o perfeita para lojas de presentes tur\u00edsticos que procuram oferecer produtos \u00fanicos e representativos. O seu design exclusivo e a sua liga\u00e7\u00e3o cultural tornam-na a recorda\u00e7\u00e3o ideal para quem deseja recordar a sua experi\u00eancia em Lanzarote.<\/p>\n","protected":false},"excerpt":{"rendered":"<p>Base para copos de cer\u00e2mica inspirada na fauna e flora de Lanzarote. Este design colorido mostra duas salamandras de cores vibrantes, rodeadas de flores e motivos geom\u00e9tricos. O acabamento cer\u00e2mico brilhante real\u00e7a os detalhes do mosaico, combinando tonalidades vermelhas, verdes e azuis sobre um fundo branco. Com o texto &#8220;Lanzarote&#8221; impresso, esta base para copos \u00e9 uma pe\u00e7a \u00fanica e funcional que capta a ess\u00eancia da paisagem can\u00e1ria.<\/p>\n","protected":false},"featured_media":14172,"template":"","meta":{"_acf_changed":false},"product_brand":[],"product_cat":[818],"product_tag":[516,515],"class_list":{"0":"post-37594","1":"product","2":"type-product","3":"status-publish","4":"has-post-thumbnail","6":"product_cat-bases-de-copos","7":"product_tag-animais","8":"product_tag-ceramica","9":"pa_ciudad-lanzarote","10":"pa_motivo-salamandras","11":"pa_pais-espana","13":"first","14":"instock","15":"shipping-taxable","16":"product-type-simple"},"acf":[],"_links":{"self":[{"href":"https:\/\/olemosaic.com\/pt-pt\/wp-json\/wp\/v2\/product\/37594","targetHints":{"allow":["GET"]}}],"collection":[{"href":"https:\/\/olemosaic.com\/pt-pt\/wp-json\/wp\/v2\/product"}],"about":[{"href":"https:\/\/olemosaic.com\/pt-pt\/wp-json\/wp\/v2\/types\/product"}],"wp:featuredmedia":[{"embeddable":true,"href":"https:\/\/olemosaic.com\/pt-pt\/wp-json\/wp\/v2\/media\/14172"}],"wp:attachment":[{"href":"https:\/\/olemosaic.com\/pt-pt\/wp-json\/wp\/v2\/media?parent=37594"}],"wp:term":[{"taxonomy":"product_brand","embeddable":true,"href":"https:\/\/olemosaic.com\/pt-pt\/wp-json\/wp\/v2\/product_brand?post=37594"},{"taxonomy":"product_cat","embeddable":true,"href":"https:\/\/olemosaic.com\/pt-pt\/wp-json\/wp\/v2\/product_cat?post=37594"},{"taxonomy":"product_tag","embeddable":true,"href":"https:\/\/olemosaic.com\/pt-pt\/wp-json\/wp\/v2\/product_tag?post=37594"}],"curies":[{"name":"wp","href":"https:\/\/api.w.org\/{rel}","templated":true}]}}