{"id":37593,"date":"2025-02-20T23:38:24","date_gmt":"2025-02-20T22:38:24","guid":{"rendered":"http:\/\/olemosaic.com\/producto\/posavasos-de-ceramica-patio-mallorca\/"},"modified":"2025-07-25T19:04:44","modified_gmt":"2025-07-25T17:04:44","slug":"base-para-copos-de-ceramica-patio-maiorca","status":"publish","type":"product","link":"https:\/\/olemosaic.com\/pt-pt\/produto\/base-para-copos-de-ceramica-patio-maiorca\/","title":{"rendered":"Base para copos de cer\u00e2mica. P\u00e1tio. Maiorca."},"content":{"rendered":"<p>Esta base para copos de cer\u00e2mica, inspirada no ambiente vibrante de um p\u00e1tio maiorquino, \u00e9 um acess\u00f3rio decorativo elegante e colorido que funde funcionalidade e arte. Com um design pintado \u00e0 m\u00e3o, apresenta uma encantadora ilustra\u00e7\u00e3o de um casal a dan\u00e7ar flamenco, rodeado de vasos cheios de flores que evocam a beleza mediterr\u00e2nica. Os tons vermelhos do vestido da bailarina contrastam com o branco e azul da cer\u00e2mica, enquanto os detalhes em verde conferem frescura e um toque natural, tornando esta base para copos uma pe\u00e7a \u00fanica e apelativa.<\/p>\n<p>O p\u00e1tio maiorquino \u00e9 um s\u00edmbolo da vida local, onde a m\u00fasica e a dan\u00e7a se entrela\u00e7am com o esplendor da natureza. Esta representa\u00e7\u00e3o art\u00edstica n\u00e3o s\u00f3 capta a ess\u00eancia da ilha, como tamb\u00e9m convida a reviver momentos de alegria e celebra\u00e7\u00e3o, caracter\u00edsticos da cultura maiorquina. Esta base para copos n\u00e3o \u00e9 apenas ideal para proteger superf\u00edcies, mas tamb\u00e9m atua como uma recorda\u00e7\u00e3o memor\u00e1vel que incorpora hist\u00f3ria e tradi\u00e7\u00e3o.<\/p>\n<p>Na Ol\u00e9 Mosaic, especializamo-nos na distribui\u00e7\u00e3o de recorda\u00e7\u00f5es por grosso, e esta base para copos de cer\u00e2mica \u00e9 uma excelente op\u00e7\u00e3o para lojas de presentes tur\u00edsticos que procuram oferecer produtos aut\u00eanticos e representativos de Maiorca. Com esta recorda\u00e7\u00e3o, os turistas poder\u00e3o levar um peda\u00e7o da ilha, ideal para recordar a sua visita e expressar o seu amor pela cultura espanhola.<\/p>\n","protected":false},"excerpt":{"rendered":"<p>Base para copos de cer\u00e2mica inspirada no ambiente vibrante de um p\u00e1tio maiorquino. Esta elegante base para copos apresenta uma ilustra\u00e7\u00e3o colorida de um casal a dan\u00e7ar flamenco, rodeado de vasos com flores e elementos decorativos que evocam a vida local. Com um design artesanal, pintado \u00e0 m\u00e3o, incorpora detalhes em tons de vermelho, verde e azul, oferecendo uma representa\u00e7\u00e3o aut\u00eantica da cultura maiorquina. Ideal para qualquer mesa, combina funcionalidade e arte.<\/p>\n","protected":false},"featured_media":14171,"template":"","meta":{"_acf_changed":false},"product_brand":[],"product_cat":[818],"product_tag":[515],"class_list":{"0":"post-37593","1":"product","2":"type-product","3":"status-publish","4":"has-post-thumbnail","6":"product_cat-bases-de-copos","7":"product_tag-ceramica","8":"pa_ciudad-mallorca","9":"pa_motivo-patios","10":"pa_pais-espana","12":"first","13":"instock","14":"shipping-taxable","15":"product-type-simple"},"acf":[],"_links":{"self":[{"href":"https:\/\/olemosaic.com\/pt-pt\/wp-json\/wp\/v2\/product\/37593","targetHints":{"allow":["GET"]}}],"collection":[{"href":"https:\/\/olemosaic.com\/pt-pt\/wp-json\/wp\/v2\/product"}],"about":[{"href":"https:\/\/olemosaic.com\/pt-pt\/wp-json\/wp\/v2\/types\/product"}],"wp:featuredmedia":[{"embeddable":true,"href":"https:\/\/olemosaic.com\/pt-pt\/wp-json\/wp\/v2\/media\/14171"}],"wp:attachment":[{"href":"https:\/\/olemosaic.com\/pt-pt\/wp-json\/wp\/v2\/media?parent=37593"}],"wp:term":[{"taxonomy":"product_brand","embeddable":true,"href":"https:\/\/olemosaic.com\/pt-pt\/wp-json\/wp\/v2\/product_brand?post=37593"},{"taxonomy":"product_cat","embeddable":true,"href":"https:\/\/olemosaic.com\/pt-pt\/wp-json\/wp\/v2\/product_cat?post=37593"},{"taxonomy":"product_tag","embeddable":true,"href":"https:\/\/olemosaic.com\/pt-pt\/wp-json\/wp\/v2\/product_tag?post=37593"}],"curies":[{"name":"wp","href":"https:\/\/api.w.org\/{rel}","templated":true}]}}