{"id":37592,"date":"2025-02-20T22:38:24","date_gmt":"2025-02-20T22:38:24","guid":{"rendered":"http:\/\/olemosaic.com\/producto\/posavasos-de-ceramica-toros-tenerife\/"},"modified":"2025-07-25T18:34:47","modified_gmt":"2025-07-25T16:34:47","slug":"base-para-copos-de-ceramica-touros-tenerife","status":"publish","type":"product","link":"https:\/\/olemosaic.com\/pt-pt\/produto\/base-para-copos-de-ceramica-touros-tenerife\/","title":{"rendered":"Base para copos de cer\u00e2mica. Touros. Tenerife."},"content":{"rendered":"<p>Esta base para copos de cer\u00e2mica, ilustrada com um design vibrante de um touro, \u00e9 uma aut\u00eantica representa\u00e7\u00e3o da rica cultura pecu\u00e1ria de Tenerife. A pe\u00e7a, que combina funcionalidade e arte, mostra um alegre mosaico de cores, incluindo azul, verde, vermelho e amarelo, que real\u00e7am a beleza natural da ilha can\u00e1ria. Em primeiro plano, um robusto touro ergue-se com orgulho, simbolizando a for\u00e7a e a tradi\u00e7\u00e3o pecu\u00e1ria da regi\u00e3o, rodeado por uma paisagem repleta de flores vermelhas que se destacam sobre um fundo cinzento claro, conferindo-lhe um toque contempor\u00e2neo e atraente.<\/p>\n<p>A palavra &#8220;TENERIFE&#8221; localiza-se na parte superior, acrescentando valor identit\u00e1rio ao produto e tornando-o uma recorda\u00e7\u00e3o perfeita para quem procura levar um peda\u00e7o da ilha. O sol radiante, que espreita por tr\u00e1s do touro, evoca o calor do clima can\u00e1rio e as vibrantes tradi\u00e7\u00f5es locais. Esta base para copos n\u00e3o \u00e9 apenas um artigo decorativo, mas tamb\u00e9m permite aos turistas desfrutar da sua funcionalidade enquanto imortalizam o esp\u00edrito de Tenerife no seu lar.<\/p>\n<p>Na Ol\u00e9 Mosaic, oferecemos esta base para copos de cer\u00e2mica como uma excelente op\u00e7\u00e3o para lojas de recorda\u00e7\u00f5es, destacando a sua autenticidade e relev\u00e2ncia cultural. Com este produto, os comerciantes podem oferecer aos seus clientes uma aut\u00eantica recorda\u00e7\u00e3o de Tenerife que celebra o patrim\u00f3nio das Ilhas Can\u00e1rias e o seu folclore, refor\u00e7ando assim a liga\u00e7\u00e3o emocional que os viajantes procuram. Como distribuidores de recorda\u00e7\u00f5es, garantimos qualidade e design em cada um dos nossos produtos, assegurando que esta base para copos de touro seja um artigo muito apreciado no ponto de venda.<\/p>\n","protected":false},"excerpt":{"rendered":"<p>Base para copos de cer\u00e2mica com um design vibrante de um touro, que representa a cultura pecu\u00e1ria de Tenerife. Este artigo colorido apresenta um mosaico de tons como o azul, o verde, o vermelho e o amarelo, sobre um fundo de flores vermelhas e um sol radiante. A palavra &#8220;TENERIFE&#8221; destaca-se na parte superior, tornando esta base para copos uma pe\u00e7a decorativa e funcional, perfeita para recordar a tradi\u00e7\u00e3o e o folclore da ilha can\u00e1ria.<\/p>\n","protected":false},"featured_media":14170,"template":"","meta":{"_acf_changed":false},"product_brand":[],"product_cat":[818],"product_tag":[516,515],"class_list":{"0":"post-37592","1":"product","2":"type-product","3":"status-publish","4":"has-post-thumbnail","6":"product_cat-bases-de-copos","7":"product_tag-animais","8":"product_tag-ceramica","9":"pa_ciudad-tenerife","10":"pa_motivo-touros","11":"pa_pais-espana","13":"first","14":"instock","15":"shipping-taxable","16":"product-type-simple"},"acf":[],"_links":{"self":[{"href":"https:\/\/olemosaic.com\/pt-pt\/wp-json\/wp\/v2\/product\/37592","targetHints":{"allow":["GET"]}}],"collection":[{"href":"https:\/\/olemosaic.com\/pt-pt\/wp-json\/wp\/v2\/product"}],"about":[{"href":"https:\/\/olemosaic.com\/pt-pt\/wp-json\/wp\/v2\/types\/product"}],"wp:featuredmedia":[{"embeddable":true,"href":"https:\/\/olemosaic.com\/pt-pt\/wp-json\/wp\/v2\/media\/14170"}],"wp:attachment":[{"href":"https:\/\/olemosaic.com\/pt-pt\/wp-json\/wp\/v2\/media?parent=37592"}],"wp:term":[{"taxonomy":"product_brand","embeddable":true,"href":"https:\/\/olemosaic.com\/pt-pt\/wp-json\/wp\/v2\/product_brand?post=37592"},{"taxonomy":"product_cat","embeddable":true,"href":"https:\/\/olemosaic.com\/pt-pt\/wp-json\/wp\/v2\/product_cat?post=37592"},{"taxonomy":"product_tag","embeddable":true,"href":"https:\/\/olemosaic.com\/pt-pt\/wp-json\/wp\/v2\/product_tag?post=37592"}],"curies":[{"name":"wp","href":"https:\/\/api.w.org\/{rel}","templated":true}]}}