{"id":37584,"date":"2025-02-20T22:38:22","date_gmt":"2025-02-20T22:38:22","guid":{"rendered":"http:\/\/olemosaic.com\/producto\/posavasos-de-ceramica-salamandra-gran-canaria-2\/"},"modified":"2025-07-25T18:53:39","modified_gmt":"2025-07-25T16:53:39","slug":"base-de-copos-de-ceramica-salamandra-gran-canaria-2","status":"publish","type":"product","link":"https:\/\/olemosaic.com\/pt-pt\/produto\/base-de-copos-de-ceramica-salamandra-gran-canaria-2\/","title":{"rendered":"Base de copos de cer\u00e2mica. Salamandra. Gran Canaria."},"content":{"rendered":"<p>Esta base de copos de cer\u00e2mica, decorada com ilustra\u00e7\u00f5es vibrantes de salamandras, \u00e9 uma recorda\u00e7\u00e3o representativa de Gran Canaria, desenhada para captar a ess\u00eancia do colorido folclore can\u00e1rio. Com um design de mosaico que exibe uma explos\u00e3o de tons vermelhos, verdes, azuis e amarelos, esta base de copos \u00e9 funcional e decorativa ao mesmo tempo. As salamandras, s\u00edmbolo de boa sorte em diversas culturas, entrela\u00e7am-se com flores multicoloridas, criando uma composi\u00e7\u00e3o alegre e cheia de vida. A inscri\u00e7\u00e3o &#8220;Gran Canaria&#8221; est\u00e1 subtilmente integrada, adicionando autenticidade e refor\u00e7ando a sua liga\u00e7\u00e3o cultural com a ilha.<\/p>\n<p>Feita de cer\u00e2mica de alta qualidade, esta base de copos n\u00e3o s\u00f3 protege as superf\u00edcies da humidade, como tamb\u00e9m serve como um espetacular elemento decorativo que evocar\u00e1 mem\u00f3rias de f\u00e9rias no arquip\u00e9lago can\u00e1rio. Cada utiliza\u00e7\u00e3o \u00e9 um lembrete das paisagens ensolaradas e da vibrante cultura de Gran Canaria.<\/p>\n<p>Perfeita para turistas que procuram souvenirs \u00fanicos e aut\u00eanticos, esta base de copos de cer\u00e2mica \u00e9 uma excelente op\u00e7\u00e3o para lojas de presentes tur\u00edsticos que desejem produtos que reflitam o car\u00e1ter distintivo da regi\u00e3o. Na Ol\u00e9 Mosaic, como distribuidores de souvenirs por grosso, garantimos qualidade e relev\u00e2ncia cultural em cada um dos nossos produtos, tornando esta base de copos uma adi\u00e7\u00e3o valiosa a qualquer loja.<\/p>\n","protected":false},"excerpt":{"rendered":"<p>Base de copos de cer\u00e2mica decorada com uma ilustra\u00e7\u00e3o vibrante de salamandras, inspirada no colorido folclore de Gran Canaria. Este produto apresenta um design em mosaico que combina tons vermelhos, verdes, azuis e amarelos, rodeado de flores multicoloridas sobre um fundo claro. A inscri\u00e7\u00e3o &#8220;Gran Canaria&#8221; est\u00e1 subtilmente integrada na composi\u00e7\u00e3o, conferindo um toque de autenticidade a esta encantadora recorda\u00e7\u00e3o que refletir\u00e1 a ess\u00eancia da ilha em cada utiliza\u00e7\u00e3o.<\/p>\n","protected":false},"featured_media":14162,"template":"","meta":{"_acf_changed":false},"product_brand":[],"product_cat":[818],"product_tag":[516,515],"class_list":{"0":"post-37584","1":"product","2":"type-product","3":"status-publish","4":"has-post-thumbnail","6":"product_cat-bases-de-copos","7":"product_tag-animais","8":"product_tag-ceramica","9":"pa_ciudad-gran-canaria","10":"pa_motivo-salamandras","11":"pa_pais-espana","13":"first","14":"instock","15":"shipping-taxable","16":"product-type-simple"},"acf":[],"_links":{"self":[{"href":"https:\/\/olemosaic.com\/pt-pt\/wp-json\/wp\/v2\/product\/37584","targetHints":{"allow":["GET"]}}],"collection":[{"href":"https:\/\/olemosaic.com\/pt-pt\/wp-json\/wp\/v2\/product"}],"about":[{"href":"https:\/\/olemosaic.com\/pt-pt\/wp-json\/wp\/v2\/types\/product"}],"wp:featuredmedia":[{"embeddable":true,"href":"https:\/\/olemosaic.com\/pt-pt\/wp-json\/wp\/v2\/media\/14162"}],"wp:attachment":[{"href":"https:\/\/olemosaic.com\/pt-pt\/wp-json\/wp\/v2\/media?parent=37584"}],"wp:term":[{"taxonomy":"product_brand","embeddable":true,"href":"https:\/\/olemosaic.com\/pt-pt\/wp-json\/wp\/v2\/product_brand?post=37584"},{"taxonomy":"product_cat","embeddable":true,"href":"https:\/\/olemosaic.com\/pt-pt\/wp-json\/wp\/v2\/product_cat?post=37584"},{"taxonomy":"product_tag","embeddable":true,"href":"https:\/\/olemosaic.com\/pt-pt\/wp-json\/wp\/v2\/product_tag?post=37584"}],"curies":[{"name":"wp","href":"https:\/\/api.w.org\/{rel}","templated":true}]}}