{"id":37583,"date":"2025-02-20T23:38:22","date_gmt":"2025-02-20T22:38:22","guid":{"rendered":"http:\/\/olemosaic.com\/producto\/posavasos-de-ceramica-barcelona-2\/"},"modified":"2025-07-25T18:33:51","modified_gmt":"2025-07-25T16:33:51","slug":"base-de-copos-de-ceramica-barcelona-2","status":"publish","type":"product","link":"https:\/\/olemosaic.com\/pt-pt\/produto\/base-de-copos-de-ceramica-barcelona-2\/","title":{"rendered":"Base de copos de cer\u00e2mica. Barcelona. Sagrada Fam\u00edlia."},"content":{"rendered":"<p>Esta base de copos de cer\u00e2mica, decorada com uma ilustra\u00e7\u00e3o vibrante de Barcelona, capta a ess\u00eancia da magn\u00edfica arquitetura modernista de Antoni Gaud\u00ed, em particular a emblem\u00e1tica Sagrada Fam\u00edlia. O seu design colorido apresenta mosaicos e elementos distintivos em tons de azul, vermelho e amarelo que se entrela\u00e7am para formar uma representa\u00e7\u00e3o visual que real\u00e7a a criatividade e o engenho da cidade condal. Na parte superior, o texto &#8220;Barcelona&#8221; integra-se de forma harmoniosa com a cena, evocando o esp\u00edrito cultural que caracteriza esta vibrante metr\u00f3pole.<\/p>\n<p>Cada base de copos \u00e9 uma obra de arte em si mesma, elaborada com cer\u00e2mica de alta qualidade que garante durabilidade e resist\u00eancia, enquanto o seu acabamento brilhante real\u00e7a as cores vivas do design. Este souvenir \u00e9 perfeito n\u00e3o s\u00f3 para proteger superf\u00edcies, mas tamb\u00e9m para adicionar um toque est\u00e9tico a qualquer mesa, tornando-se um tema de conversa entre os convidados.<\/p>\n<p>Na Ol\u00e9 Mosaic, compreendemos a import\u00e2ncia de levar um peda\u00e7o de Barcelona para casa. Esta base de copos apresenta-se como um excelente presente para turistas que procuram souvenirs aut\u00eanticos e representativos da sua visita, destacando a riqueza cultural da cidade. Como distribuidores de souvenirs por grosso, garantimos que a nossa sele\u00e7\u00e3o cumpre os padr\u00f5es de qualidade e originalidade, tornando este produto uma op\u00e7\u00e3o perfeita para lojas de presentes tur\u00edsticos que desejem oferecer pe\u00e7as \u00fanicas que liguem os clientes \u00e0 hist\u00f3ria e \u00e0 arte de Barcelona.<\/p>\n","protected":false},"excerpt":{"rendered":"<p>Base de copos de cer\u00e2mica decorada com uma ilustra\u00e7\u00e3o vibrante de Barcelona, onde se destaca a emblem\u00e1tica Sagrada Fam\u00edlia. Esta colorida base de copos apresenta um design que capta a ess\u00eancia da arquitetura modernista de Gaud\u00ed, com mosaicos e elementos distintivos em tons de azul, vermelho e amarelo. A palavra &#8220;Barcelona&#8221; coroa a cena art\u00edstica, ideal para adicionar um toque cultural \u00e0 sua mesa, ao mesmo tempo que protege a sua superf\u00edcie.<\/p>\n","protected":false},"featured_media":14161,"template":"","meta":{"_acf_changed":false},"product_brand":[],"product_cat":[818],"product_tag":[515],"class_list":{"0":"post-37583","1":"product","2":"type-product","3":"status-publish","4":"has-post-thumbnail","6":"product_cat-bases-de-copos","7":"product_tag-ceramica","8":"pa_ciudad-barcelona","9":"pa_pais-espana","11":"first","12":"instock","13":"shipping-taxable","14":"product-type-simple"},"acf":[],"_links":{"self":[{"href":"https:\/\/olemosaic.com\/pt-pt\/wp-json\/wp\/v2\/product\/37583","targetHints":{"allow":["GET"]}}],"collection":[{"href":"https:\/\/olemosaic.com\/pt-pt\/wp-json\/wp\/v2\/product"}],"about":[{"href":"https:\/\/olemosaic.com\/pt-pt\/wp-json\/wp\/v2\/types\/product"}],"wp:featuredmedia":[{"embeddable":true,"href":"https:\/\/olemosaic.com\/pt-pt\/wp-json\/wp\/v2\/media\/14161"}],"wp:attachment":[{"href":"https:\/\/olemosaic.com\/pt-pt\/wp-json\/wp\/v2\/media?parent=37583"}],"wp:term":[{"taxonomy":"product_brand","embeddable":true,"href":"https:\/\/olemosaic.com\/pt-pt\/wp-json\/wp\/v2\/product_brand?post=37583"},{"taxonomy":"product_cat","embeddable":true,"href":"https:\/\/olemosaic.com\/pt-pt\/wp-json\/wp\/v2\/product_cat?post=37583"},{"taxonomy":"product_tag","embeddable":true,"href":"https:\/\/olemosaic.com\/pt-pt\/wp-json\/wp\/v2\/product_tag?post=37583"}],"curies":[{"name":"wp","href":"https:\/\/api.w.org\/{rel}","templated":true}]}}