{"id":37582,"date":"2025-02-20T23:38:22","date_gmt":"2025-02-20T22:38:22","guid":{"rendered":"http:\/\/olemosaic.com\/producto\/posavasos-de-ceramica-patio-valencia\/"},"modified":"2025-07-25T18:50:41","modified_gmt":"2025-07-25T16:50:41","slug":"base-de-copos-de-ceramica-patio-valencia","status":"publish","type":"product","link":"https:\/\/olemosaic.com\/pt-pt\/produto\/base-de-copos-de-ceramica-patio-valencia\/","title":{"rendered":"Base de copos de cer\u00e2mica. P\u00e1tio. Val\u00eancia."},"content":{"rendered":"<p>Esta base de copos de cer\u00e2mica decorada \u00e9 uma obra-prima que capta a ess\u00eancia vibrante de Val\u00eancia, cidade famosa pela sua rica cultura e pelas suas tradi\u00e7\u00f5es festivas. Com um design pintado \u00e0 m\u00e3o, a base de copos apresenta uma encantadora cena de dan\u00e7a num p\u00e1tio t\u00edpico valenciano, onde um casal, trajado com vestes tradicionais, se move alegremente entre vasos coloridos. A mulher irradia energia com o seu vestido vermelho e o seu leque, enquanto o homem, elegantemente vestido, acompanha o ritmo dos seus movimentos. O fundo conta com detalhes ic\u00f3nicos de cer\u00e2mica, embelezando ainda mais a atmosfera festiva.<\/p>\n<p>O texto &#8220;VALENCIA&#8221; destaca-se de forma apelativa, integrando-se no design e convertendo esta base de copos num souvenir representativo da cidade. Este artigo n\u00e3o s\u00f3 \u00e9 funcional, como tamb\u00e9m \u00e9 uma excelente recorda\u00e7\u00e3o da hospitalidade e da alegria que definem a cultura valenciana. Ao escolher esta base de copos, n\u00e3o est\u00e1 apenas a adquirir um objeto decorativo, mas tamb\u00e9m um s\u00edmbolo da rica tradi\u00e7\u00e3o local que atrai turistas de todo o mundo.<\/p>\n<p>Na Ol\u00e9 Mosaic, orgulhamo-nos de ser distribuidores de souvenirs por grosso, oferecendo produtos aut\u00eanticos que refletem a ess\u00eancia de cada regi\u00e3o. Esta base de copos de cer\u00e2mica \u00e9 uma escolha perfeita para lojas de presentes tur\u00edsticos que procuram uma liga\u00e7\u00e3o cultural genu\u00edna e \u00fanica com a sua clientela. Com o seu design atraente e a sua rica representa\u00e7\u00e3o cultural, ser\u00e1 um sucesso garantido em qualquer estabelecimento.<\/p>\n","protected":false},"excerpt":{"rendered":"<p>Base de copos de cer\u00e2mica decorada com uma vibrante cena de dan\u00e7a num p\u00e1tio t\u00edpico valenciano. O design artesanal, pintado \u00e0 m\u00e3o, mostra um casal a dan\u00e7ar. A mulher usa um vestido vermelho e um leque, rodeada de vasos coloridos e detalhes cer\u00e2micos que evocam a rica tradi\u00e7\u00e3o local. Com a palavra &#8220;VALENCIA&#8221; em destaque, esta base de copos capta a ess\u00eancia festiva da cidade, ideal para adicionar um toque cultural a qualquer mesa.<\/p>\n","protected":false},"featured_media":14160,"template":"","meta":{"_acf_changed":false},"product_brand":[],"product_cat":[818],"product_tag":[515],"class_list":{"0":"post-37582","1":"product","2":"type-product","3":"status-publish","4":"has-post-thumbnail","6":"product_cat-bases-de-copos","7":"product_tag-ceramica","8":"pa_ciudad-valencia","9":"pa_motivo-patios","10":"pa_pais-espana","12":"first","13":"instock","14":"shipping-taxable","15":"product-type-simple"},"acf":[],"_links":{"self":[{"href":"https:\/\/olemosaic.com\/pt-pt\/wp-json\/wp\/v2\/product\/37582","targetHints":{"allow":["GET"]}}],"collection":[{"href":"https:\/\/olemosaic.com\/pt-pt\/wp-json\/wp\/v2\/product"}],"about":[{"href":"https:\/\/olemosaic.com\/pt-pt\/wp-json\/wp\/v2\/types\/product"}],"wp:featuredmedia":[{"embeddable":true,"href":"https:\/\/olemosaic.com\/pt-pt\/wp-json\/wp\/v2\/media\/14160"}],"wp:attachment":[{"href":"https:\/\/olemosaic.com\/pt-pt\/wp-json\/wp\/v2\/media?parent=37582"}],"wp:term":[{"taxonomy":"product_brand","embeddable":true,"href":"https:\/\/olemosaic.com\/pt-pt\/wp-json\/wp\/v2\/product_brand?post=37582"},{"taxonomy":"product_cat","embeddable":true,"href":"https:\/\/olemosaic.com\/pt-pt\/wp-json\/wp\/v2\/product_cat?post=37582"},{"taxonomy":"product_tag","embeddable":true,"href":"https:\/\/olemosaic.com\/pt-pt\/wp-json\/wp\/v2\/product_tag?post=37582"}],"curies":[{"name":"wp","href":"https:\/\/api.w.org\/{rel}","templated":true}]}}