{"id":37580,"date":"2025-02-20T23:38:21","date_gmt":"2025-02-20T22:38:21","guid":{"rendered":"http:\/\/olemosaic.com\/producto\/posavasos-de-ceramica-mosaico-mallorca-2\/"},"modified":"2025-07-25T19:08:26","modified_gmt":"2025-07-25T17:08:26","slug":"descanso-copos-ceramica-mosaico-maiorca-2","status":"publish","type":"product","link":"https:\/\/olemosaic.com\/pt-pt\/produto\/descanso-copos-ceramica-mosaico-maiorca-2\/","title":{"rendered":"Descanso de copos de cer\u00e2mica. Mosaico. Maiorca. Motivos florais."},"content":{"rendered":"<p>Este descanso de copos de cer\u00e2mica, decorado com um vibrante mosaico inspirado na tradi\u00e7\u00e3o de Maiorca, \u00e9 uma pe\u00e7a imprescind\u00edvel para os amantes da cultura mediterr\u00e2nica. Com um design circular que real\u00e7a a sua eleg\u00e2ncia, apresenta uma combina\u00e7\u00e3o deslumbrante de padr\u00f5es geom\u00e9tricos e florais em tons de vermelho, azul e amarelo, criando uma sinfonia de cores que atrai todos os olhares em qualquer mesa. Cada sec\u00e7\u00e3o do mosaico \u00e9 meticulosamente elaborada, capturando a ess\u00eancia da arte cer\u00e2mica t\u00edpica da ilha, apreciada durante gera\u00e7\u00f5es.<\/p>\n<p>Na borda do descanso de copos aparece a palavra &#8220;MALLORCA&#8221;, uma refer\u00eancia direta \u00e0 rica heran\u00e7a cultural desta bela ilha, famosa pela sua arquitetura hist\u00f3rica e pelas suas paisagens naturais id\u00edlicas. Este souvenir n\u00e3o s\u00f3 \u00e9 funcional ao proteger as superf\u00edcies de manchas, como tamb\u00e9m atua como uma recorda\u00e7\u00e3o art\u00edstica da beleza de Maiorca, ideal para turistas que procuram levar um pedacinho da sua experi\u00eancia.<\/p>\n<p>Na Ol\u00e9 Mosaic, como distribuidores grossistas de souvenirs, oferecemos este descanso de copos como uma excelente op\u00e7\u00e3o para lojas de presentes tur\u00edsticos, garantindo autenticidade e relev\u00e2ncia cultural em cada pe\u00e7a. Este descanso de copos \u00e9 mais do que um simples acess\u00f3rio; \u00e9 uma celebra\u00e7\u00e3o da tradi\u00e7\u00e3o de Maiorca, tornando-se a recorda\u00e7\u00e3o perfeita de uma visita inesquec\u00edvel.<\/p>\n","protected":false},"excerpt":{"rendered":"<p>Descanso de copos de cer\u00e2mica decorado com um vibrante mosaico inspirado na tradi\u00e7\u00e3o de Maiorca. Este elegante descanso de copos apresenta um design circular repleto de coloridos motivos geom\u00e9tricos e florais em tons de vermelho, azul e amarelo, juntamente com a palavra &#8220;MALLORCA&#8221;. Os seus elementos visuais evocam a beleza da arte cer\u00e2mica t\u00edpica da regi\u00e3o, conferindo um toque distintivo e cultural a qualquer mesa. Um souvenir perfeito para recordar a ess\u00eancia da ilha.<\/p>\n","protected":false},"featured_media":14158,"template":"","meta":{"_acf_changed":false},"product_brand":[],"product_cat":[818],"product_tag":[515],"class_list":{"0":"post-37580","1":"product","2":"type-product","3":"status-publish","4":"has-post-thumbnail","6":"product_cat-bases-de-copos","7":"product_tag-ceramica","8":"pa_ciudad-mallorca","9":"pa_motivo-mosaico","10":"pa_pais-espana","12":"first","13":"instock","14":"shipping-taxable","15":"product-type-simple"},"acf":[],"_links":{"self":[{"href":"https:\/\/olemosaic.com\/pt-pt\/wp-json\/wp\/v2\/product\/37580","targetHints":{"allow":["GET"]}}],"collection":[{"href":"https:\/\/olemosaic.com\/pt-pt\/wp-json\/wp\/v2\/product"}],"about":[{"href":"https:\/\/olemosaic.com\/pt-pt\/wp-json\/wp\/v2\/types\/product"}],"wp:featuredmedia":[{"embeddable":true,"href":"https:\/\/olemosaic.com\/pt-pt\/wp-json\/wp\/v2\/media\/14158"}],"wp:attachment":[{"href":"https:\/\/olemosaic.com\/pt-pt\/wp-json\/wp\/v2\/media?parent=37580"}],"wp:term":[{"taxonomy":"product_brand","embeddable":true,"href":"https:\/\/olemosaic.com\/pt-pt\/wp-json\/wp\/v2\/product_brand?post=37580"},{"taxonomy":"product_cat","embeddable":true,"href":"https:\/\/olemosaic.com\/pt-pt\/wp-json\/wp\/v2\/product_cat?post=37580"},{"taxonomy":"product_tag","embeddable":true,"href":"https:\/\/olemosaic.com\/pt-pt\/wp-json\/wp\/v2\/product_tag?post=37580"}],"curies":[{"name":"wp","href":"https:\/\/api.w.org\/{rel}","templated":true}]}}