{"id":37579,"date":"2025-02-20T22:38:21","date_gmt":"2025-02-20T22:38:21","guid":{"rendered":"http:\/\/olemosaic.com\/producto\/posavasos-de-ceramica-gato-gran-canaria\/"},"modified":"2025-07-25T18:52:51","modified_gmt":"2025-07-25T16:52:51","slug":"descanso-copos-ceramica-gato-gran-canaria","status":"publish","type":"product","link":"https:\/\/olemosaic.com\/pt-pt\/produto\/descanso-copos-ceramica-gato-gran-canaria\/","title":{"rendered":"Descanso de copos de cer\u00e2mica. Gato. Gran Canaria."},"content":{"rendered":"<p>Este descanso de copos de cer\u00e2mica, decorado com um design vibrante, capta a ess\u00eancia \u00fanica de Gran Canaria atrav\u00e9s de uma ilustra\u00e7\u00e3o colorida de quatro gatos em estilo mosaico, evocando o ambiente alegre e tropical do arquip\u00e9lago. A base redonda do descanso de copos est\u00e1 adornada com borboletas que conferem um toque de frescura e natureza, criando um efeito visual que convida \u00e0 contempla\u00e7\u00e3o. A paleta de cores inclui verdes exuberantes, azuis profundos, laranjas luminosos e vermelhos vibrantes, elementos que n\u00e3o s\u00f3 real\u00e7am o seu apelo est\u00e9tico, como tamb\u00e9m refletem a biodiversidade da ilha.<\/p>\n<p>Este artigo n\u00e3o \u00e9 apenas um complemento funcional para qualquer casa ou evento, mas tamb\u00e9m atua como um aut\u00eantico souvenir de Gran Canaria, ideal para os turistas que procuram levar um pedacinho da cultura can\u00e1ria. A representa\u00e7\u00e3o dos gatos, animais comuns na vida da ilha, como s\u00edmbolos de companhia e misticismo, real\u00e7a a liga\u00e7\u00e3o cultural do produto com a regi\u00e3o. Na Ol\u00e9 Mosaic, especializamo-nos na distribui\u00e7\u00e3o por grosso de souvenirs aut\u00eanticos, e este descanso de copos \u00e9 uma excelente op\u00e7\u00e3o para lojas de presentes tur\u00edsticos que desejem oferecer pe\u00e7as com significado cultural e apelo visual. Com o seu design \u00fanico e a sua qualidade artesanal, torna-se uma escolha perfeita para quem procura uma recorda\u00e7\u00e3o representativa da sua visita a Gran Canaria.<\/p>\n","protected":false},"excerpt":{"rendered":"<p>Descanso de copos de cer\u00e2mica decorado com um design vibrante que representa quatro gatos num estilo de mosaico colorido, inspirado em Gran Canaria. Este artigo, de base redonda, inclui elementos distintivos como borboletas que adornam o fundo, conferindo um toque alegre e tropical. A paleta de cores, que inclui verdes, azuis, laranjas e vermelhos, torna este descanso de copos um complemento funcional e art\u00edstico para qualquer casa ou evento.<\/p>\n","protected":false},"featured_media":14157,"template":"","meta":{"_acf_changed":false},"product_brand":[],"product_cat":[818],"product_tag":[516,515],"class_list":{"0":"post-37579","1":"product","2":"type-product","3":"status-publish","4":"has-post-thumbnail","6":"product_cat-bases-de-copos","7":"product_tag-animais","8":"product_tag-ceramica","9":"pa_ciudad-gran-canaria","10":"pa_motivo-gatos","11":"pa_pais-espana","13":"first","14":"instock","15":"shipping-taxable","16":"product-type-simple"},"acf":[],"_links":{"self":[{"href":"https:\/\/olemosaic.com\/pt-pt\/wp-json\/wp\/v2\/product\/37579","targetHints":{"allow":["GET"]}}],"collection":[{"href":"https:\/\/olemosaic.com\/pt-pt\/wp-json\/wp\/v2\/product"}],"about":[{"href":"https:\/\/olemosaic.com\/pt-pt\/wp-json\/wp\/v2\/types\/product"}],"wp:featuredmedia":[{"embeddable":true,"href":"https:\/\/olemosaic.com\/pt-pt\/wp-json\/wp\/v2\/media\/14157"}],"wp:attachment":[{"href":"https:\/\/olemosaic.com\/pt-pt\/wp-json\/wp\/v2\/media?parent=37579"}],"wp:term":[{"taxonomy":"product_brand","embeddable":true,"href":"https:\/\/olemosaic.com\/pt-pt\/wp-json\/wp\/v2\/product_brand?post=37579"},{"taxonomy":"product_cat","embeddable":true,"href":"https:\/\/olemosaic.com\/pt-pt\/wp-json\/wp\/v2\/product_cat?post=37579"},{"taxonomy":"product_tag","embeddable":true,"href":"https:\/\/olemosaic.com\/pt-pt\/wp-json\/wp\/v2\/product_tag?post=37579"}],"curies":[{"name":"wp","href":"https:\/\/api.w.org\/{rel}","templated":true}]}}