{"id":37578,"date":"2025-02-20T22:38:21","date_gmt":"2025-02-20T22:38:21","guid":{"rendered":"http:\/\/olemosaic.com\/producto\/posavasos-de-ceramica-patio-tenerife\/"},"modified":"2025-07-25T18:38:33","modified_gmt":"2025-07-25T16:38:33","slug":"descanso-copos-ceramica-patio-tenerife","status":"publish","type":"product","link":"https:\/\/olemosaic.com\/pt-pt\/produto\/descanso-copos-ceramica-patio-tenerife\/","title":{"rendered":"Descanso de copos de cer\u00e2mica. P\u00e1tio. Tenerife."},"content":{"rendered":"<p>Este descanso de copos de cer\u00e2mica, decorado com um design vibrante inspirado no folclore de Tenerife, \u00e9 uma representa\u00e7\u00e3o perfeita da alegria e tradi\u00e7\u00e3o de Tenerife. Apresenta um par de dan\u00e7arinos num p\u00e1tio colorido, rodeados de abundantes flores em vasos, que encapsulam a ess\u00eancia festiva da ilha. O fundo, com reminisc\u00eancias de mosaico, real\u00e7a as cores vivas dos vasos e de um lampi\u00e3o, enquanto o texto distintivo &#8220;Tenerife&#8221; confere car\u00e1cter e autenticidade ao design. Este descanso de copos, al\u00e9m de ser funcional, torna-se um aut\u00eantico objeto decorativo que acrescenta um toque cultural a qualquer mesa, ideal para quem deseja levar um pedacinho de Tenerife para casa.<\/p>\n<p>A liga\u00e7\u00e3o cultural especial com Tenerife manifesta-se na representa\u00e7\u00e3o das suas tradi\u00e7\u00f5es festivas, onde a dan\u00e7a e a m\u00fasica s\u00e3o elementos fundamentais. Cada vez que este descanso de copos \u00e9 utilizado, evoca a vibrante cultura can\u00e1ria, destacando a sua relev\u00e2ncia como recorda\u00e7\u00e3o representativa. Na Ol\u00e9 Mosaic, orgulhamo-nos de oferecer souvenirs aut\u00eanticos e bem elaborados por grosso, perfeitos para lojas de presentes tur\u00edsticos que procuram artigos de qualidade que reflitam a diversidade cultural de Espanha. Este descanso de copos de cer\u00e2mica \u00e9, sem d\u00favida, uma excelente op\u00e7\u00e3o para quem procura recorda\u00e7\u00f5es \u00fanicas e significativas de Tenerife.<\/p>\n","protected":false},"excerpt":{"rendered":"<p>Descanso de copos de cer\u00e2mica decorado com um design vibrante inspirado no folclore de Tenerife. Mostra um par de dan\u00e7arinos num p\u00e1tio colorido adornado com flores, capturando a ess\u00eancia festiva de Tenerife. O fundo, que lembra um mosaico, real\u00e7a as cores vivas dos vasos e de um lampi\u00e3o, enquanto o texto &#8220;Tenerife&#8221; acrescenta um toque distintivo. Ideal para dar um car\u00e1cter aut\u00eantico a qualquer mesa.<\/p>\n","protected":false},"featured_media":14156,"template":"","meta":{"_acf_changed":false},"product_brand":[],"product_cat":[818],"product_tag":[515],"class_list":{"0":"post-37578","1":"product","2":"type-product","3":"status-publish","4":"has-post-thumbnail","6":"product_cat-bases-de-copos","7":"product_tag-ceramica","8":"pa_ciudad-tenerife","9":"pa_motivo-patios","10":"pa_pais-espana","12":"first","13":"instock","14":"shipping-taxable","15":"product-type-simple"},"acf":[],"_links":{"self":[{"href":"https:\/\/olemosaic.com\/pt-pt\/wp-json\/wp\/v2\/product\/37578","targetHints":{"allow":["GET"]}}],"collection":[{"href":"https:\/\/olemosaic.com\/pt-pt\/wp-json\/wp\/v2\/product"}],"about":[{"href":"https:\/\/olemosaic.com\/pt-pt\/wp-json\/wp\/v2\/types\/product"}],"wp:featuredmedia":[{"embeddable":true,"href":"https:\/\/olemosaic.com\/pt-pt\/wp-json\/wp\/v2\/media\/14156"}],"wp:attachment":[{"href":"https:\/\/olemosaic.com\/pt-pt\/wp-json\/wp\/v2\/media?parent=37578"}],"wp:term":[{"taxonomy":"product_brand","embeddable":true,"href":"https:\/\/olemosaic.com\/pt-pt\/wp-json\/wp\/v2\/product_brand?post=37578"},{"taxonomy":"product_cat","embeddable":true,"href":"https:\/\/olemosaic.com\/pt-pt\/wp-json\/wp\/v2\/product_cat?post=37578"},{"taxonomy":"product_tag","embeddable":true,"href":"https:\/\/olemosaic.com\/pt-pt\/wp-json\/wp\/v2\/product_tag?post=37578"}],"curies":[{"name":"wp","href":"https:\/\/api.w.org\/{rel}","templated":true}]}}