{"id":37577,"date":"2025-02-20T22:38:21","date_gmt":"2025-02-20T22:38:21","guid":{"rendered":"http:\/\/olemosaic.com\/producto\/posavasos-de-ceramica-salamandra-tenerife-2\/"},"modified":"2025-07-25T19:29:03","modified_gmt":"2025-07-25T17:29:03","slug":"descanso-copos-ceramica-salamandra-tenerife-2","status":"publish","type":"product","link":"https:\/\/olemosaic.com\/pt-pt\/produto\/descanso-copos-ceramica-salamandra-tenerife-2\/","title":{"rendered":"Descanso de copos de cer\u00e2mica. Salamandra. Tenerife."},"content":{"rendered":"<p>Este descanso de copos de cer\u00e2mica decorado apresenta um design vibrante de salamandras, inspirado na rica fauna de Tenerife. Com um colorido atraente, o descanso de copos exibe um mosaico em tons de vermelho, verde e azul que evoca a beleza exuberante da ilha. As salamandras, um dos s\u00edmbolos da biodiversidade de Tenerife, est\u00e3o rodeadas de flores delicadas numa variedade de tons, que complementam o design e conferem um toque de frescura e naturalidade. A palavra &#8220;Tenerife&#8221; destaca-se num local estrat\u00e9gico do descanso de copos, sublinhando a sua liga\u00e7\u00e3o direta com a ilha.<\/p>\n<p>A sua base de cer\u00e2mica parcialmente esmaltada n\u00e3o s\u00f3 o torna funcional, como tamb\u00e9m acrescenta uma dimens\u00e3o est\u00e9tica que se ajusta perfeitamente a qualquer estilo de mesa. Este souvenir de Tenerife \u00e9 ideal para quem procura levar um pedacinho da ess\u00eancia can\u00e1ria para as suas casas. A autenticidade do design e a qualidade da cer\u00e2mica garantem que se trata de um produto representativo da cultura local, o que o torna um presente perfeito para turistas e uma excelente op\u00e7\u00e3o para lojas de recorda\u00e7\u00f5es.<\/p>\n<p>Na Ol\u00e9 Mosaic, como distribuidores grossistas de souvenirs de Tenerife, oferecemos produtos que celebram a rica heran\u00e7a cultural das ilhas. Este descanso de copos de cer\u00e2mica \u00e9 uma oportunidade \u00fanica para as lojas de recorda\u00e7\u00f5es oferecerem aos seus clientes uma lembran\u00e7a aut\u00eantica e visualmente atraente da sua viagem \u00e0s Can\u00e1rias.<\/p>\n","protected":false},"excerpt":{"rendered":"<p>Descanso de copos de cer\u00e2mica decorado com um design vibrante de salamandras, inspirado na rica fauna de Tenerife. Este atraente descanso de copos apresenta um mosaico colorido com detalhes em vermelho, verde e azul, rodeado de flores em tons variados, tudo sobre um fundo de cer\u00e2mica parcialmente esmaltado. A palavra &#8220;Tenerife&#8221; destaca-se no design, tornando este produto uma pe\u00e7a \u00fanica e funcional que real\u00e7a a ess\u00eancia da ilha. Ideal para adicionar um toque can\u00e1rio a qualquer mesa.<\/p>\n","protected":false},"featured_media":14155,"template":"","meta":{"_acf_changed":false},"product_brand":[],"product_cat":[818],"product_tag":[516,515],"class_list":{"0":"post-37577","1":"product","2":"type-product","3":"status-publish","4":"has-post-thumbnail","6":"product_cat-bases-de-copos","7":"product_tag-animais","8":"product_tag-ceramica","9":"pa_ciudad-tenerife","10":"pa_motivo-salamandras","11":"pa_pais-espana","13":"first","14":"instock","15":"shipping-taxable","16":"product-type-simple"},"acf":[],"_links":{"self":[{"href":"https:\/\/olemosaic.com\/pt-pt\/wp-json\/wp\/v2\/product\/37577","targetHints":{"allow":["GET"]}}],"collection":[{"href":"https:\/\/olemosaic.com\/pt-pt\/wp-json\/wp\/v2\/product"}],"about":[{"href":"https:\/\/olemosaic.com\/pt-pt\/wp-json\/wp\/v2\/types\/product"}],"wp:featuredmedia":[{"embeddable":true,"href":"https:\/\/olemosaic.com\/pt-pt\/wp-json\/wp\/v2\/media\/14155"}],"wp:attachment":[{"href":"https:\/\/olemosaic.com\/pt-pt\/wp-json\/wp\/v2\/media?parent=37577"}],"wp:term":[{"taxonomy":"product_brand","embeddable":true,"href":"https:\/\/olemosaic.com\/pt-pt\/wp-json\/wp\/v2\/product_brand?post=37577"},{"taxonomy":"product_cat","embeddable":true,"href":"https:\/\/olemosaic.com\/pt-pt\/wp-json\/wp\/v2\/product_cat?post=37577"},{"taxonomy":"product_tag","embeddable":true,"href":"https:\/\/olemosaic.com\/pt-pt\/wp-json\/wp\/v2\/product_tag?post=37577"}],"curies":[{"name":"wp","href":"https:\/\/api.w.org\/{rel}","templated":true}]}}