{"id":37575,"date":"2025-02-20T22:38:21","date_gmt":"2025-02-20T22:38:21","guid":{"rendered":"http:\/\/olemosaic.com\/producto\/posavasos-de-ceramica-gato-valencia\/"},"modified":"2025-07-25T19:57:07","modified_gmt":"2025-07-25T17:57:07","slug":"base-de-copos-de-ceramica-gato-valencia","status":"publish","type":"product","link":"https:\/\/olemosaic.com\/pt-pt\/produto\/base-de-copos-de-ceramica-gato-valencia\/","title":{"rendered":"Base de copos de cer\u00e2mica. Gato. Val\u00eancia."},"content":{"rendered":"<p>Esta base de copos de cer\u00e2mica, decorada com um design vibrante de gatos em mosaico, \u00e9 uma encantadora recorda\u00e7\u00e3o que capta a ess\u00eancia da cultura valenciana. Com um design alegre, esta base de copos apresenta quatro gatos em diversas poses, rodeados de borboletas que adicionam um toque de vitalidade. A paleta de cores brilhantes, com verdes, azuis, vermelhos e amarelos, \u00e9 complementada por uma base branca que real\u00e7a o conjunto, tornando-o um objeto decorativo ideal para qualquer lar.<\/p>\n<p>O estilo do design inspira-se na famosa arte do mosaico valenciano, conhecido pela sua riqueza de cor e forma, que simboliza a alegria e a criatividade da arte local. Esta base de copos n\u00e3o s\u00f3 \u00e9 funcional, como tamb\u00e9m uma pe\u00e7a decorativa que reflete a rica tradi\u00e7\u00e3o art\u00edstica da regi\u00e3o. Perfeita como presente original, esta recorda\u00e7\u00e3o oferece uma forma divertida e moderna de recordar a visita a Val\u00eancia.<\/p>\n<p>Na Ol\u00e9 Mosaic, especializamo-nos na distribui\u00e7\u00e3o de recorda\u00e7\u00f5es por grosso que destacam a autenticidade e o valor cultural de cada regi\u00e3o. Esta base de copos, com o seu design de gatos coloridos, \u00e9 uma excelente op\u00e7\u00e3o para lojas de presentes tur\u00edsticos que procuram oferecer produtos representativos e de qualidade. Adicionar esta base de copos ao seu cat\u00e1logo \u00e9 uma forma de oferecer aos seus clientes uma recorda\u00e7\u00e3o inesquec\u00edvel da sua experi\u00eancia em Val\u00eancia.<\/p>\n","protected":false},"excerpt":{"rendered":"<p>Base de copos de cer\u00e2mica decorada com um design vibrante de gatos em mosaico, inspirado na colorida arte valenciana. A base de copos mostra quatro gatos em distintas posturas, rodeados de borboletas e com uma paleta de cores brilhantes que inclui verdes, azuis, vermelhos e amarelos. A sua base branca real\u00e7a o design, conferindo um toque alegre e moderno, ideal para qualquer lar ou como um presente original que capta a ess\u00eancia da cultura valenciana.<\/p>\n","protected":false},"featured_media":14153,"template":"","meta":{"_acf_changed":false},"product_brand":[],"product_cat":[818],"product_tag":[516,515],"class_list":{"0":"post-37575","1":"product","2":"type-product","3":"status-publish","4":"has-post-thumbnail","6":"product_cat-bases-de-copos","7":"product_tag-animais","8":"product_tag-ceramica","9":"pa_ciudad-valencia","10":"pa_motivo-gatos","11":"pa_pais-espana","13":"first","14":"instock","15":"shipping-taxable","16":"product-type-simple"},"acf":[],"_links":{"self":[{"href":"https:\/\/olemosaic.com\/pt-pt\/wp-json\/wp\/v2\/product\/37575","targetHints":{"allow":["GET"]}}],"collection":[{"href":"https:\/\/olemosaic.com\/pt-pt\/wp-json\/wp\/v2\/product"}],"about":[{"href":"https:\/\/olemosaic.com\/pt-pt\/wp-json\/wp\/v2\/types\/product"}],"wp:featuredmedia":[{"embeddable":true,"href":"https:\/\/olemosaic.com\/pt-pt\/wp-json\/wp\/v2\/media\/14153"}],"wp:attachment":[{"href":"https:\/\/olemosaic.com\/pt-pt\/wp-json\/wp\/v2\/media?parent=37575"}],"wp:term":[{"taxonomy":"product_brand","embeddable":true,"href":"https:\/\/olemosaic.com\/pt-pt\/wp-json\/wp\/v2\/product_brand?post=37575"},{"taxonomy":"product_cat","embeddable":true,"href":"https:\/\/olemosaic.com\/pt-pt\/wp-json\/wp\/v2\/product_cat?post=37575"},{"taxonomy":"product_tag","embeddable":true,"href":"https:\/\/olemosaic.com\/pt-pt\/wp-json\/wp\/v2\/product_tag?post=37575"}],"curies":[{"name":"wp","href":"https:\/\/api.w.org\/{rel}","templated":true}]}}