{"id":37572,"date":"2025-02-20T22:38:20","date_gmt":"2025-02-20T22:38:20","guid":{"rendered":"http:\/\/olemosaic.com\/producto\/posavasos-de-ceramica-salamandra-y-flores-valencia\/"},"modified":"2025-07-25T18:37:37","modified_gmt":"2025-07-25T16:37:37","slug":"base-de-copos-de-ceramica-salamandra-e-flores-valencia","status":"publish","type":"product","link":"https:\/\/olemosaic.com\/pt-pt\/produto\/base-de-copos-de-ceramica-salamandra-e-flores-valencia\/","title":{"rendered":"Base de copos de cer\u00e2mica. Salamandra e flores. Val\u00eancia."},"content":{"rendered":"<p>Esta base de copos de cer\u00e2mica, com o seu design de salamandra e flores, \u00e9 uma pe\u00e7a \u00fanica que capta a ess\u00eancia vibrante de Val\u00eancia. Criada atrav\u00e9s da t\u00e9cnica do mosaico, apresenta cores vivas e uma textura rica, ideal para adicionar um toque art\u00edstico a qualquer mesa. A ilustra\u00e7\u00e3o central mostra uma salamandra em tons verdes, vermelhos e azuis, um \u00edcone da fauna local, entrela\u00e7ada com flores vermelhas e amarelas, criando um contraste visual cativante sobre um fundo cinzento texturizado. A palavra &#8220;Val\u00eancia&#8221; destaca-se com alegria, lembrando a quem a admira a sua origem.<\/p>\n<p>Esta base de copos n\u00e3o s\u00f3 \u00e9 funcional, como tamb\u00e9m representa a rica heran\u00e7a cultural de Val\u00eancia, onde a arte do mosaico \u00e9 um s\u00edmbolo de criatividade e tradi\u00e7\u00e3o. Perfeita como souvenir, destaca-se pela sua autenticidade e por ser uma recorda\u00e7\u00e3o representativa da regi\u00e3o, ideal para turistas que procuram levar consigo um peda\u00e7o da cultura valenciana.<\/p>\n<p>Na Ol\u00e9 Mosaic, dedicamo-nos \u00e0 distribui\u00e7\u00e3o de souvenirs por grosso, oferecendo artigos que combinam arte e tradi\u00e7\u00e3o. Esta base de copos \u00e9 uma excelente op\u00e7\u00e3o para lojas de presentes tur\u00edsticos que desejem oferecer produtos aut\u00eanticos e com relev\u00e2ncia cultural, tornando-se um artigo imprescind\u00edvel para quem queira levar uma recorda\u00e7\u00e3o especial de Val\u00eancia.<\/p>\n","protected":false},"excerpt":{"rendered":"<p>Base de copos de cer\u00e2mica com um design vibrante que funde uma salamandra e flores, inspirado na rica cultura valenciana. Esta atraente base de copos apresenta uma t\u00e9cnica de mosaico em cores brilhantes, com uma salamandra decorativa em tons verdes, vermelhos e azuis, rodeada de flores vermelhas e amarelas sobre um fundo cinzento texturizado. Com a palavra &#8220;Val\u00eancia&#8221; em destaque, este artigo \u00e9 uma recorda\u00e7\u00e3o perfeita que adiciona um toque art\u00edstico a qualquer mesa.<\/p>\n","protected":false},"featured_media":14151,"template":"","meta":{"_acf_changed":false},"product_brand":[],"product_cat":[818],"product_tag":[516,515],"class_list":{"0":"post-37572","1":"product","2":"type-product","3":"status-publish","4":"has-post-thumbnail","6":"product_cat-bases-de-copos","7":"product_tag-animais","8":"product_tag-ceramica","9":"pa_ciudad-valencia","10":"pa_motivo-salamandras","11":"pa_pais-espana","13":"first","14":"instock","15":"shipping-taxable","16":"product-type-simple"},"acf":[],"_links":{"self":[{"href":"https:\/\/olemosaic.com\/pt-pt\/wp-json\/wp\/v2\/product\/37572","targetHints":{"allow":["GET"]}}],"collection":[{"href":"https:\/\/olemosaic.com\/pt-pt\/wp-json\/wp\/v2\/product"}],"about":[{"href":"https:\/\/olemosaic.com\/pt-pt\/wp-json\/wp\/v2\/types\/product"}],"wp:featuredmedia":[{"embeddable":true,"href":"https:\/\/olemosaic.com\/pt-pt\/wp-json\/wp\/v2\/media\/14151"}],"wp:attachment":[{"href":"https:\/\/olemosaic.com\/pt-pt\/wp-json\/wp\/v2\/media?parent=37572"}],"wp:term":[{"taxonomy":"product_brand","embeddable":true,"href":"https:\/\/olemosaic.com\/pt-pt\/wp-json\/wp\/v2\/product_brand?post=37572"},{"taxonomy":"product_cat","embeddable":true,"href":"https:\/\/olemosaic.com\/pt-pt\/wp-json\/wp\/v2\/product_cat?post=37572"},{"taxonomy":"product_tag","embeddable":true,"href":"https:\/\/olemosaic.com\/pt-pt\/wp-json\/wp\/v2\/product_tag?post=37572"}],"curies":[{"name":"wp","href":"https:\/\/api.w.org\/{rel}","templated":true}]}}