{"id":37570,"date":"2025-02-20T23:38:20","date_gmt":"2025-02-20T22:38:20","guid":{"rendered":"http:\/\/olemosaic.com\/producto\/posavasos-de-ceramica-salamandra-fuerteventura-2\/"},"modified":"2025-07-25T20:22:37","modified_gmt":"2025-07-25T18:22:37","slug":"descanso-de-copos-de-ceramica-salamandra-fuerteventura-2","status":"publish","type":"product","link":"https:\/\/olemosaic.com\/pt-pt\/produto\/descanso-de-copos-de-ceramica-salamandra-fuerteventura-2\/","title":{"rendered":"Descanso de copos de cer\u00e2mica. Mosaico. Salamandra. Fuerteventura."},"content":{"rendered":"<p>Descanso de copos de cer\u00e2mica com design de salamandras de Fuerteventura. Este artigo \u00e9 um reflexo aut\u00eantico da beleza e da tradi\u00e7\u00e3o da ilha can\u00e1ria. Com um motivo vibrante de salamandras, este descanso de copos destaca-se pelo seu mosaico colorido em tons vivos de verde, azul e vermelho, que se entrela\u00e7am com flores delicadas sobre um fundo que evoca o estilo dos azulejos e o rico folclore can\u00e1rio. A palavra &#8220;Fuerteventura&#8221; situa-se no centro, enfatizando a sua origem e tornando este descanso de copos um souvenir atraente e funcional. Feito de cer\u00e2mica de alta qualidade, \u00e9 duradouro e f\u00e1cil de limpar, ideal para embelezar qualquer mesa enquanto protege a superf\u00edcie. O seu design n\u00e3o \u00e9 apenas um acess\u00f3rio pr\u00e1tico, mas tamb\u00e9m transmite a rica heran\u00e7a cultural da ilha, celebrando o seu ambiente natural e a sua diversidade. Este descanso de copos \u00e9 uma excelente op\u00e7\u00e3o para turistas que procuram recorda\u00e7\u00f5es aut\u00eanticas de Fuerteventura, e o seu apelo visual torna-o um produto perfeito para as lojas de presentes tur\u00edsticos. Na Ol\u00e9 Mosaic, como grossista de souvenirs can\u00e1rios, garantimos a autenticidade e o encanto de cada pe\u00e7a, oferecendo recorda\u00e7\u00f5es que captam a ess\u00eancia de cada regi\u00e3o.<\/p>\n","protected":false},"excerpt":{"rendered":"<p>Descanso de copos de cer\u00e2mica com um design vibrante de salamandras, inspirado na beleza de Fuerteventura. Este colorido descanso de copos apresenta salamandras de mosaico em tons vivos de verde, azul e vermelho, rodeadas de flores sobre um fundo de estilo azulejo, evocando o folclore can\u00e1rio. A palavra &#8220;Fuerteventura&#8221; destaca-se no centro, tornando este descanso de copos um souvenir atraente e funcional, ideal para real\u00e7ar a cultura e a tradi\u00e7\u00e3o da ilha.<\/p>\n","protected":false},"featured_media":14149,"template":"","meta":{"_acf_changed":false},"product_brand":[],"product_cat":[818],"product_tag":[516,515],"class_list":{"0":"post-37570","1":"product","2":"type-product","3":"status-publish","4":"has-post-thumbnail","6":"product_cat-bases-de-copos","7":"product_tag-animais","8":"product_tag-ceramica","9":"pa_ciudad-fuerteventura","10":"pa_motivo-salamandras","11":"pa_pais-espana","13":"first","14":"instock","15":"shipping-taxable","16":"product-type-simple"},"acf":[],"_links":{"self":[{"href":"https:\/\/olemosaic.com\/pt-pt\/wp-json\/wp\/v2\/product\/37570","targetHints":{"allow":["GET"]}}],"collection":[{"href":"https:\/\/olemosaic.com\/pt-pt\/wp-json\/wp\/v2\/product"}],"about":[{"href":"https:\/\/olemosaic.com\/pt-pt\/wp-json\/wp\/v2\/types\/product"}],"wp:featuredmedia":[{"embeddable":true,"href":"https:\/\/olemosaic.com\/pt-pt\/wp-json\/wp\/v2\/media\/14149"}],"wp:attachment":[{"href":"https:\/\/olemosaic.com\/pt-pt\/wp-json\/wp\/v2\/media?parent=37570"}],"wp:term":[{"taxonomy":"product_brand","embeddable":true,"href":"https:\/\/olemosaic.com\/pt-pt\/wp-json\/wp\/v2\/product_brand?post=37570"},{"taxonomy":"product_cat","embeddable":true,"href":"https:\/\/olemosaic.com\/pt-pt\/wp-json\/wp\/v2\/product_cat?post=37570"},{"taxonomy":"product_tag","embeddable":true,"href":"https:\/\/olemosaic.com\/pt-pt\/wp-json\/wp\/v2\/product_tag?post=37570"}],"curies":[{"name":"wp","href":"https:\/\/api.w.org\/{rel}","templated":true}]}}