{"id":37569,"date":"2025-02-20T23:38:20","date_gmt":"2025-02-20T22:38:20","guid":{"rendered":"http:\/\/olemosaic.com\/producto\/posavasos-de-ceramica-salamandra-gran-canaria\/"},"modified":"2025-07-25T19:47:55","modified_gmt":"2025-07-25T17:47:55","slug":"descanso-de-copos-de-ceramica-salamandra-gran-canaria","status":"publish","type":"product","link":"https:\/\/olemosaic.com\/pt-pt\/produto\/descanso-de-copos-de-ceramica-salamandra-gran-canaria\/","title":{"rendered":"Descanso de copos de cer\u00e2mica. Mosaico. Salamandra. Gran Canaria."},"content":{"rendered":"<p>Este descanso de copos de cer\u00e2mica \u00e9 uma representa\u00e7\u00e3o vibrante do car\u00e1ter \u00fanico de Gran Canaria, com um design colorido de salamandras que evoca a rica fauna da ilha. De forma circular, este descanso de copos apresenta um mosaico atraente com tons vermelhos, verdes e azuis, entrela\u00e7ados com flores delicadas de cores vivas, criando um efeito visual cativante. No centro, destaca-se o texto &#8220;Gran Canaria&#8221;, acrescentando um toque personalizado que real\u00e7a a liga\u00e7\u00e3o cultural do produto.<\/p>\n<p>Fabricado em cer\u00e2mica de alta qualidade, este descanso de copos n\u00e3o s\u00f3 protege as suas superf\u00edcies, como tamb\u00e9m serve como elemento decorativo que incorpora um fragmento da ess\u00eancia can\u00e1ria na sua casa. As salamandras, s\u00edmbolo de adaptabilidade e renascimento, refletem a diversidade natural de Gran Canaria, tornando esta recorda\u00e7\u00e3o um lembrete da beleza da ilha.<\/p>\n<p>Este descanso de copos de salamandra \u00e9 uma excelente op\u00e7\u00e3o para turistas que procuram souvenirs aut\u00eanticos que captem a ess\u00eancia da sua visita. Na Ol\u00e9 Mosaic, comprometemo-nos a oferecer souvenirs de cer\u00e2mica \u00fanicos, ideais para distribuidores e lojas de presentes tur\u00edsticos. Como grossistas de artigos artesanais, garantimos a qualidade e o design muito especial de cada produto, assegurando que cada pe\u00e7a conte uma hist\u00f3ria e celebre a rica heran\u00e7a cultural das Can\u00e1rias.<\/p>\n","protected":false},"excerpt":{"rendered":"<p>Descanso de copos de cer\u00e2mica com um design vibrante de salamandras inspirado na fauna de Gran Canaria. Este artigo circular apresenta um mosaico colorido que combina tons vermelhos, verdes e azuis, rodeado de flores em tons vivos. A inscri\u00e7\u00e3o &#8220;Gran Canaria&#8221; destaca-se no centro, complementando a cena. Ideal para acrescentar um toque da rica cultura can\u00e1ria \u00e0 sua casa, ao mesmo tempo que protege as suas superf\u00edcies com estilo e originalidade.<\/p>\n","protected":false},"featured_media":14148,"template":"","meta":{"_acf_changed":false},"product_brand":[],"product_cat":[818],"product_tag":[516,515],"class_list":{"0":"post-37569","1":"product","2":"type-product","3":"status-publish","4":"has-post-thumbnail","6":"product_cat-bases-de-copos","7":"product_tag-animais","8":"product_tag-ceramica","9":"pa_ciudad-gran-canaria","10":"pa_motivo-salamandras","11":"pa_pais-espana","13":"first","14":"instock","15":"shipping-taxable","16":"product-type-simple"},"acf":[],"_links":{"self":[{"href":"https:\/\/olemosaic.com\/pt-pt\/wp-json\/wp\/v2\/product\/37569","targetHints":{"allow":["GET"]}}],"collection":[{"href":"https:\/\/olemosaic.com\/pt-pt\/wp-json\/wp\/v2\/product"}],"about":[{"href":"https:\/\/olemosaic.com\/pt-pt\/wp-json\/wp\/v2\/types\/product"}],"wp:featuredmedia":[{"embeddable":true,"href":"https:\/\/olemosaic.com\/pt-pt\/wp-json\/wp\/v2\/media\/14148"}],"wp:attachment":[{"href":"https:\/\/olemosaic.com\/pt-pt\/wp-json\/wp\/v2\/media?parent=37569"}],"wp:term":[{"taxonomy":"product_brand","embeddable":true,"href":"https:\/\/olemosaic.com\/pt-pt\/wp-json\/wp\/v2\/product_brand?post=37569"},{"taxonomy":"product_cat","embeddable":true,"href":"https:\/\/olemosaic.com\/pt-pt\/wp-json\/wp\/v2\/product_cat?post=37569"},{"taxonomy":"product_tag","embeddable":true,"href":"https:\/\/olemosaic.com\/pt-pt\/wp-json\/wp\/v2\/product_tag?post=37569"}],"curies":[{"name":"wp","href":"https:\/\/api.w.org\/{rel}","templated":true}]}}