{"id":37568,"date":"2025-02-20T22:38:19","date_gmt":"2025-02-20T22:38:19","guid":{"rendered":"http:\/\/olemosaic.com\/producto\/posavasos-de-ceramica-mosaico-sevilla\/"},"modified":"2025-07-25T20:32:46","modified_gmt":"2025-07-25T18:32:46","slug":"descanso-de-copos-de-ceramica-mosaico-sevilha","status":"publish","type":"product","link":"https:\/\/olemosaic.com\/pt-pt\/produto\/descanso-de-copos-de-ceramica-mosaico-sevilha\/","title":{"rendered":"Descanso de copos de cer\u00e2mica. Mosaico. Sevilha."},"content":{"rendered":"<p>Este descanso de copos de cer\u00e2mica com design de mosaico \u00e9 uma aut\u00eantica representa\u00e7\u00e3o do esp\u00edrito vibrante de Sevilha. Elaborado com cer\u00e2mica de alta qualidade, a sua superf\u00edcie redonda \u00e9 adornada com uma diversidade de padr\u00f5es geom\u00e9tricos que evocam a rica tradi\u00e7\u00e3o arquitet\u00f3nica andaluza. As cores vivas \u2013 azuis profundos, vermelhos intensos e laranjas quentes \u2013 entrela\u00e7am-se num conjunto que capta a ess\u00eancia da arte local, com a palavra &#8220;Sevilla&#8221; a destacar-se em letras elegantes, refor\u00e7ando a identidade cultural do lugar.<\/p>\n<p>Cada padr\u00e3o do descanso de copos \u00e9 meticulosamente desenhado, o que torna esta pe\u00e7a n\u00e3o apenas um elemento funcional para proteger a sua mesa, mas tamb\u00e9m um objeto decorativo atraente que acrescenta um toque de sofistica\u00e7\u00e3o a qualquer ambiente. A sua resist\u00eancia e facilidade de limpeza tornam-no uma op\u00e7\u00e3o ideal tanto para a casa como para estabelecimentos comerciais e cafetarias que desejem oferecer aos seus clientes um peda\u00e7o de Sevilha.<\/p>\n<p>Na Ol\u00e9 Mosaic, somos especialistas na distribui\u00e7\u00e3o de souvenirs por grosso, oferecendo produtos aut\u00eanticos que celebram a cultura espanhola. Este descanso de copos de mosaico \u00e9 uma op\u00e7\u00e3o excecional para lojas de presentes tur\u00edsticos, permitindo aos compradores levar para casa uma recorda\u00e7\u00e3o representativa de Sevilha e das suas tradi\u00e7\u00f5es vibrantes. Com o seu design atraente e a sua liga\u00e7\u00e3o cultural, afirma-se como um souvenir perfeito para quem procura captar a ess\u00eancia da Andaluzia no seu dia a dia.<\/p>\n","protected":false},"excerpt":{"rendered":"<p>Descanso de copos de cer\u00e2mica com um design vibrante de mosaico, inspirado na rica tradi\u00e7\u00e3o sevilhana. Este elegante descanso de copos apresenta uma variedade de padr\u00f5es geom\u00e9tricos e decorativos, com cores vivas como azuis, vermelhos e laranjas, intercalados com a palavra &#8220;Sevilla&#8221; num estilo destacado. Perfeito para acrescentar um toque cultural \u00e0 sua mesa, \u00e9 tanto funcional como uma bela pe\u00e7a decorativa que evoca o encanto andaluz.<\/p>\n","protected":false},"featured_media":14147,"template":"","meta":{"_acf_changed":false},"product_brand":[],"product_cat":[818],"product_tag":[515],"class_list":{"0":"post-37568","1":"product","2":"type-product","3":"status-publish","4":"has-post-thumbnail","6":"product_cat-bases-de-copos","7":"product_tag-ceramica","8":"pa_ciudad-sevilla","9":"pa_motivo-mosaico","10":"pa_pais-espana","12":"first","13":"instock","14":"shipping-taxable","15":"product-type-simple"},"acf":[],"_links":{"self":[{"href":"https:\/\/olemosaic.com\/pt-pt\/wp-json\/wp\/v2\/product\/37568","targetHints":{"allow":["GET"]}}],"collection":[{"href":"https:\/\/olemosaic.com\/pt-pt\/wp-json\/wp\/v2\/product"}],"about":[{"href":"https:\/\/olemosaic.com\/pt-pt\/wp-json\/wp\/v2\/types\/product"}],"wp:featuredmedia":[{"embeddable":true,"href":"https:\/\/olemosaic.com\/pt-pt\/wp-json\/wp\/v2\/media\/14147"}],"wp:attachment":[{"href":"https:\/\/olemosaic.com\/pt-pt\/wp-json\/wp\/v2\/media?parent=37568"}],"wp:term":[{"taxonomy":"product_brand","embeddable":true,"href":"https:\/\/olemosaic.com\/pt-pt\/wp-json\/wp\/v2\/product_brand?post=37568"},{"taxonomy":"product_cat","embeddable":true,"href":"https:\/\/olemosaic.com\/pt-pt\/wp-json\/wp\/v2\/product_cat?post=37568"},{"taxonomy":"product_tag","embeddable":true,"href":"https:\/\/olemosaic.com\/pt-pt\/wp-json\/wp\/v2\/product_tag?post=37568"}],"curies":[{"name":"wp","href":"https:\/\/api.w.org\/{rel}","templated":true}]}}