{"id":37566,"date":"2025-02-20T22:38:19","date_gmt":"2025-02-20T22:38:19","guid":{"rendered":"http:\/\/olemosaic.com\/producto\/posavasos-de-ceramica-flores-alicante\/"},"modified":"2025-07-25T19:11:01","modified_gmt":"2025-07-25T17:11:01","slug":"base-de-copos-de-ceramica-flores-alicante","status":"publish","type":"product","link":"https:\/\/olemosaic.com\/pt-pt\/produto\/base-de-copos-de-ceramica-flores-alicante\/","title":{"rendered":"Base de copos de cer\u00e2mica. Flores. Alicante."},"content":{"rendered":"<p>Esta base de copos de cer\u00e2mica, com o seu vibrante design floral, captura na perfei\u00e7\u00e3o a ess\u00eancia de Alicante. Com um alegre padr\u00e3o de p\u00e9talas em tons intensos de vermelho, amarelo, azul e preto, esta base de copos n\u00e3o s\u00f3 \u00e9 funcional, como tamb\u00e9m um belo elemento decorativo para qualquer mesa. A palavra &#8220;Alicante&#8221; est\u00e1 elegantemente impressa na borda, acrescentando um toque pessoal e uma recorda\u00e7\u00e3o da cidade costeira.<\/p>\n<p>Fabricada com uma t\u00e9cnica que garante a sua durabilidade, esta base de copos destaca-se pela sua est\u00e9tica luminosa e festiva, que recorda os mosaicos t\u00edpicos que adornam as ruas e pra\u00e7as de Alicante. O vibrante design floral n\u00e3o s\u00f3 confere um ar mediterr\u00e2nico ao ambiente, como tamb\u00e9m evoca o clima quente e a rica cultura da regi\u00e3o. Este artigo \u00e9 um souvenir perfeito que liga os turistas \u00e0 tradi\u00e7\u00e3o de Alicante, ideal para aqueles que procuram levar para casa um peda\u00e7o desta encantadora cidade.<\/p>\n<p>Na Ol\u00e9 Mosaic, oferecemos esta base de copos como uma excelente op\u00e7\u00e3o para lojas de presentes tur\u00edsticos que procuram souvenirs aut\u00eanticos e representativos de Espanha. Qualidade e cultura unem-se nesta base de copos, tornando-a um produto atraente para qualquer cliente que valorize a arte e a tradi\u00e7\u00e3o de Alicante.<\/p>\n","protected":false},"excerpt":{"rendered":"<p>Base de copos de cer\u00e2mica com um vibrante design floral, inspirado nos mosaicos de Alicante. Esta colorida base de copos apresenta um padr\u00e3o de p\u00e9talas em tons de vermelho, amarelo, azul e preto, juntamente com o nome &#8220;Alicante&#8221; impresso na borda. A sua t\u00e9cnica de fabrico assegura durabilidade, enquanto a sua est\u00e9tica alegre e luminosa a torna um complemento ideal para qualquer mesa, conferindo um toque da cultura mediterr\u00e2nica.<\/p>\n","protected":false},"featured_media":14145,"template":"","meta":{"_acf_changed":false},"product_brand":[],"product_cat":[818],"product_tag":[515],"class_list":{"0":"post-37566","1":"product","2":"type-product","3":"status-publish","4":"has-post-thumbnail","6":"product_cat-bases-de-copos","7":"product_tag-ceramica","8":"pa_ciudad-alicante","9":"pa_motivo-flores","10":"pa_pais-espana","12":"first","13":"instock","14":"shipping-taxable","15":"product-type-simple"},"acf":[],"_links":{"self":[{"href":"https:\/\/olemosaic.com\/pt-pt\/wp-json\/wp\/v2\/product\/37566","targetHints":{"allow":["GET"]}}],"collection":[{"href":"https:\/\/olemosaic.com\/pt-pt\/wp-json\/wp\/v2\/product"}],"about":[{"href":"https:\/\/olemosaic.com\/pt-pt\/wp-json\/wp\/v2\/types\/product"}],"wp:featuredmedia":[{"embeddable":true,"href":"https:\/\/olemosaic.com\/pt-pt\/wp-json\/wp\/v2\/media\/14145"}],"wp:attachment":[{"href":"https:\/\/olemosaic.com\/pt-pt\/wp-json\/wp\/v2\/media?parent=37566"}],"wp:term":[{"taxonomy":"product_brand","embeddable":true,"href":"https:\/\/olemosaic.com\/pt-pt\/wp-json\/wp\/v2\/product_brand?post=37566"},{"taxonomy":"product_cat","embeddable":true,"href":"https:\/\/olemosaic.com\/pt-pt\/wp-json\/wp\/v2\/product_cat?post=37566"},{"taxonomy":"product_tag","embeddable":true,"href":"https:\/\/olemosaic.com\/pt-pt\/wp-json\/wp\/v2\/product_tag?post=37566"}],"curies":[{"name":"wp","href":"https:\/\/api.w.org\/{rel}","templated":true}]}}