{"id":37565,"date":"2025-02-20T22:38:19","date_gmt":"2025-02-20T22:38:19","guid":{"rendered":"http:\/\/olemosaic.com\/producto\/posavasos-de-ceramica-toros-mallorca\/"},"modified":"2025-07-25T19:00:20","modified_gmt":"2025-07-25T17:00:20","slug":"base-de-copos-de-ceramica-touros-maiorca","status":"publish","type":"product","link":"https:\/\/olemosaic.com\/pt-pt\/produto\/base-de-copos-de-ceramica-touros-maiorca\/","title":{"rendered":"Base de copos de cer\u00e2mica. Touros. Maiorca."},"content":{"rendered":"<p>Descubra a base de copos de cer\u00e2mica de Maiorca, uma pe\u00e7a vibrante que encapsula a ess\u00eancia da cultura tradicional espanhola. Esta base de copos apresenta um elaborado design em forma de mosaico, onde um robusto touro, s\u00edmbolo de for\u00e7a e bravura, se ergue com orgulho sobre um fundo repleto de flores vermelhas e um sol brilhante, tudo numa paleta de cores vivas que inclui azuis profundos, verdes frescos, amarelos radiantes e vermelhos intensos. A inscri\u00e7\u00e3o &#8220;MALLORCA&#8221; destaca-se elegantemente na parte superior, oferecendo um toque aut\u00eantico e festivo \u00e0 decora\u00e7\u00e3o de qualquer mesa.<\/p>\n<p>Esta base de copos n\u00e3o s\u00f3 \u00e9 funcional, como tamb\u00e9m atua como uma recorda\u00e7\u00e3o cultural representativa de Maiorca, lembrando aos turistas a rica heran\u00e7a da ilha e a profunda liga\u00e7\u00e3o do povo com a sua tradi\u00e7\u00e3o pecu\u00e1ria. Perfeita para uso pessoal ou como um presente significativo, este souvenir real\u00e7a a autenticidade do artesanato balear, tornando-o a op\u00e7\u00e3o ideal para aqueles que procuram um peda\u00e7o de Maiorca para levar para casa.<\/p>\n<p>Na Ol\u00e9 Mosaic, especializamo-nos na distribui\u00e7\u00e3o de souvenirs por grosso, e esta base de copos de cer\u00e2mica n\u00e3o s\u00f3 \u00e9 um exemplo de design art\u00edstico, como tamb\u00e9m reflete a riqueza cultural de Maiorca, tornando-se uma excelente adi\u00e7\u00e3o para lojas de presentes tur\u00edsticos. Atraia a aten\u00e7\u00e3o dos seus clientes com esta base de copos colorida, que combina tradi\u00e7\u00e3o e beleza, ideal para quem procura souvenirs \u00fanicos e representativos.<\/p>\n","protected":false},"excerpt":{"rendered":"<p>Base de copos de cer\u00e2mica com um design colorido de touros, que evoca a cultura tradicional de Maiorca. Esta atraente base de copos apresenta um mosaico vibrante, onde um touro se destaca sobre um fundo de flores vermelhas e um sol radiante, tudo em tons vivos de azul, verde, amarelo e vermelho. A inscri\u00e7\u00e3o &#8220;MALLORCA&#8221; completa o design, ideal para adicionar um toque festivo e cultural a qualquer mesa. Perfeito como presente ou para uso pessoal.<\/p>\n","protected":false},"featured_media":14144,"template":"","meta":{"_acf_changed":false},"product_brand":[],"product_cat":[818],"product_tag":[516,515],"class_list":{"0":"post-37565","1":"product","2":"type-product","3":"status-publish","4":"has-post-thumbnail","6":"product_cat-bases-de-copos","7":"product_tag-animais","8":"product_tag-ceramica","9":"pa_ciudad-mallorca","10":"pa_motivo-touros","11":"pa_pais-espana","13":"first","14":"instock","15":"shipping-taxable","16":"product-type-simple"},"acf":[],"_links":{"self":[{"href":"https:\/\/olemosaic.com\/pt-pt\/wp-json\/wp\/v2\/product\/37565","targetHints":{"allow":["GET"]}}],"collection":[{"href":"https:\/\/olemosaic.com\/pt-pt\/wp-json\/wp\/v2\/product"}],"about":[{"href":"https:\/\/olemosaic.com\/pt-pt\/wp-json\/wp\/v2\/types\/product"}],"wp:featuredmedia":[{"embeddable":true,"href":"https:\/\/olemosaic.com\/pt-pt\/wp-json\/wp\/v2\/media\/14144"}],"wp:attachment":[{"href":"https:\/\/olemosaic.com\/pt-pt\/wp-json\/wp\/v2\/media?parent=37565"}],"wp:term":[{"taxonomy":"product_brand","embeddable":true,"href":"https:\/\/olemosaic.com\/pt-pt\/wp-json\/wp\/v2\/product_brand?post=37565"},{"taxonomy":"product_cat","embeddable":true,"href":"https:\/\/olemosaic.com\/pt-pt\/wp-json\/wp\/v2\/product_cat?post=37565"},{"taxonomy":"product_tag","embeddable":true,"href":"https:\/\/olemosaic.com\/pt-pt\/wp-json\/wp\/v2\/product_tag?post=37565"}],"curies":[{"name":"wp","href":"https:\/\/api.w.org\/{rel}","templated":true}]}}