{"id":37564,"date":"2025-02-20T22:38:19","date_gmt":"2025-02-20T22:38:19","guid":{"rendered":"http:\/\/olemosaic.com\/producto\/posavasos-de-ceramica-sardinas-fuerteventura\/"},"modified":"2025-07-25T18:51:36","modified_gmt":"2025-07-25T16:51:36","slug":"base-de-copos-de-ceramica-sardinhas-fuerteventura","status":"publish","type":"product","link":"https:\/\/olemosaic.com\/pt-pt\/produto\/base-de-copos-de-ceramica-sardinhas-fuerteventura\/","title":{"rendered":"Base de copos de cer\u00e2mica. Sardinhas. Fuerteventura."},"content":{"rendered":"<p>Esta base de copos de cer\u00e2mica, com o seu vibrante design, \u00e9 uma colorida representa\u00e7\u00e3o das sardinhas, um dos tesouros culin\u00e1rios mais emblem\u00e1ticos de Fuerteventura. Decorada com quatro sardinhas em tons de amarelo, azul, vermelho e verde, este artigo destaca-se pela sua alegre paleta e pelo seu estilo divertido, que captura a ess\u00eancia do clima ensolarado e o ambiente marinho das Ilhas Can\u00e1rias. O fundo, com motivos tradicionais em azul e branco, evoca a rica cultura can\u00e1ria e as suas ra\u00edzes artesanais. No centro, o texto \u201cFuerteventura\u201d brilha con letras multicoloridas, conferindo um toque festivo que real\u00e7a a alegria e a tradi\u00e7\u00e3o da ilha.<\/p>\n<p>Esta base de copos, al\u00e9m de ser funcional, protegendo as superf\u00edcies de manchas e calor, atua como um encantador elemento decorativo. \u00c9 ideal para quem procura souvenirs aut\u00eanticos que representem a beleza e diversidade da cultura can\u00e1ria. Na Ol\u00e9 Mosaic, como distribuidores de souvenirs por grosso, oferecemos esta base de copos como uma excelente op\u00e7\u00e3o para lojas de presentes tur\u00edsticos que desejem produtos con significado e liga\u00e7\u00e3o cultural. Este artigo permitir-lhe-\u00e1 levar um peda\u00e7o de Fuerteventura para casa, constituindo uma recorda\u00e7\u00e3o \u00fanica que real\u00e7a a riqueza marinha da ilha.<\/p>\n","protected":false},"excerpt":{"rendered":"<p>Base de copos de cer\u00e2mica com um design vibrante que apresenta coloridas sardinhas sobre um fundo de motivos tradicionais em azul e branco, evocando a beleza de Fuerteventura. Este artigo decorativo e funcional destaca a cultura can\u00e1ria e a sua riqueza marinha, com sardinhas ilustradas em tons de amarelo, azul, vermelho e verde, e o texto &#8220;Fuerteventura&#8221; num estilo alegre e multicolorido. Ideal para adicionar um toque can\u00e1rio a qualquer mesa.<\/p>\n","protected":false},"featured_media":14143,"template":"","meta":{"_acf_changed":false},"product_brand":[],"product_cat":[818],"product_tag":[516,515],"class_list":{"0":"post-37564","1":"product","2":"type-product","3":"status-publish","4":"has-post-thumbnail","6":"product_cat-bases-de-copos","7":"product_tag-animais","8":"product_tag-ceramica","9":"pa_ciudad-fuerteventura","10":"pa_motivo-sardinhas","11":"pa_pais-espana","13":"first","14":"instock","15":"shipping-taxable","16":"product-type-simple"},"acf":[],"_links":{"self":[{"href":"https:\/\/olemosaic.com\/pt-pt\/wp-json\/wp\/v2\/product\/37564","targetHints":{"allow":["GET"]}}],"collection":[{"href":"https:\/\/olemosaic.com\/pt-pt\/wp-json\/wp\/v2\/product"}],"about":[{"href":"https:\/\/olemosaic.com\/pt-pt\/wp-json\/wp\/v2\/types\/product"}],"wp:featuredmedia":[{"embeddable":true,"href":"https:\/\/olemosaic.com\/pt-pt\/wp-json\/wp\/v2\/media\/14143"}],"wp:attachment":[{"href":"https:\/\/olemosaic.com\/pt-pt\/wp-json\/wp\/v2\/media?parent=37564"}],"wp:term":[{"taxonomy":"product_brand","embeddable":true,"href":"https:\/\/olemosaic.com\/pt-pt\/wp-json\/wp\/v2\/product_brand?post=37564"},{"taxonomy":"product_cat","embeddable":true,"href":"https:\/\/olemosaic.com\/pt-pt\/wp-json\/wp\/v2\/product_cat?post=37564"},{"taxonomy":"product_tag","embeddable":true,"href":"https:\/\/olemosaic.com\/pt-pt\/wp-json\/wp\/v2\/product_tag?post=37564"}],"curies":[{"name":"wp","href":"https:\/\/api.w.org\/{rel}","templated":true}]}}