{"id":37563,"date":"2025-02-20T22:38:19","date_gmt":"2025-02-20T22:38:19","guid":{"rendered":"http:\/\/olemosaic.com\/producto\/posavasos-de-ceramica-salamandra-fuerteventura\/"},"modified":"2025-07-25T20:21:15","modified_gmt":"2025-07-25T18:21:15","slug":"base-de-copos-de-ceramica-salamandra-fuerteventura","status":"publish","type":"product","link":"https:\/\/olemosaic.com\/pt-pt\/produto\/base-de-copos-de-ceramica-salamandra-fuerteventura\/","title":{"rendered":"Base de copos de cer\u00e2mica. Salamandra. Fuerteventura."},"content":{"rendered":"<p>Esta base de copos de cer\u00e2mica, inspirada na vibrante fauna de Fuerteventura, \u00e9 uma pe\u00e7a decorativa que funde arte e funcionalidade. O seu design colorido mostra alegres salamandras rodeadas de flores multicoloridas, tudo elaborado com a intrincada t\u00e9cnica do trencad\u00eds, que evoca a rica tradi\u00e7\u00e3o art\u00edstica das Ilhas Can\u00e1rias. No centro, destaca-se o nome &#8220;Fuerteventura&#8221;, criando uma liga\u00e7\u00e3o imediata com o esp\u00edrito da ilha. Os tons vivos de vermelho, azul e verde entrela\u00e7am-se com o branco do fundo, oferecendo um efeito visual impactante que atrair\u00e1 todos os olhares em qualquer mesa.<\/p>\n<p>Esta base de copos n\u00e3o s\u00f3 \u00e9 uma solu\u00e7\u00e3o pr\u00e1tica para proteger superf\u00edcies, como tamb\u00e9m \u00e9 uma recorda\u00e7\u00e3o do encanto natural de Fuerteventura. Os turistas que procuram uma lembran\u00e7a aut\u00eantica encontrar\u00e3o nela um presente representativo da cultura local, capaz de evocar a beleza e a biodiversidade deste recanto do Atl\u00e2ntico. Na Ol\u00e9 Mosaic, o seu distribuidor de souvenirs de cer\u00e2mica, oferecemos produtos que celebram a tradi\u00e7\u00e3o can\u00e1ria com um foco na qualidade e na autenticidade. Esta base de copos \u00e9 uma excelente op\u00e7\u00e3o para lojas de presentes tur\u00edsticos que desejem oferecer aos seus clientes uma recorda\u00e7\u00e3o \u00fanica de Fuerteventura, que combine beleza art\u00edstica e relev\u00e2ncia cultural.<\/p>\n","protected":false},"excerpt":{"rendered":"<p>Base de copos de cer\u00e2mica com um vibrante design inspirado na fauna de Fuerteventura. Esta atraente base de copos apresenta uma colorida representa\u00e7\u00e3o de salamandras realizada com a intrincada t\u00e9cnica do trencad\u00eds, adornada com flores multicoloridas sobre um fundo branco. O nome &#8220;Fuerteventura&#8221; destaca-se no design, ligando o artigo \u00e0 tradi\u00e7\u00e3o local. Com as suas cores chamativas de vermelho, azul e verde, \u00e9 o complemento perfeito para qualquer mesa, evocando o encanto e a natureza desta bela ilha can\u00e1ria.<\/p>\n","protected":false},"featured_media":14142,"template":"","meta":{"_acf_changed":false},"product_brand":[],"product_cat":[818],"product_tag":[516,515],"class_list":{"0":"post-37563","1":"product","2":"type-product","3":"status-publish","4":"has-post-thumbnail","6":"product_cat-bases-de-copos","7":"product_tag-animais","8":"product_tag-ceramica","9":"pa_ciudad-fuerteventura","10":"pa_motivo-salamandras","11":"pa_pais-espana","13":"first","14":"instock","15":"shipping-taxable","16":"product-type-simple"},"acf":[],"_links":{"self":[{"href":"https:\/\/olemosaic.com\/pt-pt\/wp-json\/wp\/v2\/product\/37563","targetHints":{"allow":["GET"]}}],"collection":[{"href":"https:\/\/olemosaic.com\/pt-pt\/wp-json\/wp\/v2\/product"}],"about":[{"href":"https:\/\/olemosaic.com\/pt-pt\/wp-json\/wp\/v2\/types\/product"}],"wp:featuredmedia":[{"embeddable":true,"href":"https:\/\/olemosaic.com\/pt-pt\/wp-json\/wp\/v2\/media\/14142"}],"wp:attachment":[{"href":"https:\/\/olemosaic.com\/pt-pt\/wp-json\/wp\/v2\/media?parent=37563"}],"wp:term":[{"taxonomy":"product_brand","embeddable":true,"href":"https:\/\/olemosaic.com\/pt-pt\/wp-json\/wp\/v2\/product_brand?post=37563"},{"taxonomy":"product_cat","embeddable":true,"href":"https:\/\/olemosaic.com\/pt-pt\/wp-json\/wp\/v2\/product_cat?post=37563"},{"taxonomy":"product_tag","embeddable":true,"href":"https:\/\/olemosaic.com\/pt-pt\/wp-json\/wp\/v2\/product_tag?post=37563"}],"curies":[{"name":"wp","href":"https:\/\/api.w.org\/{rel}","templated":true}]}}