{"id":37562,"date":"2025-02-20T22:38:17","date_gmt":"2025-02-20T22:38:17","guid":{"rendered":"http:\/\/olemosaic.com\/producto\/posavasos-de-ceramica-mosaico-tenerife\/"},"modified":"2025-07-25T18:50:20","modified_gmt":"2025-07-25T16:50:20","slug":"base-de-copos-de-ceramica-mosaico-tenerife","status":"publish","type":"product","link":"https:\/\/olemosaic.com\/pt-pt\/produto\/base-de-copos-de-ceramica-mosaico-tenerife\/","title":{"rendered":"Base de copos de cer\u00e2mica. Mosaico. Tenerife."},"content":{"rendered":"<p>Apresento-lhe a base de copos de cer\u00e2mica com um design de mosaico inspirado nos tradicionais azulejos de Tenerife, uma pe\u00e7a vibrante que captura a ess\u00eancia cultural das Ilhas Can\u00e1rias. Esta base de copos redonda destaca-se pelo seu estampado colorido, que combina padr\u00f5es geom\u00e9tricos numa alegre paleta de tons vermelho, amarelo, azul e cinzento. No centro, a palavra &#8220;Tenerife&#8221; apresenta-se com letras decorativas, acrescentando um toque de singularidade \u00e0 pe\u00e7a.<\/p>\n<p>Fabricada com cer\u00e2mica de alta qualidade, esta base de copos n\u00e3o s\u00f3 \u00e9 funcional, protegendo eficazmente as superf\u00edcies de manchas e riscos, como tamb\u00e9m serve como um atraente elemento decorativo em qualquer mesa. O seu acabamento esmaltado n\u00e3o s\u00f3 garante durabilidade e resist\u00eancia, como facilita a sua limpeza, tornando-a uma op\u00e7\u00e3o pr\u00e1tica para o uso di\u00e1rio.<\/p>\n<p>Esta recorda\u00e7\u00e3o de Tenerife \u00e9 uma excelente lembran\u00e7a da beleza arquitet\u00f3nica e art\u00edstica da ilha, conhecida pelos seus distintivos azulejos que adornam os seus edif\u00edcios hist\u00f3ricos. Na Ol\u00e9 Mosaic, especialistas na distribui\u00e7\u00e3o de recorda\u00e7\u00f5es por grosso, oferecemos produtos aut\u00eanticos que refletem o rico patrim\u00f3nio cultural, fazendo desta base de copos de cer\u00e2mica uma escolha ideal para lojas de presentes tur\u00edsticos que procuram destacar a heran\u00e7a can\u00e1ria.<\/p>\n","protected":false},"excerpt":{"rendered":"<p>Base de copos de cer\u00e2mica com design de mosaico inspirado nos tradicionais azulejos de Tenerife. Apresenta um estampado colorido que combina m\u00faltiplos padr\u00f5es geom\u00e9tricos em tons de vermelho, amarelo, azul e cinzento, juntamente com a palavra &#8220;Tenerife&#8221; em letras decorativas. \u00c9 uma pe\u00e7a atraente e funcional, ideal para proteger superf\u00edcies e adicionar um toque de arte can\u00e1ria a qualquer mesa. O seu acabamento esmaltado garante durabilidade e facilidade de limpeza.<\/p>\n","protected":false},"featured_media":14141,"template":"","meta":{"_acf_changed":false},"product_brand":[],"product_cat":[818],"product_tag":[515],"class_list":{"0":"post-37562","1":"product","2":"type-product","3":"status-publish","4":"has-post-thumbnail","6":"product_cat-bases-de-copos","7":"product_tag-ceramica","8":"pa_ciudad-tenerife","9":"pa_motivo-mosaico","10":"pa_pais-espana","12":"first","13":"instock","14":"shipping-taxable","15":"product-type-simple"},"acf":[],"_links":{"self":[{"href":"https:\/\/olemosaic.com\/pt-pt\/wp-json\/wp\/v2\/product\/37562","targetHints":{"allow":["GET"]}}],"collection":[{"href":"https:\/\/olemosaic.com\/pt-pt\/wp-json\/wp\/v2\/product"}],"about":[{"href":"https:\/\/olemosaic.com\/pt-pt\/wp-json\/wp\/v2\/types\/product"}],"wp:featuredmedia":[{"embeddable":true,"href":"https:\/\/olemosaic.com\/pt-pt\/wp-json\/wp\/v2\/media\/14141"}],"wp:attachment":[{"href":"https:\/\/olemosaic.com\/pt-pt\/wp-json\/wp\/v2\/media?parent=37562"}],"wp:term":[{"taxonomy":"product_brand","embeddable":true,"href":"https:\/\/olemosaic.com\/pt-pt\/wp-json\/wp\/v2\/product_brand?post=37562"},{"taxonomy":"product_cat","embeddable":true,"href":"https:\/\/olemosaic.com\/pt-pt\/wp-json\/wp\/v2\/product_cat?post=37562"},{"taxonomy":"product_tag","embeddable":true,"href":"https:\/\/olemosaic.com\/pt-pt\/wp-json\/wp\/v2\/product_tag?post=37562"}],"curies":[{"name":"wp","href":"https:\/\/api.w.org\/{rel}","templated":true}]}}