{"id":37561,"date":"2025-02-20T22:38:17","date_gmt":"2025-02-20T22:38:17","guid":{"rendered":"http:\/\/olemosaic.com\/producto\/posavasos-de-ceramica-mosaico-alicante\/"},"modified":"2025-07-25T19:06:10","modified_gmt":"2025-07-25T17:06:10","slug":"base-de-copos-de-ceramica-mosaico-alicante","status":"publish","type":"product","link":"https:\/\/olemosaic.com\/pt-pt\/produto\/base-de-copos-de-ceramica-mosaico-alicante\/","title":{"rendered":"Base de copos de cer\u00e2mica. Mosaico. Alicante."},"content":{"rendered":"<p>Esta base de copos de cer\u00e2mica com design de mosaico \u00e9 uma aut\u00eantica homenagem \u00e0 colorida tradi\u00e7\u00e3o de azulejaria de Alicante. De forma circular, apresenta uma requintada variedade de padr\u00f5es em tons vibrantes de azul, vermelho, amarelo e branco, que evocam os azulejos decorativos que embelezam a arquitetura e os espa\u00e7os p\u00fablicos da regi\u00e3o. A palavra \u00abAlicante\u00bb sobressai elegantemente nas bordas, aprofundando a liga\u00e7\u00e3o com esta bela cidade mediterr\u00e2nica.<\/p>\n<p>Fabricada em cer\u00e2mica de alta qualidade, esta base de copos n\u00e3o \u00e9 apenas funcional, protegendo as superf\u00edcies das bebidas, mas tamb\u00e9m atua como uma pe\u00e7a decorativa que real\u00e7a a est\u00e9tica mediterr\u00e2nica em qualquer casa. Cada padr\u00e3o \u00e9 cuidadosamente desenhado, capturando a ess\u00eancia da arte cer\u00e2mica de Alicante, que combina tradi\u00e7\u00e3o e modernidade de forma magistral.<\/p>\n<p>Esta base de copos representa uma recorda\u00e7\u00e3o aut\u00eantica e culturalmente relevante, ideal para os turistas que procuram levar um peda\u00e7o de Alicante para casa. Na Ol\u00e9 Mosaic, como grossista de recorda\u00e7\u00f5es, oferecemos este e outros produtos que representam a rica heran\u00e7a cultural espanhola, perfeitos para lojas de presentes tur\u00edsticos que desejam oferecer artigos exclusivos e significativos. As recorda\u00e7\u00f5es de cer\u00e2mica, como esta base de copos de mosaico, s\u00e3o um excelente presente para recordar momentos e lugares especiais.<\/p>\n","protected":false},"excerpt":{"rendered":"<p>Base de copos de cer\u00e2mica com design de mosaico, inspirada nos coloridos azulejos de Alicante. Este produto circular apresenta uma variedade de padr\u00f5es em tons de azul, vermelho, amarelo e branco, com a palavra &#8220;Alicante&#8221; destacada nas bordas. Fabricada em cer\u00e2mica, \u00e9 um artigo funcional e decorativo, ideal para proteger superf\u00edcies de bebidas e, ao mesmo tempo, evocar a rica tradi\u00e7\u00e3o cultural e arquitect\u00f3nica da regi\u00e3o.<\/p>\n","protected":false},"featured_media":14140,"template":"","meta":{"_acf_changed":false},"product_brand":[],"product_cat":[818],"product_tag":[515],"class_list":{"0":"post-37561","1":"product","2":"type-product","3":"status-publish","4":"has-post-thumbnail","6":"product_cat-bases-de-copos","7":"product_tag-ceramica","8":"pa_ciudad-alicante","9":"pa_motivo-mosaico","10":"pa_pais-espana","12":"first","13":"instock","14":"shipping-taxable","15":"product-type-simple"},"acf":[],"_links":{"self":[{"href":"https:\/\/olemosaic.com\/pt-pt\/wp-json\/wp\/v2\/product\/37561","targetHints":{"allow":["GET"]}}],"collection":[{"href":"https:\/\/olemosaic.com\/pt-pt\/wp-json\/wp\/v2\/product"}],"about":[{"href":"https:\/\/olemosaic.com\/pt-pt\/wp-json\/wp\/v2\/types\/product"}],"wp:featuredmedia":[{"embeddable":true,"href":"https:\/\/olemosaic.com\/pt-pt\/wp-json\/wp\/v2\/media\/14140"}],"wp:attachment":[{"href":"https:\/\/olemosaic.com\/pt-pt\/wp-json\/wp\/v2\/media?parent=37561"}],"wp:term":[{"taxonomy":"product_brand","embeddable":true,"href":"https:\/\/olemosaic.com\/pt-pt\/wp-json\/wp\/v2\/product_brand?post=37561"},{"taxonomy":"product_cat","embeddable":true,"href":"https:\/\/olemosaic.com\/pt-pt\/wp-json\/wp\/v2\/product_cat?post=37561"},{"taxonomy":"product_tag","embeddable":true,"href":"https:\/\/olemosaic.com\/pt-pt\/wp-json\/wp\/v2\/product_tag?post=37561"}],"curies":[{"name":"wp","href":"https:\/\/api.w.org\/{rel}","templated":true}]}}