{"id":37558,"date":"2025-02-20T23:38:16","date_gmt":"2025-02-20T22:38:16","guid":{"rendered":"http:\/\/olemosaic.com\/producto\/posavasos-de-ceramica-salamandra-tenerife\/"},"modified":"2025-07-25T20:09:34","modified_gmt":"2025-07-25T18:09:34","slug":"base-de-copos-de-ceramica-salamandra-tenerife","status":"publish","type":"product","link":"https:\/\/olemosaic.com\/pt-pt\/produto\/base-de-copos-de-ceramica-salamandra-tenerife\/","title":{"rendered":"Base de copos de cer\u00e2mica. Salamandra. Tenerife. Branco."},"content":{"rendered":"<p>Esta base de copos circular de cer\u00e2mica, decorada com salamandras vibrantes, \u00e9 uma representa\u00e7\u00e3o art\u00edstica da fauna de Tenerife, uma aut\u00eantica recorda\u00e7\u00e3o can\u00e1ria. O seu design colorido destaca-se pela presen\u00e7a de salamandras em tons vivos, entrela\u00e7adas com delicadas flores vermelhas e amarelas sobre um fundo branco. No centro, a palavra &#8220;TENERIFE&#8221; \u00e9 impressa com um estilo simples, um toque distintivo que enfatiza a sua origem. Este artigo n\u00e3o \u00e9 apenas funcional, protegendo as superf\u00edcies, mas tamb\u00e9m atua como um elemento decorativo que evocar\u00e1 o encanto natural e a biodiversidade das Ilhas Can\u00e1rias em qualquer casa.<\/p>\n<p>O design, inspirado na rica flora e fauna de Tenerife, reflete a liga\u00e7\u00e3o cultural com a regi\u00e3o, popular pelas suas paisagens exuberantes e pelo seu ecossistema \u00fanico. Esta base de copos \u00e9 uma excelente op\u00e7\u00e3o para os turistas que procuram recorda\u00e7\u00f5es aut\u00eanticas que encapsulem a ess\u00eancia da sua experi\u00eancia nas ilhas. Na Ol\u00e9 Mosaic, especializados na distribui\u00e7\u00e3o de lembran\u00e7as por grosso, oferecemos esta base de copos de cer\u00e2mica como parte da nossa cole\u00e7\u00e3o representativa de Tenerife, ideal para lojas de presentes tur\u00edsticos que procuram produtos com um valor cultural significativo.<\/p>\n","protected":false},"excerpt":{"rendered":"<p>Base de copos de cer\u00e2mica circular decorada com vibrantes salamandras, em representa\u00e7\u00e3o da fauna de Tenerife. Este artigo destaca-se pelo seu design colorido, com detalhes em mosaico que incluem flores vermelhas e amarelas sobre um fundo branco. A palavra &#8220;TENERIFE&#8221; est\u00e1 impressa no centro, adicionando um toque distintivo. Ideal para proteger superf\u00edcies e, ao mesmo tempo, adicionar um toque art\u00edstico e cultural a qualquer mesa, evocando o encanto natural das Ilhas Can\u00e1rias.<\/p>\n","protected":false},"featured_media":14137,"template":"","meta":{"_acf_changed":false},"product_brand":[],"product_cat":[818],"product_tag":[516,515],"class_list":{"0":"post-37558","1":"product","2":"type-product","3":"status-publish","4":"has-post-thumbnail","6":"product_cat-bases-de-copos","7":"product_tag-animais","8":"product_tag-ceramica","9":"pa_ciudad-tenerife","10":"pa_motivo-salamandras","11":"pa_pais-espana","13":"first","14":"instock","15":"shipping-taxable","16":"product-type-simple"},"acf":[],"_links":{"self":[{"href":"https:\/\/olemosaic.com\/pt-pt\/wp-json\/wp\/v2\/product\/37558","targetHints":{"allow":["GET"]}}],"collection":[{"href":"https:\/\/olemosaic.com\/pt-pt\/wp-json\/wp\/v2\/product"}],"about":[{"href":"https:\/\/olemosaic.com\/pt-pt\/wp-json\/wp\/v2\/types\/product"}],"wp:featuredmedia":[{"embeddable":true,"href":"https:\/\/olemosaic.com\/pt-pt\/wp-json\/wp\/v2\/media\/14137"}],"wp:attachment":[{"href":"https:\/\/olemosaic.com\/pt-pt\/wp-json\/wp\/v2\/media?parent=37558"}],"wp:term":[{"taxonomy":"product_brand","embeddable":true,"href":"https:\/\/olemosaic.com\/pt-pt\/wp-json\/wp\/v2\/product_brand?post=37558"},{"taxonomy":"product_cat","embeddable":true,"href":"https:\/\/olemosaic.com\/pt-pt\/wp-json\/wp\/v2\/product_cat?post=37558"},{"taxonomy":"product_tag","embeddable":true,"href":"https:\/\/olemosaic.com\/pt-pt\/wp-json\/wp\/v2\/product_tag?post=37558"}],"curies":[{"name":"wp","href":"https:\/\/api.w.org\/{rel}","templated":true}]}}