{"id":37557,"date":"2025-02-20T23:38:16","date_gmt":"2025-02-20T22:38:16","guid":{"rendered":"http:\/\/olemosaic.com\/producto\/plato-de-ceramica-de-20-cm-sardinas-blanco\/"},"modified":"2025-07-25T18:38:02","modified_gmt":"2025-07-25T16:38:02","slug":"prato-de-ceramica-de-20-cm-sardinhas-branco","status":"publish","type":"product","link":"https:\/\/olemosaic.com\/pt-pt\/produto\/prato-de-ceramica-de-20-cm-sardinhas-branco\/","title":{"rendered":"Prato de cer\u00e2mica de 20 cm. Sardinhas. Branco."},"content":{"rendered":"<p>Este prato de cer\u00e2mica de 20 cm, decorado com ilustra\u00e7\u00f5es ador\u00e1veis de sardinhas, \u00e9 ideal para adicionar um toque mediterr\u00e2nico \u00e0 sua mesa, evocando a vibrante cultura costeira espanhola. O seu fundo branco real\u00e7a um design vibrante e cheio de vida, onde sardinhas em tons de vermelho, laranja, verde e azul parecem nadar atrav\u00e9s de um padr\u00e3o ornamental azul que recorda a rica tradi\u00e7\u00e3o cer\u00e2mica das costas mediterr\u00e2nicas. Cada sardinha \u00e9 meticulosamente pintada \u00e0 m\u00e3o, o que n\u00e3o s\u00f3 garante a sua singularidade, mas tamb\u00e9m reflete a destreza artesanal da regi\u00e3o.<\/p>\n<p>Este prato combina funcionalidade e arte, tornando-se n\u00e3o apenas um utens\u00edlio para servir, mas um atraente objeto decorativo que captar\u00e1 a aten\u00e7\u00e3o de qualquer visitante. Al\u00e9m disso, a sua liga\u00e7\u00e3o cultural com a gastronomia mediterr\u00e2nica torna-o uma excelente recorda\u00e7\u00e3o, perfeita para quem procura levar um peda\u00e7o da rica tradi\u00e7\u00e3o culin\u00e1ria espanhola. Na Ol\u00e9 Mosaic, especializamo-nos na distribui\u00e7\u00e3o de recorda\u00e7\u00f5es por grosso, e este prato de sardinhas representa a ess\u00eancia da nossa oferta, unindo autenticidade e eleg\u00e2ncia. Ideal para lojas de presentes tur\u00edsticos, esta recorda\u00e7\u00e3o \u00e9 uma forma encantadora de oferecer aos visitantes uma pe\u00e7a tang\u00edvel da cultura espanhola, transformando cada refei\u00e7\u00e3o numa celebra\u00e7\u00e3o da vida mediterr\u00e2nica.<\/p>\n","protected":false},"excerpt":{"rendered":"<p>Prato de cer\u00e2mica de 20 cm decorado com ilustra\u00e7\u00f5es de sardinhas, ideal para adicionar um toque mediterr\u00e2nico \u00e0 sua mesa. O seu fundo branco real\u00e7a um vibrante design de sardinhas em tons de vermelho, laranja, verde e azul, rodeadas por um padr\u00e3o ornamental azul que evoca a rica tradi\u00e7\u00e3o cer\u00e2mica da costa espanhola. Este prato de design artesanal, pintado \u00e0 m\u00e3o, combina funcionalidade e arte, tornando-se uma excelente recorda\u00e7\u00e3o da cultura costeira.<\/p>\n","protected":false},"featured_media":9052,"template":"","meta":{"_acf_changed":false},"product_brand":[],"product_cat":[629],"product_tag":[516,515],"class_list":{"0":"post-37557","1":"product","2":"type-product","3":"status-publish","4":"has-post-thumbnail","6":"product_cat-pratos-decorativos","7":"product_tag-animais","8":"product_tag-ceramica","9":"pa_motivo-sardinhas","11":"first","12":"instock","13":"shipping-taxable","14":"product-type-simple"},"acf":[],"_links":{"self":[{"href":"https:\/\/olemosaic.com\/pt-pt\/wp-json\/wp\/v2\/product\/37557","targetHints":{"allow":["GET"]}}],"collection":[{"href":"https:\/\/olemosaic.com\/pt-pt\/wp-json\/wp\/v2\/product"}],"about":[{"href":"https:\/\/olemosaic.com\/pt-pt\/wp-json\/wp\/v2\/types\/product"}],"wp:featuredmedia":[{"embeddable":true,"href":"https:\/\/olemosaic.com\/pt-pt\/wp-json\/wp\/v2\/media\/9052"}],"wp:attachment":[{"href":"https:\/\/olemosaic.com\/pt-pt\/wp-json\/wp\/v2\/media?parent=37557"}],"wp:term":[{"taxonomy":"product_brand","embeddable":true,"href":"https:\/\/olemosaic.com\/pt-pt\/wp-json\/wp\/v2\/product_brand?post=37557"},{"taxonomy":"product_cat","embeddable":true,"href":"https:\/\/olemosaic.com\/pt-pt\/wp-json\/wp\/v2\/product_cat?post=37557"},{"taxonomy":"product_tag","embeddable":true,"href":"https:\/\/olemosaic.com\/pt-pt\/wp-json\/wp\/v2\/product_tag?post=37557"}],"curies":[{"name":"wp","href":"https:\/\/api.w.org\/{rel}","templated":true}]}}