{"id":37555,"date":"2025-02-20T23:38:16","date_gmt":"2025-02-20T22:38:16","guid":{"rendered":"http:\/\/olemosaic.com\/producto\/plato-de-ceramica-de-11-cm-toro-beige-2\/"},"modified":"2025-07-25T19:58:02","modified_gmt":"2025-07-25T17:58:02","slug":"prato-de-ceramica-de-11-cm-touro-bege-2","status":"publish","type":"product","link":"https:\/\/olemosaic.com\/pt-pt\/produto\/prato-de-ceramica-de-11-cm-touro-bege-2\/","title":{"rendered":"Prato de cer\u00e2mica de 11 cm. Touro. Bege. Borda preta."},"content":{"rendered":"<p>Este prato de cer\u00e2mica de 11 cm \u00e9 uma recorda\u00e7\u00e3o preciosa que celebra a rica tradi\u00e7\u00e3o cultural de Espanha, encapsulando no seu design o emblem\u00e1tico touro, s\u00edmbolo de for\u00e7a e valentia. Com uma base num tom bege elegante e bordas pretas, o prato apresenta um intrincado mosaico que d\u00e1 vida ao touro atrav\u00e9s de cores vibrantes como o vermelho, azul e verde, o que o torna uma pe\u00e7a atraente e cheia de energia. Este mosaico est\u00e1 rodeado de delicadas flores vermelhas e trepadeiras verdes, que conferem um toque de frescura e dinamismo ao conjunto.<\/p>\n<p>Pintado \u00e0 m\u00e3o por artes\u00e3os qualificados, cada prato \u00e9 \u00fanico e reflete a ess\u00eancia do folclore espanhol, sendo uma lembran\u00e7a das festividades taurinas que s\u00e3o parte integrante da cultura em regi\u00f5es como a Andaluzia e Madrid. Este prato n\u00e3o \u00e9 apenas um objeto decorativo, mas tamb\u00e9m um s\u00edmbolo de identidade, ideal para aqueles que procuram levar um fragmento de Espanha para as suas casas.<\/p>\n<p>Na Ol\u00e9 Mosaic, oferecemos uma sele\u00e7\u00e3o de recorda\u00e7\u00f5es aut\u00eanticas que, como este prato de cer\u00e2mica, destacam a rica heran\u00e7a cultural de Espanha. Este produto \u00e9 uma excelente op\u00e7\u00e3o para lojas de presentes tur\u00edsticos que desejem oferecer artigos \u00fanicos e representativos. Atraia os seus clientes com este encantador prato que captura a pr\u00f3pria ess\u00eancia do patrim\u00f3nio espanhol, ideal como presente ou como pe\u00e7a decorativa em qualquer casa.<\/p>\n","protected":false},"excerpt":{"rendered":"<p>Prato de cer\u00e2mica de 11 cm com um design de touro, um s\u00edmbolo emblem\u00e1tico da cultura espanhola. Este bonito prato, com uma base bege e bordas pretas, apresenta um mosaico colorido que representa o touro em tons vibrantes como vermelho, azul e verde, rodeado de delicadas flores vermelhas e trepadeiras verdes. Pintado com estilo artesanal, \u00e9 uma pe\u00e7a decorativa requintada que captura a ess\u00eancia do folclore espanhol, ideal para qualquer casa.<\/p>\n","protected":false},"featured_media":7199,"template":"","meta":{"_acf_changed":false},"product_brand":[],"product_cat":[629],"product_tag":[516,515],"class_list":{"0":"post-37555","1":"product","2":"type-product","3":"status-publish","4":"has-post-thumbnail","6":"product_cat-pratos-decorativos","7":"product_tag-animais","8":"product_tag-ceramica","9":"pa_motivo-touros","11":"first","12":"instock","13":"shipping-taxable","14":"product-type-simple"},"acf":[],"_links":{"self":[{"href":"https:\/\/olemosaic.com\/pt-pt\/wp-json\/wp\/v2\/product\/37555","targetHints":{"allow":["GET"]}}],"collection":[{"href":"https:\/\/olemosaic.com\/pt-pt\/wp-json\/wp\/v2\/product"}],"about":[{"href":"https:\/\/olemosaic.com\/pt-pt\/wp-json\/wp\/v2\/types\/product"}],"wp:featuredmedia":[{"embeddable":true,"href":"https:\/\/olemosaic.com\/pt-pt\/wp-json\/wp\/v2\/media\/7199"}],"wp:attachment":[{"href":"https:\/\/olemosaic.com\/pt-pt\/wp-json\/wp\/v2\/media?parent=37555"}],"wp:term":[{"taxonomy":"product_brand","embeddable":true,"href":"https:\/\/olemosaic.com\/pt-pt\/wp-json\/wp\/v2\/product_brand?post=37555"},{"taxonomy":"product_cat","embeddable":true,"href":"https:\/\/olemosaic.com\/pt-pt\/wp-json\/wp\/v2\/product_cat?post=37555"},{"taxonomy":"product_tag","embeddable":true,"href":"https:\/\/olemosaic.com\/pt-pt\/wp-json\/wp\/v2\/product_tag?post=37555"}],"curies":[{"name":"wp","href":"https:\/\/api.w.org\/{rel}","templated":true}]}}