{"id":37554,"date":"2025-02-20T22:38:16","date_gmt":"2025-02-20T22:38:16","guid":{"rendered":"http:\/\/olemosaic.com\/producto\/mug-xl-de-ceramica-sardinas-blanco-13-cm\/"},"modified":"2025-07-25T20:18:01","modified_gmt":"2025-07-25T18:18:01","slug":"caneca-xl-de-ceramica-sardinhas-branco-13-cm","status":"publish","type":"product","link":"https:\/\/olemosaic.com\/pt-pt\/produto\/caneca-xl-de-ceramica-sardinhas-branco-13-cm\/","title":{"rendered":"Caneca XL de cer\u00e2mica. Sardinhas. Branco. 13 cm."},"content":{"rendered":"<p>Caneca XL de cer\u00e2mica decorada com sardinhas coloridas, que representa a tradi\u00e7\u00e3o piscat\u00f3ria espanhola. Esta caneca vibrante, com 13 cm de altura, funde funcionalidade e arte, sendo ideal como recorda\u00e7\u00e3o da Andaluzia. O seu design apresenta uma exibi\u00e7\u00e3o espetacular de sardinhas pintadas em tons de vermelho, azul, amarelo e verde, que evocam a alegria da cultura mediterr\u00e2nica. As sardinhas, representadas num estilo gr\u00e1fico e din\u00e2mico, movem-se sobre um fundo que simula os caracter\u00edsticos azulejos andaluzes, numa combina\u00e7\u00e3o de brancos e azuis que refor\u00e7a a sua autenticidade.<\/p>\n<p>Uma das suas caracter\u00edsticas mais distintivas \u00e9 a elegante asa em forma de peixe, que n\u00e3o s\u00f3 facilita o seu uso, como tamb\u00e9m acrescenta um toque \u00fanico e atraente ao design geral da caneca. Cada detalhe foi cuidadosamente elaborado, real\u00e7ando o trabalho artesanal que a torna uma recorda\u00e7\u00e3o representativa da rica tradi\u00e7\u00e3o piscat\u00f3ria espanhola.<\/p>\n<p>Esta caneca n\u00e3o \u00e9 apenas um complemento pr\u00e1tico para qualquer casa, mas tamb\u00e9m uma recorda\u00e7\u00e3o excecional para turistas que desejem levar um peda\u00e7o da ess\u00eancia andaluza. Na Ol\u00e9 Mosaic, orgulhamo-nos de ser distribuidores de recorda\u00e7\u00f5es aut\u00eanticas, oferecendo esta caneca de cer\u00e2mica como uma excelente op\u00e7\u00e3o para lojas de presentes tur\u00edsticos que procuram destacar produtos \u00fanicos e com significado cultural.<\/p>\n","protected":false},"excerpt":{"rendered":"<p>Caneca XL de cer\u00e2mica decorada com sardinhas coloridas que representa a tradi\u00e7\u00e3o piscat\u00f3ria espanhola. Este produto, com 13 cm de altura, apresenta um design vibrante com sardinhas em tons de vermelho, azul, amarelo e verde, sobre um fundo de azulejos brancos e azuis que evocam o estilo andaluz. A sua elegante asa em forma de peixe acrescenta um toque distintivo, tornando-a uma recorda\u00e7\u00e3o atraente ou um complemento original para qualquer cozinha.<\/p>\n","protected":false},"featured_media":8914,"template":"","meta":{"_acf_changed":false},"product_brand":[],"product_cat":[726],"product_tag":[516,515],"class_list":{"0":"post-37554","1":"product","2":"type-product","3":"status-publish","4":"has-post-thumbnail","6":"product_cat-mugs","7":"product_tag-animais","8":"product_tag-ceramica","9":"pa_motivo-sardinhas","11":"first","12":"instock","13":"shipping-taxable","14":"product-type-simple"},"acf":[],"_links":{"self":[{"href":"https:\/\/olemosaic.com\/pt-pt\/wp-json\/wp\/v2\/product\/37554","targetHints":{"allow":["GET"]}}],"collection":[{"href":"https:\/\/olemosaic.com\/pt-pt\/wp-json\/wp\/v2\/product"}],"about":[{"href":"https:\/\/olemosaic.com\/pt-pt\/wp-json\/wp\/v2\/types\/product"}],"wp:featuredmedia":[{"embeddable":true,"href":"https:\/\/olemosaic.com\/pt-pt\/wp-json\/wp\/v2\/media\/8914"}],"wp:attachment":[{"href":"https:\/\/olemosaic.com\/pt-pt\/wp-json\/wp\/v2\/media?parent=37554"}],"wp:term":[{"taxonomy":"product_brand","embeddable":true,"href":"https:\/\/olemosaic.com\/pt-pt\/wp-json\/wp\/v2\/product_brand?post=37554"},{"taxonomy":"product_cat","embeddable":true,"href":"https:\/\/olemosaic.com\/pt-pt\/wp-json\/wp\/v2\/product_cat?post=37554"},{"taxonomy":"product_tag","embeddable":true,"href":"https:\/\/olemosaic.com\/pt-pt\/wp-json\/wp\/v2\/product_tag?post=37554"}],"curies":[{"name":"wp","href":"https:\/\/api.w.org\/{rel}","templated":true}]}}