{"id":37551,"date":"2025-02-20T23:38:15","date_gmt":"2025-02-20T22:38:15","guid":{"rendered":"http:\/\/olemosaic.com\/producto\/llavero-de-madera-silla\/"},"modified":"2025-07-25T18:52:52","modified_gmt":"2025-07-25T16:52:52","slug":"porta-chaves-de-madeira-cadeira","status":"publish","type":"product","link":"https:\/\/olemosaic.com\/pt-pt\/produto\/porta-chaves-de-madeira-cadeira\/","title":{"rendered":"Porta-chaves de madeira. Cadeira."},"content":{"rendered":"<p>Este porta-chaves de madeira, com o seu design de cadeira tradicional espanhola e guitarra, \u00e9 um souvenir encantador que capta a ess\u00eancia vibrante da cultura espanhola. O seu design atraente destaca-se pela representa\u00e7\u00e3o de uma cadeira ornamental em cores vivas vermelho e azul, complementada por uma guitarra amarela brilhante que evoca o esp\u00edrito festivo do flamenco. Cada detalhe \u00e9 meticulosamente pintado \u00e0 m\u00e3o, o que confere autenticidade e singularidade a cada pe\u00e7a, tornando-a uma recorda\u00e7\u00e3o inesquec\u00edvel.<\/p>\n<p>A cadeira, s\u00edmbolo da hospitalidade e da arte das tradi\u00e7\u00f5es espanholas, apresenta-se com um acabamento texturizado, enquanto a guitarra, um instrumento ic\u00f3nico do folclore, adiciona um toque de musicalidade e alegria. Este porta-chaves n\u00e3o \u00e9 apenas uma ferramenta pr\u00e1tica, mas tamb\u00e9m uma recorda\u00e7\u00e3o dos momentos partilhados e da rica heran\u00e7a cultural que Espanha oferece.<\/p>\n<p>Perfeito para quem procura souvenirs aut\u00eanticos, este porta-chaves \u00e9 uma excelente op\u00e7\u00e3o para os turistas que desejam levar um peda\u00e7o da tradi\u00e7\u00e3o espanhola. Na Ol\u00e9 Mosaic, distribu\u00edmos souvenirs de madeira por grosso, oferecendo produtos como este, que se destacam pela sua qualidade e relev\u00e2ncia cultural. Como grossistas de porta-chaves, garantimos que cada um dos nossos souvenirs de Espanha seja uma representa\u00e7\u00e3o fiel do seu patrim\u00f3nio art\u00edstico.<\/p>\n","protected":false},"excerpt":{"rendered":"<p>Porta-chaves de madeira com um design que representa uma cadeira tradicional espanhola junto a uma guitarra. Com cores vibrantes e detalhes pintados \u00e0 m\u00e3o, este porta-chaves destaca-se pelo seu encanto folcl\u00f3rico, captando a ess\u00eancia da cultura espanhola. A cadeira exibe um acabamento em vermelho e azul, enquanto a guitarra, de um amarelo brilhante, adiciona um toque alegre. Um souvenir perfeito que evoca o esp\u00edrito do flamenco e a tradi\u00e7\u00e3o.<\/p>\n","protected":false},"featured_media":10792,"template":"","meta":{"_acf_changed":false},"product_brand":[],"product_cat":[611],"product_tag":[],"class_list":{"0":"post-37551","1":"product","2":"type-product","3":"status-publish","4":"has-post-thumbnail","6":"product_cat-porta-chaves","7":"pa_motivo-cadeiras","9":"first","10":"instock","11":"shipping-taxable","12":"product-type-simple"},"acf":[],"_links":{"self":[{"href":"https:\/\/olemosaic.com\/pt-pt\/wp-json\/wp\/v2\/product\/37551","targetHints":{"allow":["GET"]}}],"collection":[{"href":"https:\/\/olemosaic.com\/pt-pt\/wp-json\/wp\/v2\/product"}],"about":[{"href":"https:\/\/olemosaic.com\/pt-pt\/wp-json\/wp\/v2\/types\/product"}],"wp:featuredmedia":[{"embeddable":true,"href":"https:\/\/olemosaic.com\/pt-pt\/wp-json\/wp\/v2\/media\/10792"}],"wp:attachment":[{"href":"https:\/\/olemosaic.com\/pt-pt\/wp-json\/wp\/v2\/media?parent=37551"}],"wp:term":[{"taxonomy":"product_brand","embeddable":true,"href":"https:\/\/olemosaic.com\/pt-pt\/wp-json\/wp\/v2\/product_brand?post=37551"},{"taxonomy":"product_cat","embeddable":true,"href":"https:\/\/olemosaic.com\/pt-pt\/wp-json\/wp\/v2\/product_cat?post=37551"},{"taxonomy":"product_tag","embeddable":true,"href":"https:\/\/olemosaic.com\/pt-pt\/wp-json\/wp\/v2\/product_tag?post=37551"}],"curies":[{"name":"wp","href":"https:\/\/api.w.org\/{rel}","templated":true}]}}