{"id":37548,"date":"2025-02-20T23:38:15","date_gmt":"2025-02-20T22:38:15","guid":{"rendered":"http:\/\/olemosaic.com\/producto\/llavero-de-madera-toro\/"},"modified":"2025-07-25T20:33:37","modified_gmt":"2025-07-25T18:33:37","slug":"porta-chaves-de-madeira-touro","status":"publish","type":"product","link":"https:\/\/olemosaic.com\/pt-pt\/produto\/porta-chaves-de-madeira-touro\/","title":{"rendered":"Porta-chaves de madeira. Touro. Motivos florais."},"content":{"rendered":"<p>Este porta-chaves de madeira com forma de touro \u00e9 um aut\u00eantico s\u00edmbolo da cultura espanhola, ideal para quem deseja levar um peda\u00e7o de tradi\u00e7\u00e3o consigo. Com um design vibrante, este porta-chaves combina cores vermelhas, azuis e amarelas, inspiradas nos motivos florais da cer\u00e2mica espanhola, criando um acess\u00f3rio chamativo que reflete o rico folclore do pa\u00eds. A forma estilizada do touro, um dos animais mais emblem\u00e1ticos de Espanha, evoca imagens da famosa festa dos touros e a profunda liga\u00e7\u00e3o da cultura espanhola com a terra e a sua hist\u00f3ria.<\/p>\n<p>Os minuciosos detalhes que decoram o porta-chaves real\u00e7am a qualidade artesanal desta recorda\u00e7\u00e3o, tornando-o n\u00e3o s\u00f3 funcional, mas tamb\u00e9m uma pe\u00e7a decorativa que se pode exibir em qualquer lugar. Perfeito para adicionar un toque cultural \u00e0s suas chaves ou mala, este porta-chaves \u00e9 uma excelente op\u00e7\u00e3o para turistas que procuram souvenirs aut\u00eanticos e representativos de Espanha. Na Ol\u00e9 Mosaic, orgulhamo-nos de oferecer produtos que captam a ess\u00eancia da cultura espanhola. Este porta-chaves de touro \u00e9 um imprescind\u00edvel para qualquer loja de recorda\u00e7\u00f5es tur\u00edsticas, tornando-se um artigo de destaque para aqueles que procuram lembran\u00e7as da sua viagem por Espanha. Como grossistas de souvenirs, garantimos que cada produto \u00e9 uma fiel representa\u00e7\u00e3o do patrim\u00f3nio cultural espanhol.<\/p>\n","protected":false},"excerpt":{"rendered":"<p>Porta-chaves de madeira com forma de touro, um s\u00edmbolo ic\u00f3nico da cultura espanhola. Este porta-chaves apresenta um design vibrante, decorado com motivos florais em vermelho, azul e amarelo, que evocam a tradi\u00e7\u00e3o art\u00edstica da cer\u00e2mica espanhola. A sua forma estilizada e os minuciosos detalhes tornam-no um acess\u00f3rio chamativo e representativo do folclore espanhol, ideal para adicionar um toque cultural \u00e0s suas chaves ou mala.<\/p>\n","protected":false},"featured_media":10962,"template":"","meta":{"_acf_changed":false},"product_brand":[],"product_cat":[611],"product_tag":[516],"class_list":{"0":"post-37548","1":"product","2":"type-product","3":"status-publish","4":"has-post-thumbnail","6":"product_cat-porta-chaves","7":"product_tag-animais","8":"pa_motivo-touros","10":"first","11":"instock","12":"shipping-taxable","13":"product-type-simple"},"acf":[],"_links":{"self":[{"href":"https:\/\/olemosaic.com\/pt-pt\/wp-json\/wp\/v2\/product\/37548","targetHints":{"allow":["GET"]}}],"collection":[{"href":"https:\/\/olemosaic.com\/pt-pt\/wp-json\/wp\/v2\/product"}],"about":[{"href":"https:\/\/olemosaic.com\/pt-pt\/wp-json\/wp\/v2\/types\/product"}],"wp:featuredmedia":[{"embeddable":true,"href":"https:\/\/olemosaic.com\/pt-pt\/wp-json\/wp\/v2\/media\/10962"}],"wp:attachment":[{"href":"https:\/\/olemosaic.com\/pt-pt\/wp-json\/wp\/v2\/media?parent=37548"}],"wp:term":[{"taxonomy":"product_brand","embeddable":true,"href":"https:\/\/olemosaic.com\/pt-pt\/wp-json\/wp\/v2\/product_brand?post=37548"},{"taxonomy":"product_cat","embeddable":true,"href":"https:\/\/olemosaic.com\/pt-pt\/wp-json\/wp\/v2\/product_cat?post=37548"},{"taxonomy":"product_tag","embeddable":true,"href":"https:\/\/olemosaic.com\/pt-pt\/wp-json\/wp\/v2\/product_tag?post=37548"}],"curies":[{"name":"wp","href":"https:\/\/api.w.org\/{rel}","templated":true}]}}