{"id":37547,"date":"2025-02-20T23:38:14","date_gmt":"2025-02-20T22:38:14","guid":{"rendered":"http:\/\/olemosaic.com\/producto\/4-bols-de-coco-de-13-x-6-cm-sagrada-familia-barcelona-2\/"},"modified":"2025-07-25T19:01:56","modified_gmt":"2025-07-25T17:01:56","slug":"4-tacas-de-coco-de-13-x-6-cm-sagrada-familia-barcelona-2","status":"publish","type":"product","link":"https:\/\/olemosaic.com\/pt-pt\/produto\/4-tacas-de-coco-de-13-x-6-cm-sagrada-familia-barcelona-2\/","title":{"rendered":"4 Ta\u00e7as de coco de 13 x 6 cm. Mosaico. Sagrada Fam\u00edlia. Barcelona."},"content":{"rendered":"<p>Este conjunto de quatro ta\u00e7as de coco de 13 x 6 cm, decoradas com a ic\u00f3nica Sagrada Fam\u00edlia de Barcelona, \u00e9 uma op\u00e7\u00e3o vibrante e culturalmente rica para quem procura souvenirs representativos da cidade. Cada ta\u00e7a apresenta uma paleta de cores intensas: azul, vermelho, laranja e rosa, que evocam a energia e o brilho da vibrante arquitetura modernista catal\u00e3. O design, impresso no centro de cada ta\u00e7a, destaca a emblem\u00e1tica silhueta da Sagrada Fam\u00edlia, emoldurada por um contorno branco que cria um contraste atraente com as cores brilhantes, quase como um mosaico que recorda as obras de Antoni Gaud\u00ed.<\/p>\n<p>Ideais tanto para servir aperitivos como para se tornarem um elemento decorativo, estas ta\u00e7as evocam o encanto do modernismo barcelon\u00eas e oferecem um toque art\u00edstico a qualquer mesa ou espa\u00e7o. Este souvenir n\u00e3o s\u00f3 se destaca pela sua funcionalidade, mas tamb\u00e9m por ser uma recorda\u00e7\u00e3o das maravilhas que Barcelona oferece, uma cidade conhecida pela sua rica hist\u00f3ria e pela sua arquitetura espetacular.<\/p>\n<p>Na Ol\u00e9 Mosaic, estamos comprometidos com a distribui\u00e7\u00e3o de produtos aut\u00eanticos e de qualidade por grosso. Este conjunto de ta\u00e7as de coco, que celebra uma das maravilhas arquitet\u00f3nicas mais queridas de Espanha, \u00e9 uma excelente op\u00e7\u00e3o para lojas de recorda\u00e7\u00f5es tur\u00edsticas que procuram oferecer lembran\u00e7as \u00fanicas e representativas aos seus clientes. Assim, estas ta\u00e7as tornam-se uma recorda\u00e7\u00e3o significativa da viagem \u00e0 Catalunha, perfeitas para aqueles que desejam levar um pedacinho de Barcelona para casa.<\/p>\n","protected":false},"excerpt":{"rendered":"<p>Conjunto de quatro ta\u00e7as de coco de 13 x 6 cm, decoradas com a ic\u00f3nica Sagrada Fam\u00edlia de Barcelona. Cada ta\u00e7a apresenta uma cor vibrante: azul, vermelho, laranja e rosa, com um acabamento que simula a t\u00e9cnica do mosaico. O design est\u00e1 impresso no centro, mostrando a silhueta da Sagrada Fam\u00edlia, real\u00e7ada por um contorno branco que contrasta com as cores brilhantes. Cada ta\u00e7a \u00e9 ideal para servir aperitivos ou como elemento decorativo, evocando o encanto do modernismo catal\u00e3o.<\/p>\n","protected":false},"featured_media":14135,"template":"","meta":{"_acf_changed":false},"product_brand":[],"product_cat":[513],"product_tag":[],"class_list":{"0":"post-37547","1":"product","2":"type-product","3":"status-publish","4":"has-post-thumbnail","6":"product_cat-bols","7":"pa_ciudad-barcelona","8":"pa_motivo-sagrada-familia","9":"pa_pais-espana","11":"first","12":"instock","13":"shipping-taxable","14":"product-type-simple"},"acf":[],"_links":{"self":[{"href":"https:\/\/olemosaic.com\/pt-pt\/wp-json\/wp\/v2\/product\/37547","targetHints":{"allow":["GET"]}}],"collection":[{"href":"https:\/\/olemosaic.com\/pt-pt\/wp-json\/wp\/v2\/product"}],"about":[{"href":"https:\/\/olemosaic.com\/pt-pt\/wp-json\/wp\/v2\/types\/product"}],"wp:featuredmedia":[{"embeddable":true,"href":"https:\/\/olemosaic.com\/pt-pt\/wp-json\/wp\/v2\/media\/14135"}],"wp:attachment":[{"href":"https:\/\/olemosaic.com\/pt-pt\/wp-json\/wp\/v2\/media?parent=37547"}],"wp:term":[{"taxonomy":"product_brand","embeddable":true,"href":"https:\/\/olemosaic.com\/pt-pt\/wp-json\/wp\/v2\/product_brand?post=37547"},{"taxonomy":"product_cat","embeddable":true,"href":"https:\/\/olemosaic.com\/pt-pt\/wp-json\/wp\/v2\/product_cat?post=37547"},{"taxonomy":"product_tag","embeddable":true,"href":"https:\/\/olemosaic.com\/pt-pt\/wp-json\/wp\/v2\/product_tag?post=37547"}],"curies":[{"name":"wp","href":"https:\/\/api.w.org\/{rel}","templated":true}]}}