{"id":37545,"date":"2025-02-20T23:38:14","date_gmt":"2025-02-20T22:38:14","guid":{"rendered":"http:\/\/olemosaic.com\/producto\/4-bols-de-coco-de-13-x-6-cm-sardina-lisboa-14\/"},"modified":"2025-07-25T18:37:49","modified_gmt":"2025-07-25T16:37:49","slug":"4-tacas-de-coco-de-13-x-6-cm-sardinha-lisboa-14","status":"publish","type":"product","link":"https:\/\/olemosaic.com\/pt-pt\/produto\/4-tacas-de-coco-de-13-x-6-cm-sardinha-lisboa-14\/","title":{"rendered":"4 Ta\u00e7as de coco de 13 x 6 cm. Sardinha. Portugal. Lisboa."},"content":{"rendered":"<p>Descubra o conjunto de 4 ta\u00e7as de coco, uma aut\u00eantica representa\u00e7\u00e3o da cultura mar\u00edtima lisboeta, ideal para os amantes de recorda\u00e7\u00f5es \u00fanicas e coloridas. Cada ta\u00e7a, com um di\u00e2metro de 13 cm e uma altura de 6 cm, exibe um design vibrante decorado com sardinhas, um s\u00edmbolo emblem\u00e1tico da gastronomia e da tradi\u00e7\u00e3o piscat\u00f3ria de Portugal. As ta\u00e7as est\u00e3o dispon\u00edveis em quatro cores alegres e brilhantes: azul, vermelho, laranja e rosa, que capturam a ess\u00eancia vivaz do ambiente mediterr\u00e2neo. A decora\u00e7\u00e3o inclui a palavra &#8220;PORTUGAL&#8221; e detalhes em mosaico, evocando a rica heran\u00e7a art\u00edstica de Lisboa.<\/p>\n<p>Perfeitas para servir aperitivos, estas ta\u00e7as n\u00e3o s\u00e3o apenas funcionais, mas tamb\u00e9m conferem um toque alegre e estilizado a qualquer lar, tornando-se um elemento decorativo ideal. O seu acabamento colorido e a autenticidade que representam fazem destas ta\u00e7as uma excelente op\u00e7\u00e3o para turistas que procuram recorda\u00e7\u00f5es significativas e representativas da sua visita a Portugal. Na Ol\u00e9 Mosaic, como distribuidores de produtos culturais por grosso, garantimos a qualidade e a originalidade em cada pe\u00e7a. Este conjunto de ta\u00e7as de coco \u00e9 a escolha perfeita para lojas de presentes tur\u00edsticos que desejam oferecer recorda\u00e7\u00f5es aut\u00eanticas e de destaque de Lisboa.<\/p>\n","protected":false},"excerpt":{"rendered":"<p>Conjunto de quatro ta\u00e7as de coco, cada uma com 13 cm de di\u00e2metro e 6 cm de altura, decoradas com um design vibrante de sardinhas que representa a cultura mar\u00edtima de Lisboa. Estas ta\u00e7as est\u00e3o dispon\u00edveis em quatro cores brilhantes: azul, vermelho, laranja e rosa, com uma estampagem que inclui a palavra &#8220;PORTUGAL&#8221; e detalhes de mosaico. O seu acabamento colorido e alegre torna-as uma op\u00e7\u00e3o ideal para servir aperitivos ou como elemento decorativo em qualquer lar.<\/p>\n","protected":false},"featured_media":14133,"template":"","meta":{"_acf_changed":false},"product_brand":[],"product_cat":[513],"product_tag":[516],"class_list":{"0":"post-37545","1":"product","2":"type-product","3":"status-publish","4":"has-post-thumbnail","6":"product_cat-bols","7":"product_tag-animais","8":"pa_ciudad-lisboa","9":"pa_motivo-sardinhas","10":"pa_pais-portugal","12":"first","13":"instock","14":"shipping-taxable","15":"product-type-simple"},"acf":[],"_links":{"self":[{"href":"https:\/\/olemosaic.com\/pt-pt\/wp-json\/wp\/v2\/product\/37545","targetHints":{"allow":["GET"]}}],"collection":[{"href":"https:\/\/olemosaic.com\/pt-pt\/wp-json\/wp\/v2\/product"}],"about":[{"href":"https:\/\/olemosaic.com\/pt-pt\/wp-json\/wp\/v2\/types\/product"}],"wp:featuredmedia":[{"embeddable":true,"href":"https:\/\/olemosaic.com\/pt-pt\/wp-json\/wp\/v2\/media\/14133"}],"wp:attachment":[{"href":"https:\/\/olemosaic.com\/pt-pt\/wp-json\/wp\/v2\/media?parent=37545"}],"wp:term":[{"taxonomy":"product_brand","embeddable":true,"href":"https:\/\/olemosaic.com\/pt-pt\/wp-json\/wp\/v2\/product_brand?post=37545"},{"taxonomy":"product_cat","embeddable":true,"href":"https:\/\/olemosaic.com\/pt-pt\/wp-json\/wp\/v2\/product_cat?post=37545"},{"taxonomy":"product_tag","embeddable":true,"href":"https:\/\/olemosaic.com\/pt-pt\/wp-json\/wp\/v2\/product_tag?post=37545"}],"curies":[{"name":"wp","href":"https:\/\/api.w.org\/{rel}","templated":true}]}}