{"id":37543,"date":"2025-02-20T23:38:14","date_gmt":"2025-02-20T22:38:14","guid":{"rendered":"http:\/\/olemosaic.com\/producto\/4-bols-de-coco-de-13-x-6-cm-caballito-de-mar-5\/"},"modified":"2025-07-25T19:28:34","modified_gmt":"2025-07-25T17:28:34","slug":"4-tacas-de-coco-de-13-x-6-cm-cavalo-marinho-5","status":"publish","type":"product","link":"https:\/\/olemosaic.com\/pt-pt\/produto\/4-tacas-de-coco-de-13-x-6-cm-cavalo-marinho-5\/","title":{"rendered":"4 Ta\u00e7as de coco de 13 x 6 cm. Cavalo-marinho. Tons met\u00e1licos."},"content":{"rendered":"<p>Este conjunto de quatro ta\u00e7as de coco decoradas com motivos de cavalos-marinhos \u00e9 uma pe\u00e7a \u00fanica que captura a ess\u00eancia do oceano e a sua biodiversidade. Cada ta\u00e7a, com 13 cm de di\u00e2metro e 6 cm de altura, forma um conjunto harmonioso para servir aperitivos ou como elemento decorativo no lar. As tonalidades vibrantes, que incluem azul, rosa, amarelo e um delicado bordeaux, organizam-se num atraente mosaico que evoca a beleza do mar e das suas criaturas.<\/p>\n<p>Em cada ta\u00e7a, a imagem de um cavalo-marinho \u00e9 real\u00e7ada com detalhes met\u00e1licos, conferindo um toque distintivo e elegante a cada pe\u00e7a. Estas ta\u00e7as n\u00e3o s\u00e3o apenas funcionais, mas tamb\u00e9m representam a rica liga\u00e7\u00e3o cultural com a decora\u00e7\u00e3o costeira e a tradi\u00e7\u00e3o artesanal. S\u00e3o uma bela recorda\u00e7\u00e3o do ambiente de praia e da vida marinha, tornando-as recorda\u00e7\u00f5es ideais para quem deseja levar consigo um peda\u00e7o da cultura mediterr\u00e2nea.<\/p>\n<p>Na Ol\u00e9 Mosaic, somos especialistas na distribui\u00e7\u00e3o por grosso de produtos aut\u00eanticos que refletem a diversidade cultural de Espanha e Portugal. Este conjunto de ta\u00e7as \u00e9 uma excelente op\u00e7\u00e3o para lojas de presentes tur\u00edsticos que procuram recorda\u00e7\u00f5es de qualidade, \u00fanicas e representativas da tradi\u00e7\u00e3o artesanal. Como grossistas de decora\u00e7\u00e3o, garantimos versatilidade e originalidade em cada produto.<\/p>\n","protected":false},"excerpt":{"rendered":"<p>Conjunto de quatro ta\u00e7as de coco de 13 x 6 cm, decoradas com motivos de cavalos-marinhos em diferentes cores. Cada ta\u00e7a apresenta um design \u00fanico, com tonalidades que variam entre azul, rosa, amarelo e transparente, formando um atraente mosaico que evoca a beleza do mar. A imagem de um cavalo-marinho em tons met\u00e1licos adiciona um toque distintivo. Perfeitas para servir aperitivos ou como elementos decorativos em qualquer lar.<\/p>\n","protected":false},"featured_media":14131,"template":"","meta":{"_acf_changed":false},"product_brand":[],"product_cat":[513],"product_tag":[516],"class_list":{"0":"post-37543","1":"product","2":"type-product","3":"status-publish","4":"has-post-thumbnail","6":"product_cat-bols","7":"product_tag-animais","8":"pa_motivo-cavalos-marinhos","10":"first","11":"instock","12":"shipping-taxable","13":"product-type-simple"},"acf":[],"_links":{"self":[{"href":"https:\/\/olemosaic.com\/pt-pt\/wp-json\/wp\/v2\/product\/37543","targetHints":{"allow":["GET"]}}],"collection":[{"href":"https:\/\/olemosaic.com\/pt-pt\/wp-json\/wp\/v2\/product"}],"about":[{"href":"https:\/\/olemosaic.com\/pt-pt\/wp-json\/wp\/v2\/types\/product"}],"wp:featuredmedia":[{"embeddable":true,"href":"https:\/\/olemosaic.com\/pt-pt\/wp-json\/wp\/v2\/media\/14131"}],"wp:attachment":[{"href":"https:\/\/olemosaic.com\/pt-pt\/wp-json\/wp\/v2\/media?parent=37543"}],"wp:term":[{"taxonomy":"product_brand","embeddable":true,"href":"https:\/\/olemosaic.com\/pt-pt\/wp-json\/wp\/v2\/product_brand?post=37543"},{"taxonomy":"product_cat","embeddable":true,"href":"https:\/\/olemosaic.com\/pt-pt\/wp-json\/wp\/v2\/product_cat?post=37543"},{"taxonomy":"product_tag","embeddable":true,"href":"https:\/\/olemosaic.com\/pt-pt\/wp-json\/wp\/v2\/product_tag?post=37543"}],"curies":[{"name":"wp","href":"https:\/\/api.w.org\/{rel}","templated":true}]}}