{"id":37541,"date":"2025-02-20T23:38:13","date_gmt":"2025-02-20T22:38:13","guid":{"rendered":"http:\/\/olemosaic.com\/producto\/iman-de-resina-salamandra-y-flores-barcelona-2\/"},"modified":"2025-07-25T19:17:39","modified_gmt":"2025-07-25T17:17:39","slug":"iman-de-resina-salamandra-e-flores-barcelona-2","status":"publish","type":"product","link":"https:\/\/olemosaic.com\/pt-pt\/produto\/iman-de-resina-salamandra-e-flores-barcelona-2\/","title":{"rendered":"\u00cdman de resina. Salamandra e flores de Gaud\u00ed. Barcelona."},"content":{"rendered":"<p>Este \u00edman de resina vibrante \u00e9 uma representa\u00e7\u00e3o requintada de Barcelona, ideal para quem procura uma recorda\u00e7\u00e3o aut\u00eantica da cidade. Concebido com duas coloridas salamandras num ambiente exuberante de flores, este \u00edman capta a ess\u00eancia art\u00edstica da arquitetura modernista da capital catal\u00e3, evocando a t\u00e9cnica de mosaico que caracteriza a obra de Antoni Gaud\u00ed. O seu acabamento brilhante e as suas tonalidades chamativas, com detalhes em vermelho, azul e verde nas salamandras que se complementam na perfei\u00e7\u00e3o com os motivos florais que emolduram a pe\u00e7a, atrair\u00e3o todos os olhares e criar\u00e3o um design vivo e alegre.<\/p>\n<p>O texto impresso em cor &#8220;Barcelona&#8221; na parte inferior confere um toque final din\u00e2mico e sublinha a liga\u00e7\u00e3o cultural do produto com a cidade. Este \u00edman representa muito mais do que uma simples recorda\u00e7\u00e3o: \u00e9 um pequeno fragmento da rica heran\u00e7a art\u00edstica e da vitalidade de Barcelona, o que o torna um excelente souvenir para turistas e visitantes.<\/p>\n<p>Na Ol\u00e9 Mosaic, especializamo-nos na distribui\u00e7\u00e3o de souvenirs \u00fanicos por grosso, e este \u00edman de resina \u00e9 uma op\u00e7\u00e3o perfeita para lojas de presentes tur\u00edsticos que desejem oferecer produtos que celebrem a autenticidade e o esp\u00edrito cultural de Barcelona. Ao escolher este \u00edman, os turistas n\u00e3o s\u00f3 levam um objeto decorativo, como tamb\u00e9m um peda\u00e7o da hist\u00f3ria e da arte catal\u00e3, ideal para recordar a sua visita a esta vibrante cidade.<\/p>\n","protected":false},"excerpt":{"rendered":"<p>\u00cdman vibrante que representa duas salamandras rodeadas de um banquete de flores, inspirado na colorida arquitetura de Barcelona. Este design atraente, com um texto impresso em tons multicoloridos que diz &#8220;Barcelona&#8221;, destaca-se pelo seu acabamento brilhante e pela sua t\u00e9cnica de mosaico, que evoca a ess\u00eancia art\u00edstica de Gaud\u00ed. As cores vivas das flores contrastam com as salamandras, criando um souvenir perfeito que captura a alegria e o esp\u00edrito da cidade.<\/p>\n","protected":false},"featured_media":14129,"template":"","meta":{"_acf_changed":false},"product_brand":[],"product_cat":[699],"product_tag":[516],"class_list":{"0":"post-37541","1":"product","2":"type-product","3":"status-publish","4":"has-post-thumbnail","6":"product_cat-imanes","7":"product_tag-animais","8":"pa_ciudad-barcelona","9":"pa_motivo-salamandras","10":"pa_pais-espana","12":"first","13":"instock","14":"shipping-taxable","15":"product-type-simple"},"acf":[],"_links":{"self":[{"href":"https:\/\/olemosaic.com\/pt-pt\/wp-json\/wp\/v2\/product\/37541","targetHints":{"allow":["GET"]}}],"collection":[{"href":"https:\/\/olemosaic.com\/pt-pt\/wp-json\/wp\/v2\/product"}],"about":[{"href":"https:\/\/olemosaic.com\/pt-pt\/wp-json\/wp\/v2\/types\/product"}],"wp:featuredmedia":[{"embeddable":true,"href":"https:\/\/olemosaic.com\/pt-pt\/wp-json\/wp\/v2\/media\/14129"}],"wp:attachment":[{"href":"https:\/\/olemosaic.com\/pt-pt\/wp-json\/wp\/v2\/media?parent=37541"}],"wp:term":[{"taxonomy":"product_brand","embeddable":true,"href":"https:\/\/olemosaic.com\/pt-pt\/wp-json\/wp\/v2\/product_brand?post=37541"},{"taxonomy":"product_cat","embeddable":true,"href":"https:\/\/olemosaic.com\/pt-pt\/wp-json\/wp\/v2\/product_cat?post=37541"},{"taxonomy":"product_tag","embeddable":true,"href":"https:\/\/olemosaic.com\/pt-pt\/wp-json\/wp\/v2\/product_tag?post=37541"}],"curies":[{"name":"wp","href":"https:\/\/api.w.org\/{rel}","templated":true}]}}